{"id":676,"date":"2025-02-21T12:50:00","date_gmt":"2025-02-21T12:50:00","guid":{"rendered":"https:\/\/www.tourismslovenia.eu\/?page_id=676"},"modified":"2025-12-14T17:50:44","modified_gmt":"2025-12-14T17:50:44","slug":"piran","status":"publish","type":"page","link":"https:\/\/www.tourismslovenia.eu\/sl\/piran\/","title":{"rendered":"Piran pe\u0161poti in degustacija hrane"},"content":{"rendered":"<div data-elementor-type=\"wp-post\" data-elementor-id=\"676\" class=\"elementor elementor-676\" data-elementor-post-type=\"page\">\n\t\t\t\t<div class=\"elementor-element elementor-element-n0XIvgau e-con-full   e-flex e-con e-parent\" data-id=\"n0XIvgau\" data-element_type=\"container\" data-settings=\"{&quot;background_background&quot;:&quot;classic&quot;}\">\n\t\t\t\t<div class=\"elementor-element elementor-element-8QW8zLtR elementor-widget__width-inherit elementor-widget-mobile__width-inherit   elementor-widget elementor-widget-heading\" data-id=\"8QW8zLtR\" data-element_type=\"widget\" data-widget_type=\"heading.default\">\n\t\t\t\t<div class=\"elementor-widget-container\">\n\t\t\t<h1 class=\"elementor-heading-title elementor-size-default\">Izku\u0161nja Piran pe\u0161poti z degustacijami<\/h1>\t\t<\/div>\n\t\t\t\t<\/div>\n\t\t\t\t<div class=\"elementor-element elementor-element-FgMWP9vk elementor-widget__width-inherit elementor-widget-mobile__width-inherit   elementor-widget elementor-widget-text-editor\" data-id=\"FgMWP9vk\" data-element_type=\"widget\" data-widget_type=\"text-editor.default\">\n\t\t\t\t<div class=\"elementor-widget-container\">\n\t\t\t\t\t\t\t<p>Va\u0161a popolna avantura ob slovenski obali<\/p>\t\t\t\t\t\t<\/div>\n\t\t\t\t<\/div>\n\t\t\t\t<\/div>\n\t\t<div class=\"elementor-element elementor-element-3dDJdT3y   e-flex e-con-boxed e-con e-parent\" data-id=\"3dDJdT3y\" data-element_type=\"container\">\n\t\t\t\t\t<div class=\"e-con-inner\">\n\t\t\t\t<div class=\"elementor-element elementor-element-1f7af79 elementor-widget__width-initial elementor-widget elementor-widget-text-editor\" data-id=\"1f7af79\" data-element_type=\"widget\" data-widget_type=\"text-editor.default\">\n\t\t\t\t<div class=\"elementor-widget-container\">\n\t\t\t\t\t\t\t<p>Vabimo vas na edinstvene izku\u0161nje, kjer se zdru\u017eijo \u010dar obalnih mest, osupljivi razgledi in avtenti\u010dna istrska kuhinja. Na\u0161i buti\u010dni ogledi vam omogo\u010dajo, da odkrijete skrite koti\u010dke <strong>Piran, Portoro\u017e, Se\u010da, Lucija, Strunjan in Fiesa.<\/strong> ob tem, ko u\u017eivate v okusih lokalnih dobrot.<\/p>\t\t\t\t\t\t<\/div>\n\t\t\t\t<\/div>\n\t\t\t\t\t<\/div>\n\t\t\t\t<\/div>\n\t\t<div class=\"elementor-element elementor-element-0490b44   e-flex e-con-boxed e-con e-parent\" data-id=\"0490b44\" data-element_type=\"container\">\n\t\t\t\t\t<div class=\"e-con-inner\">\n\t\t\t\t<div class=\"elementor-element elementor-element-a230217 elementor-widget__width-inherit elementor-widget-mobile__width-inherit   elementor-widget elementor-widget-heading\" data-id=\"a230217\" data-element_type=\"widget\" data-widget_type=\"heading.default\">\n\t\t\t\t<div class=\"elementor-widget-container\">\n\t\t\t<h2 class=\"elementor-heading-title elementor-size-default\">Izbirate lahko med:<\/h2>\t\t<\/div>\n\t\t\t\t<\/div>\n\t\t<div class=\"elementor-element elementor-element-0585a77   e-con-full e-flex e-con e-child\" data-id=\"0585a77\" data-element_type=\"container\">\n\t\t\t\t<div class=\"elementor-element elementor-element-2c7a171 elementor-widget__width-initial elementor-widget-mobile__width-inherit   elementor-position-top elementor-widget elementor-widget-image-box\" data-id=\"2c7a171\" data-element_type=\"widget\" data-widget_type=\"image-box.default\">\n\t\t\t\t<div class=\"elementor-widget-container\">\n\t\t\t<div class=\"elementor-image-box-wrapper\"><figure class=\"elementor-image-box-img\"><a href=\"https:\/\/www.tourismslovenia.eu\/sl\/piran-pespoti-in-degustacija-hrane\/panoramski-razgledi-na-srednjeveski-piran\/\" tabindex=\"-1\"><img fetchpriority=\"high\" decoding=\"async\" width=\"2560\" height=\"1920\" src=\"https:\/\/www.tourismslovenia.eu\/wp-content\/uploads\/2025\/02\/1-3piran-panorama-scaled-2.jpg\" class=\"attachment-full size-full wp-image-823\" alt=\"\" srcset=\"https:\/\/www.tourismslovenia.eu\/wp-content\/uploads\/2025\/02\/1-3piran-panorama-scaled-2.jpg 2560w, https:\/\/www.tourismslovenia.eu\/wp-content\/uploads\/2025\/02\/1-3piran-panorama-scaled-2-300x225.jpg 300w, https:\/\/www.tourismslovenia.eu\/wp-content\/uploads\/2025\/02\/1-3piran-panorama-scaled-2-1024x768.jpg 1024w, https:\/\/www.tourismslovenia.eu\/wp-content\/uploads\/2025\/02\/1-3piran-panorama-scaled-2-768x576.jpg 768w, https:\/\/www.tourismslovenia.eu\/wp-content\/uploads\/2025\/02\/1-3piran-panorama-scaled-2-1536x1152.jpg 1536w, https:\/\/www.tourismslovenia.eu\/wp-content\/uploads\/2025\/02\/1-3piran-panorama-scaled-2-2048x1536.jpg 2048w, https:\/\/www.tourismslovenia.eu\/wp-content\/uploads\/2025\/02\/1-3piran-panorama-scaled-2-600x450.jpg 600w\" sizes=\"(max-width: 2560px) 100vw, 2560px\" \/><\/a><\/figure><div class=\"elementor-image-box-content\"><h3 class=\"elementor-image-box-title\"><a href=\"https:\/\/www.tourismslovenia.eu\/sl\/piran-pespoti-in-degustacija-hrane\/panoramski-razgledi-na-srednjeveski-piran\/\">Panoramski razgledi na srednjeve\u0161ki Piran<\/a><\/h3><p class=\"elementor-image-box-description\">Ena edinstvena tura po Piranu raziskuje skrite razglede, slikovite obalne poti in zgodovinske trge, ki se kon\u010da z morskimi dobrotami, istrsko glasbo in plesno igro v Pirat Piran.\n<br>\n<a href=\"\/sl\/panoramski-razgledi-na-srednjeveski-piran\/\" class=\"custom-button\">Preberite ve\u010d &gt;<\/a>\n<\/p><\/div><\/div>\t\t<\/div>\n\t\t\t\t<\/div>\n\t\t\t\t<div class=\"elementor-element elementor-element-b9a5792 elementor-widget__width-initial elementor-widget-mobile__width-inherit   elementor-position-top elementor-widget elementor-widget-image-box\" data-id=\"b9a5792\" data-element_type=\"widget\" data-widget_type=\"image-box.default\">\n\t\t\t\t<div class=\"elementor-widget-container\">\n\t\t\t<div class=\"elementor-image-box-wrapper\"><figure class=\"elementor-image-box-img\"><a href=\"https:\/\/www.tourismslovenia.eu\/sl\/piran-pespoti-in-degustacija-hrane\/objem-sentjana-nad-portorozem\/\" tabindex=\"-1\"><img decoding=\"async\" width=\"2283\" height=\"1707\" src=\"https:\/\/www.tourismslovenia.eu\/wp-content\/uploads\/2025\/02\/2-3sentjane-scaled-1-e1740436251825.jpg\" class=\"attachment-full size-full wp-image-731\" alt=\"\" srcset=\"https:\/\/www.tourismslovenia.eu\/wp-content\/uploads\/2025\/02\/2-3sentjane-scaled-1-e1740436251825.jpg 2283w, https:\/\/www.tourismslovenia.eu\/wp-content\/uploads\/2025\/02\/2-3sentjane-scaled-1-e1740436251825-300x224.jpg 300w, https:\/\/www.tourismslovenia.eu\/wp-content\/uploads\/2025\/02\/2-3sentjane-scaled-1-e1740436251825-1024x766.jpg 1024w, https:\/\/www.tourismslovenia.eu\/wp-content\/uploads\/2025\/02\/2-3sentjane-scaled-1-e1740436251825-768x574.jpg 768w, https:\/\/www.tourismslovenia.eu\/wp-content\/uploads\/2025\/02\/2-3sentjane-scaled-1-e1740436251825-1536x1148.jpg 1536w, https:\/\/www.tourismslovenia.eu\/wp-content\/uploads\/2025\/02\/2-3sentjane-scaled-1-e1740436251825-2048x1531.jpg 2048w, https:\/\/www.tourismslovenia.eu\/wp-content\/uploads\/2025\/02\/2-3sentjane-scaled-1-e1740436251825-600x449.jpg 600w\" sizes=\"(max-width: 2283px) 100vw, 2283px\" \/><\/a><\/figure><div class=\"elementor-image-box-content\"><h3 class=\"elementor-image-box-title\"><a href=\"https:\/\/www.tourismslovenia.eu\/sl\/piran-pespoti-in-degustacija-hrane\/objem-sentjana-nad-portorozem\/\">Objem \u0160entjana nad Portoro\u017eem<\/a><\/h3><p class=\"elementor-image-box-description\">Kraji\u0161\u010dka sprehod iz Portoro\u017ea do \u0160entjana ponuja osupljive obalne razglede, slepo degustacijo vina na kmetiji Bubola in igro ugibanja minestrone juhe v restavraciji Boem.<br>\n<a href=\"\/sl\/objem-sentjana-nad-portorozem\/\" class=\"custom-button\">Preberite ve\u010d &gt;<\/a><\/p><\/div><\/div>\t\t<\/div>\n\t\t\t\t<\/div>\n\t\t\t\t<div class=\"elementor-element elementor-element-1a4aa91 elementor-widget__width-initial elementor-widget-mobile__width-inherit   elementor-position-top elementor-widget elementor-widget-image-box\" data-id=\"1a4aa91\" data-element_type=\"widget\" data-widget_type=\"image-box.default\">\n\t\t\t\t<div class=\"elementor-widget-container\">\n\t\t\t<div class=\"elementor-image-box-wrapper\"><figure class=\"elementor-image-box-img\"><a href=\"https:\/\/www.tourismslovenia.eu\/sl\/piran-pespoti-in-degustacija-hrane\/skrivnosti-sece-in-solin\/\" tabindex=\"-1\"><img decoding=\"async\" width=\"2560\" height=\"1920\" src=\"https:\/\/www.tourismslovenia.eu\/wp-content\/uploads\/2025\/02\/3-7seca-razgled-soline-scaled-1.jpg\" class=\"attachment-full size-full wp-image-732\" alt=\"\" srcset=\"https:\/\/www.tourismslovenia.eu\/wp-content\/uploads\/2025\/02\/3-7seca-razgled-soline-scaled-1.jpg 2560w, https:\/\/www.tourismslovenia.eu\/wp-content\/uploads\/2025\/02\/3-7seca-razgled-soline-scaled-1-300x225.jpg 300w, https:\/\/www.tourismslovenia.eu\/wp-content\/uploads\/2025\/02\/3-7seca-razgled-soline-scaled-1-1024x768.jpg 1024w, https:\/\/www.tourismslovenia.eu\/wp-content\/uploads\/2025\/02\/3-7seca-razgled-soline-scaled-1-768x576.jpg 768w, https:\/\/www.tourismslovenia.eu\/wp-content\/uploads\/2025\/02\/3-7seca-razgled-soline-scaled-1-1536x1152.jpg 1536w, https:\/\/www.tourismslovenia.eu\/wp-content\/uploads\/2025\/02\/3-7seca-razgled-soline-scaled-1-2048x1536.jpg 2048w, https:\/\/www.tourismslovenia.eu\/wp-content\/uploads\/2025\/02\/3-7seca-razgled-soline-scaled-1-600x450.jpg 600w\" sizes=\"(max-width: 2560px) 100vw, 2560px\" \/><\/a><\/figure><div class=\"elementor-image-box-content\"><h3 class=\"elementor-image-box-title\"><a href=\"https:\/\/www.tourismslovenia.eu\/sl\/piran-pespoti-in-degustacija-hrane\/skrivnosti-sece-in-solin\/\">Skrivnosti Se\u010de in solin<\/a><\/h3><p class=\"elementor-image-box-description\">Slikoviti sprehod po Se\u010di vklju\u010duje razstavo kaktusov, kamnite skulpture in prakti\u010dno izku\u0161njo pridelave soli. Pot se zaklju\u010di z degustacijo olj\u010dnega olja na kmetiji Gramona.<br>\n<a href=\"\/sl\/skrivnosti-sece-in-solin\/\" class=\"custom-button\">Preberite ve\u010d &gt;<\/a><\/p><\/div><\/div>\t\t<\/div>\n\t\t\t\t<\/div>\n\t\t\t\t<\/div>\n\t\t<div class=\"elementor-element elementor-element-23d1b70   e-con-full e-flex e-con e-child\" data-id=\"23d1b70\" data-element_type=\"container\">\n\t\t\t\t<div class=\"elementor-element elementor-element-f366799 elementor-widget__width-initial elementor-widget-mobile__width-inherit   elementor-position-top elementor-widget elementor-widget-image-box\" data-id=\"f366799\" data-element_type=\"widget\" data-widget_type=\"image-box.default\">\n\t\t\t\t<div class=\"elementor-widget-container\">\n\t\t\t<div class=\"elementor-image-box-wrapper\"><figure class=\"elementor-image-box-img\"><a href=\"https:\/\/www.tourismslovenia.eu\/sl\/piran-pespoti-in-degustacija-hrane\/nad-lucijo-cez-lucan\/\" tabindex=\"-1\"><img loading=\"lazy\" decoding=\"async\" width=\"2560\" height=\"1920\" src=\"https:\/\/www.tourismslovenia.eu\/wp-content\/uploads\/2025\/02\/4-3lucan-pogled-stjuza-scaled-1.jpg\" class=\"attachment-full size-full wp-image-733\" alt=\"\" srcset=\"https:\/\/www.tourismslovenia.eu\/wp-content\/uploads\/2025\/02\/4-3lucan-pogled-stjuza-scaled-1.jpg 2560w, https:\/\/www.tourismslovenia.eu\/wp-content\/uploads\/2025\/02\/4-3lucan-pogled-stjuza-scaled-1-300x225.jpg 300w, https:\/\/www.tourismslovenia.eu\/wp-content\/uploads\/2025\/02\/4-3lucan-pogled-stjuza-scaled-1-1024x768.jpg 1024w, https:\/\/www.tourismslovenia.eu\/wp-content\/uploads\/2025\/02\/4-3lucan-pogled-stjuza-scaled-1-768x576.jpg 768w, https:\/\/www.tourismslovenia.eu\/wp-content\/uploads\/2025\/02\/4-3lucan-pogled-stjuza-scaled-1-1536x1152.jpg 1536w, https:\/\/www.tourismslovenia.eu\/wp-content\/uploads\/2025\/02\/4-3lucan-pogled-stjuza-scaled-1-2048x1536.jpg 2048w, https:\/\/www.tourismslovenia.eu\/wp-content\/uploads\/2025\/02\/4-3lucan-pogled-stjuza-scaled-1-600x450.jpg 600w\" sizes=\"(max-width: 2560px) 100vw, 2560px\" \/><\/a><\/figure><div class=\"elementor-image-box-content\"><h3 class=\"elementor-image-box-title\"><a href=\"https:\/\/www.tourismslovenia.eu\/sl\/piran-pespoti-in-degustacija-hrane\/nad-lucijo-cez-lucan\/\">Nad Lucijo, \u010dez Lucan<\/a><\/h3><p class=\"elementor-image-box-description\">Scenski sprehod od Portoro\u017ea do Strunjana ponuja osupljive razglede, istrijski zajtrk in lokalne zgodbe. Potovanje se zaklju\u010di z kvizom in povratkom po Parenzani.<br>\n<a href=\"\/sl\/nad-lucijo-cez-lucan\/\" class=\"custom-button\">Preberite ve\u010d &gt;<\/a><\/p><\/div><\/div>\t\t<\/div>\n\t\t\t\t<\/div>\n\t\t\t\t<div class=\"elementor-element elementor-element-a19598e elementor-widget__width-initial elementor-widget-mobile__width-inherit   elementor-position-top elementor-widget elementor-widget-image-box\" data-id=\"a19598e\" data-element_type=\"widget\" data-widget_type=\"image-box.default\">\n\t\t\t\t<div class=\"elementor-widget-container\">\n\t\t\t<div class=\"elementor-image-box-wrapper\"><figure class=\"elementor-image-box-img\"><a href=\"https:\/\/www.tourismslovenia.eu\/sl\/piran-pespoti-in-degustacija-hrane\/lepota-narave-strunjana\/\" tabindex=\"-1\"><img loading=\"lazy\" decoding=\"async\" width=\"2283\" height=\"1707\" src=\"https:\/\/www.tourismslovenia.eu\/wp-content\/uploads\/2025\/02\/5-3strunjan-mesecev-zaliv-scaled-1-e1740435330179.jpg\" class=\"attachment-full size-full wp-image-734\" alt=\"\" srcset=\"https:\/\/www.tourismslovenia.eu\/wp-content\/uploads\/2025\/02\/5-3strunjan-mesecev-zaliv-scaled-1-e1740435330179.jpg 2283w, https:\/\/www.tourismslovenia.eu\/wp-content\/uploads\/2025\/02\/5-3strunjan-mesecev-zaliv-scaled-1-e1740435330179-300x224.jpg 300w, https:\/\/www.tourismslovenia.eu\/wp-content\/uploads\/2025\/02\/5-3strunjan-mesecev-zaliv-scaled-1-e1740435330179-1024x766.jpg 1024w, https:\/\/www.tourismslovenia.eu\/wp-content\/uploads\/2025\/02\/5-3strunjan-mesecev-zaliv-scaled-1-e1740435330179-768x574.jpg 768w, https:\/\/www.tourismslovenia.eu\/wp-content\/uploads\/2025\/02\/5-3strunjan-mesecev-zaliv-scaled-1-e1740435330179-1536x1148.jpg 1536w, https:\/\/www.tourismslovenia.eu\/wp-content\/uploads\/2025\/02\/5-3strunjan-mesecev-zaliv-scaled-1-e1740435330179-2048x1531.jpg 2048w, https:\/\/www.tourismslovenia.eu\/wp-content\/uploads\/2025\/02\/5-3strunjan-mesecev-zaliv-scaled-1-e1740435330179-600x449.jpg 600w\" sizes=\"(max-width: 2283px) 100vw, 2283px\" \/><\/a><\/figure><div class=\"elementor-image-box-content\"><h3 class=\"elementor-image-box-title\"><a href=\"https:\/\/www.tourismslovenia.eu\/sl\/piran-pespoti-in-degustacija-hrane\/lepota-narave-strunjana\/\">Lepota narave Strunjana<\/a><\/h3><p class=\"elementor-image-box-description\">Pohod skozi Strunjanske soline, klife in panoramske razglede vodi do kuharskega delavnice na kmetiji Knez, kjer gostje pripravijo in u\u017eivajo istrske fu\u017ee s tartufi.\n<br>\n<a href=\"\/sl\/lepota-narave-strunjana\/\" class=\"custom-button\">Preberite ve\u010d &gt;<\/a><\/p><\/div><\/div>\t\t<\/div>\n\t\t\t\t<\/div>\n\t\t\t\t<div class=\"elementor-element elementor-element-a7bff7e elementor-widget__width-initial elementor-widget-mobile__width-inherit   elementor-position-top elementor-widget elementor-widget-image-box\" data-id=\"a7bff7e\" data-element_type=\"widget\" data-widget_type=\"image-box.default\">\n\t\t\t\t<div class=\"elementor-widget-container\">\n\t\t\t<div class=\"elementor-image-box-wrapper\"><figure class=\"elementor-image-box-img\"><a href=\"https:\/\/www.tourismslovenia.eu\/sl\/piran-pespoti-in-degustacija-hrane\/med-zalivi-do-fiesinega-jezera\/\" tabindex=\"-1\"><img loading=\"lazy\" decoding=\"async\" width=\"2560\" height=\"1872\" src=\"https:\/\/www.tourismslovenia.eu\/wp-content\/uploads\/2025\/02\/6-5fiesa-jezero-scaled-1.jpg\" class=\"attachment-full size-full wp-image-739\" alt=\"\" srcset=\"https:\/\/www.tourismslovenia.eu\/wp-content\/uploads\/2025\/02\/6-5fiesa-jezero-scaled-1.jpg 2560w, https:\/\/www.tourismslovenia.eu\/wp-content\/uploads\/2025\/02\/6-5fiesa-jezero-scaled-1-300x219.jpg 300w, https:\/\/www.tourismslovenia.eu\/wp-content\/uploads\/2025\/02\/6-5fiesa-jezero-scaled-1-1024x749.jpg 1024w, https:\/\/www.tourismslovenia.eu\/wp-content\/uploads\/2025\/02\/6-5fiesa-jezero-scaled-1-768x562.jpg 768w, https:\/\/www.tourismslovenia.eu\/wp-content\/uploads\/2025\/02\/6-5fiesa-jezero-scaled-1-1536x1123.jpg 1536w, https:\/\/www.tourismslovenia.eu\/wp-content\/uploads\/2025\/02\/6-5fiesa-jezero-scaled-1-2048x1498.jpg 2048w, https:\/\/www.tourismslovenia.eu\/wp-content\/uploads\/2025\/02\/6-5fiesa-jezero-scaled-1-600x439.jpg 600w\" sizes=\"(max-width: 2560px) 100vw, 2560px\" \/><\/a><\/figure><div class=\"elementor-image-box-content\"><h3 class=\"elementor-image-box-title\"><a href=\"https:\/\/www.tourismslovenia.eu\/sl\/piran-pespoti-in-degustacija-hrane\/med-zalivi-do-fiesinega-jezera\/\">Med zalivoma do jezera Fiesa<\/a><\/h3><p class=\"elementor-image-box-description\">Scenski sprehod od Portoro\u017ea do Strunjana vklju\u010duje meditacijo, obmorske razglede in obisk kmetije z lokalnimi dobrotami. Potovanje se zaklju\u010di ob zgodovinski \u017eelezni\u0161ki poti Parenzana.\n<br>\n<a href=\"https:\/\/www.tourismslovenia.eu\/sl\/piran-pespoti-in-degustacija-hrane\/med-zalivi-do-fiesinega-jezera\/\" class=\"custom-button\">Preberite ve\u010d &gt;<\/a><\/p><\/div><\/div>\t\t<\/div>\n\t\t\t\t<\/div>\n\t\t\t\t<\/div>\n\t\t<div class=\"elementor-element elementor-element-3a0d735   e-con-full e-flex e-con e-child\" data-id=\"3a0d735\" data-element_type=\"container\" data-settings=\"{&quot;background_background&quot;:&quot;classic&quot;}\">\n\t\t\t\t<div class=\"elementor-element elementor-element-ada2582 elementor-widget__width-initial elementor-widget-mobile__width-inherit   elementor-widget elementor-widget-heading\" data-id=\"ada2582\" data-element_type=\"widget\" data-widget_type=\"heading.default\">\n\t\t\t\t<div class=\"elementor-widget-container\">\n\t\t\t<h2 class=\"elementor-heading-title elementor-size-default\">Kaj naredi na\u0161e gurmanske pohodni\u0161ke ture posebne?<\/h2>\t\t<\/div>\n\t\t\t\t<\/div>\n\t\t\t\t<div class=\"elementor-element elementor-element-2665dd6 elementor-widget__width-initial elementor-widget elementor-widget-text-editor\" data-id=\"2665dd6\" data-element_type=\"widget\" data-widget_type=\"text-editor.default\">\n\t\t\t\t<div class=\"elementor-widget-container\">\n\t\t\t\t\t\t\t<p>\u2022 <strong data-start=\"42\" data-end=\"61\">Strokovno vodenje<\/strong>Izku\u0161eni lokalni vodi\u010di vas bodo popeljali skozi zgodbe in legende obmorskih mest.<br data-start=\"151\" data-end=\"154\" \/>\u2022 <strong data-start=\"156\" data-end=\"174\">Spro\u0161\u010dujo\u010di sprehodi<\/strong>Enostavne poti, primerne za vse starosti, dolge od 7 do 9 km, trajajo pribli\u017eno 4 ure (10:00 \u2013 14:00).<br data-start=\"281\" data-end=\"284\" \/>\u2022 <strong data-start=\"286\" data-end=\"308\">Osupljivi razgledi<\/strong>U\u017eivajte v panoramskih pogledih na izjemne naravne in kulturne pokrajine.<br data-start=\"382\" data-end=\"385\" \/>\u2022 <strong data-start=\"387\" data-end=\"411\">Kulturne izku\u0161nje<\/strong>Odkrijte bogato dedi\u0161\u010dino in tradicije lokalnega prebivalstva.<br data-start=\"479\" data-end=\"482\" \/>\u2022 <strong data-start=\"484\" data-end=\"504\">Gurmanske degustacije<\/strong>: Vsaka pot vklju\u010duje degustacijo avtenti\u010dnih lokalnih specialitet.<\/p>\t\t\t\t\t\t<\/div>\n\t\t\t\t<\/div>\n\t\t\t\t<\/div>\n\t\t\t\t\t<\/div>\n\t\t\t\t<\/div>\n\t\t\t\t<\/div>","protected":false},"excerpt":{"rendered":"<p>Experience Piran Walking Trails with Tastings Your Perfect Adventure Along the Slovenian Coast We invite you to unique experiences where the charm of coastal towns, breathtaking views, and authentic Istrian cuisine come together. Our boutique tours allow you to discover the hidden corners of Piran, Portoro\u017e, Se\u010da, Lucija, Strunjan, and Fiesa while enjoying the flavors [&hellip;]<\/p>","protected":false},"author":3,"featured_media":0,"parent":0,"menu_order":0,"comment_status":"closed","ping_status":"closed","template":"elementor_header_footer","meta":{"footnotes":""},"class_list":["post-676","page","type-page","status-publish","hentry"],"_links":{"self":[{"href":"https:\/\/www.tourismslovenia.eu\/sl\/wp-json\/wp\/v2\/pages\/676","targetHints":{"allow":["GET"]}}],"collection":[{"href":"https:\/\/www.tourismslovenia.eu\/sl\/wp-json\/wp\/v2\/pages"}],"about":[{"href":"https:\/\/www.tourismslovenia.eu\/sl\/wp-json\/wp\/v2\/types\/page"}],"author":[{"embeddable":true,"href":"https:\/\/www.tourismslovenia.eu\/sl\/wp-json\/wp\/v2\/users\/3"}],"replies":[{"embeddable":true,"href":"https:\/\/www.tourismslovenia.eu\/sl\/wp-json\/wp\/v2\/comments?post=676"}],"version-history":[{"count":133,"href":"https:\/\/www.tourismslovenia.eu\/sl\/wp-json\/wp\/v2\/pages\/676\/revisions"}],"predecessor-version":[{"id":3383,"href":"https:\/\/www.tourismslovenia.eu\/sl\/wp-json\/wp\/v2\/pages\/676\/revisions\/3383"}],"wp:attachment":[{"href":"https:\/\/www.tourismslovenia.eu\/sl\/wp-json\/wp\/v2\/media?parent=676"}],"curies":[{"name":"wp","href":"https:\/\/api.w.org\/{rel}","templated":true}]}}