{"id":3609,"date":"2026-03-12T18:06:31","date_gmt":"2026-03-12T18:06:31","guid":{"rendered":"https:\/\/www.tourismslovenia.eu\/?page_id=3609"},"modified":"2026-03-12T18:26:58","modified_gmt":"2026-03-12T18:26:58","slug":"posebna-dozivetja-slovenske-istre","status":"publish","type":"page","link":"https:\/\/www.tourismslovenia.eu\/sl\/posebna-dozivetja-slovenske-istre\/","title":{"rendered":"Posebna do\u017eivetja Slovenske Istre"},"content":{"rendered":"<div data-elementor-type=\"wp-post\" data-elementor-id=\"3609\" class=\"elementor elementor-3609\" data-elementor-post-type=\"page\">\n\t\t\t\t<div class=\"elementor-element elementor-element-hYCoiXvw e-con-full   e-flex e-con e-parent\" data-id=\"hYCoiXvw\" data-element_type=\"container\">\n\t\t<div class=\"elementor-element elementor-element-B6Stzjy6   e-flex e-con-boxed e-con e-child\" data-id=\"B6Stzjy6\" data-element_type=\"container\" data-settings=\"{&quot;background_background&quot;:&quot;classic&quot;}\">\n\t\t\t\t\t<div class=\"e-con-inner\">\n\t\t\t\t<div class=\"elementor-element elementor-element-B678VoRU elementor-widget__width-inherit elementor-widget-mobile__width-inherit   elementor-widget elementor-widget-heading\" data-id=\"B678VoRU\" data-element_type=\"widget\" data-widget_type=\"heading.default\">\n\t\t\t\t<div class=\"elementor-widget-container\">\n\t\t\t<span class=\"elementor-heading-title elementor-size-default\">Posebna do\u017eivetja Slovenske Istre<\/span>\t\t<\/div>\n\t\t\t\t<\/div>\n\t\t\t\t<div class=\"elementor-element elementor-element-NFwNr51L elementor-widget__width-inherit elementor-widget-mobile__width-inherit   elementor-widget elementor-widget-text-editor\" data-id=\"NFwNr51L\" data-element_type=\"widget\" data-widget_type=\"text-editor.default\">\n\t\t\t\t<div class=\"elementor-widget-container\">\n\t\t\t\t\t\t\t<p class=\"font-claude-response-body\" style=\"text-align: justify;\"><span lang=\"SL\">Na javnem pozivu LAS Zelena Istra je bil za sofinanciranje izbran projekt <b>Posebna do\u017eivetja Slovenske Istre<\/b> (PDSI), v katerem Ljudska univerza Koper sodeluje kot partner. Vodilni partner projekta je TourSlove, turisti\u010dna agencija in nastanitve, d.o.o., socialno podjetje. Skupna vrednost projekta zna\u0161a 75.159,12 EUR, od tega je odobrenega sofinanciranja 60.127,29 EUR. Trajanje projekta je 21 mesecev. <\/span><\/p><p class=\"font-claude-response-body\" style=\"text-align: justify;\"><span lang=\"SL\">Dolgoro\u010dni namen projekta je vzpostaviti trajnostni model pode\u017eelskega turizma, ki vklju\u010duje lokalne prebivalce, povezuje kmetijstvo, kulturno dedi\u0161\u010dino in trajnostni na\u010din \u017eivljenja ter prek digitalne platforme omogo\u010da dolgoro\u010dno tr\u017eno prisotnost.<\/span><\/p><p class=\"font-claude-response-body\" style=\"text-align: justify;\"><span lang=\"SL\">V okviru projekta bodo razviti trije novi integralni turisti\u010dni produkti \u2013 <b>Skrivnosti Istre<\/b>, <b>Zakladi med gri\u010di<\/b> in <b>Zgodbe doma\u010dinov<\/b> \u2013 ki temeljijo na lokalni identiteti, naravni in kulturni dedi\u0161\u010dini ter aktivnem vklju\u010devanju skupnosti. Vzpostavljena bo tudi pametna digitalna platforma z elementi umetne inteligence, ki bo obiskovalcem omogo\u010dala iskanje, rezervacijo in personalizacijo do\u017eivetij na obmo\u010dju Slovenske Istre. Ljudske univerze Koper bo pri tem skrbela za strokovno in tehni\u0161ko pomo\u010d pri organizaciji in izvedbi petih strokovnih delavnic za lokalne dele\u017enike na podro\u010djih trajnostnega turizma, digitalnega marketinga, vklju\u010devanja ranljivih skupin ter razvoja celoletnih turisti\u010dnih produktov, pa tudi organizacija desetih promocijskih dogodkov, ki bodo nove produkte predstavili \u0161ir\u0161i javnosti na razli\u010dnih lokacijah v Slovenski Istri.<\/span><\/p>\t\t\t\t\t\t<\/div>\n\t\t\t\t<\/div>\n\t\t\t\t<div class=\"elementor-element elementor-element-eb37535 elementor-widget__width-inherit elementor-widget-mobile__width-inherit   elementor-widget elementor-widget-text-editor\" data-id=\"eb37535\" data-element_type=\"widget\" data-widget_type=\"text-editor.default\">\n\t\t\t\t<div class=\"elementor-widget-container\">\n\t\t\t\t\t\t\t<p><strong>Vir financiranja:<\/strong> Evropski kmetijski sklad za razvoj pode\u017eelja: Evropa investira v pode\u017eelje<\/p><p>Povezava na spletno stran Evropske komisije, namenjene EKSRP: <a href=\"https:\/\/agriculture.ec.europa.eu\/common-agricultural-policy\/rural-development_en\">https:\/\/agriculture.ec.europa.eu\/common-agricultural-policy\/rural-development_en<\/a><\/p><p>Povezava na spletno stran PRP: <a href=\"http:\/\/www.program-podezelja.si\/\">www.program-podezelja.si\/<\/a><\/p>\t\t\t\t\t\t<\/div>\n\t\t\t\t<\/div>\n\t\t\t\t<div class=\"elementor-element elementor-element-c0cd8a1 elementor-widget elementor-widget-image\" data-id=\"c0cd8a1\" data-element_type=\"widget\" data-widget_type=\"image.default\">\n\t\t\t\t<div class=\"elementor-widget-container\">\n\t\t\t\t\t\t\t\t\t\t\t\t\t<img decoding=\"async\" width=\"640\" height=\"71\" src=\"https:\/\/www.tourismslovenia.eu\/wp-content\/uploads\/2026\/03\/logos.png\" class=\"attachment-large size-large wp-image-3612\" alt=\"\" srcset=\"https:\/\/www.tourismslovenia.eu\/wp-content\/uploads\/2026\/03\/logos.png 645w, https:\/\/www.tourismslovenia.eu\/wp-content\/uploads\/2026\/03\/logos-300x33.png 300w, https:\/\/www.tourismslovenia.eu\/wp-content\/uploads\/2026\/03\/logos-18x2.png 18w, https:\/\/www.tourismslovenia.eu\/wp-content\/uploads\/2026\/03\/logos-600x67.png 600w\" sizes=\"(max-width: 640px) 100vw, 640px\" \/>\t\t\t\t\t\t\t\t\t\t\t\t\t<\/div>\n\t\t\t\t<\/div>\n\t\t\t\t\t<\/div>\n\t\t\t\t<\/div>\n\t\t\t\t<\/div>\n\t\t\t\t<\/div>","protected":false},"excerpt":{"rendered":"<p>Posebna do\u017eivetja Slovenske Istre Na javnem pozivu LAS Zelena Istra je bil za sofinanciranje izbran projekt Posebna do\u017eivetja Slovenske Istre (PDSI), v katerem Ljudska univerza Koper sodeluje kot partner. Vodilni partner projekta je TourSlove, turisti\u010dna agencija in nastanitve, d.o.o., socialno podjetje. Skupna vrednost projekta zna\u0161a 75.159,12 EUR, od tega je odobrenega sofinanciranja 60.127,29 EUR. Trajanje [&hellip;]<\/p>","protected":false},"author":3,"featured_media":0,"parent":0,"menu_order":0,"comment_status":"closed","ping_status":"closed","template":"elementor_header_footer","meta":{"footnotes":""},"class_list":["post-3609","page","type-page","status-publish","hentry"],"_links":{"self":[{"href":"https:\/\/www.tourismslovenia.eu\/sl\/wp-json\/wp\/v2\/pages\/3609","targetHints":{"allow":["GET"]}}],"collection":[{"href":"https:\/\/www.tourismslovenia.eu\/sl\/wp-json\/wp\/v2\/pages"}],"about":[{"href":"https:\/\/www.tourismslovenia.eu\/sl\/wp-json\/wp\/v2\/types\/page"}],"author":[{"embeddable":true,"href":"https:\/\/www.tourismslovenia.eu\/sl\/wp-json\/wp\/v2\/users\/3"}],"replies":[{"embeddable":true,"href":"https:\/\/www.tourismslovenia.eu\/sl\/wp-json\/wp\/v2\/comments?post=3609"}],"version-history":[{"count":16,"href":"https:\/\/www.tourismslovenia.eu\/sl\/wp-json\/wp\/v2\/pages\/3609\/revisions"}],"predecessor-version":[{"id":3627,"href":"https:\/\/www.tourismslovenia.eu\/sl\/wp-json\/wp\/v2\/pages\/3609\/revisions\/3627"}],"wp:attachment":[{"href":"https:\/\/www.tourismslovenia.eu\/sl\/wp-json\/wp\/v2\/media?parent=3609"}],"curies":[{"name":"wp","href":"https:\/\/api.w.org\/{rel}","templated":true}]}}