{"id":3570,"date":"2026-01-23T21:49:09","date_gmt":"2026-01-23T21:49:09","guid":{"rendered":"https:\/\/www.tourismslovenia.eu\/?page_id=3570"},"modified":"2026-01-23T22:02:19","modified_gmt":"2026-01-23T22:02:19","slug":"lo-mas-bello-de-eslovenia","status":"publish","type":"page","link":"https:\/\/www.tourismslovenia.eu\/sl\/lo-mas-bello-de-eslovenia\/","title":{"rendered":"Lo m\u00e1s bello de Eslovenia"},"content":{"rendered":"<div data-elementor-type=\"wp-post\" data-elementor-id=\"3570\" class=\"elementor elementor-3570\" data-elementor-post-type=\"page\">\n\t\t\t\t<div class=\"elementor-element elementor-element-hYCoiXvw e-con-full   e-flex e-con e-parent\" data-id=\"hYCoiXvw\" data-element_type=\"container\">\n\t\t<div class=\"elementor-element elementor-element-B6Stzjy6   e-flex e-con-boxed e-con e-child\" data-id=\"B6Stzjy6\" data-element_type=\"container\" data-settings=\"{&quot;background_background&quot;:&quot;classic&quot;}\">\n\t\t\t\t\t<div class=\"e-con-inner\">\n\t\t\t\t<div class=\"elementor-element elementor-element-B678VoRU elementor-widget__width-inherit elementor-widget-mobile__width-inherit   elementor-widget elementor-widget-heading\" data-id=\"B678VoRU\" data-element_type=\"widget\" data-widget_type=\"heading.default\">\n\t\t\t\t<div class=\"elementor-widget-container\">\n\t\t\t<span class=\"elementor-heading-title elementor-size-default\">Lo m\u00e1s bello de Eslovenia\n<\/span>\t\t<\/div>\n\t\t\t\t<\/div>\n\t\t\t\t<div class=\"elementor-element elementor-element-NFwNr51L elementor-widget__width-inherit elementor-widget-mobile__width-inherit   elementor-widget elementor-widget-text-editor\" data-id=\"NFwNr51L\" data-element_type=\"widget\" data-widget_type=\"text-editor.default\">\n\t\t\t\t<div class=\"elementor-widget-container\">\n\t\t\t\t\t\t\t<p><strong>Les invitamos a pasar una experiencia en el coraz\u00f3n de Europa, una aut\u00e9ntica sorpresa, un trocito de tierra que en unas pocas distancias te lleva desde los Alpes hasta la costa Adri\u00e1tica. Un territorio de 20.000 kil\u00f3metros cuadrados con un gran \u201cs\u00f3tano\u201d k\u00e1rstico, una ciudad capital encantadora, naturaleza, r\u00edos y mucho m\u00e1s.<\/strong><\/p><p>Es un viaje de una semana que incluye lo m\u00e1s bello de este pa\u00eds sorpresa.<\/p>\t\t\t\t\t\t<\/div>\n\t\t\t\t<\/div>\n\t\t\t\t<div class=\"elementor-element elementor-element-591e9d1 elementor-widget elementor-widget-image\" data-id=\"591e9d1\" data-element_type=\"widget\" data-widget_type=\"image.default\">\n\t\t\t\t<div class=\"elementor-widget-container\">\n\t\t\t\t\t\t\t\t\t\t\t\t\t<img fetchpriority=\"high\" decoding=\"async\" width=\"394\" height=\"272\" src=\"https:\/\/www.tourismslovenia.eu\/wp-content\/uploads\/2026\/01\/Bled.jpg\" class=\"attachment-large size-large wp-image-3573\" alt=\"\" srcset=\"https:\/\/www.tourismslovenia.eu\/wp-content\/uploads\/2026\/01\/Bled.jpg 394w, https:\/\/www.tourismslovenia.eu\/wp-content\/uploads\/2026\/01\/Bled-300x207.jpg 300w, https:\/\/www.tourismslovenia.eu\/wp-content\/uploads\/2026\/01\/Bled-18x12.jpg 18w\" sizes=\"(max-width: 394px) 100vw, 394px\" \/>\t\t\t\t\t\t\t\t\t\t\t\t\t<\/div>\n\t\t\t\t<\/div>\n\t\t\t\t<div class=\"elementor-element elementor-element-eb37535 elementor-widget__width-inherit elementor-widget-mobile__width-inherit   elementor-widget elementor-widget-text-editor\" data-id=\"eb37535\" data-element_type=\"widget\" data-widget_type=\"text-editor.default\">\n\t\t\t\t<div class=\"elementor-widget-container\">\n\t\t\t\t\t\t\t<p><strong>El precio aproximado es de 2.480 EUR e incluye:<\/strong><\/p><ul><li>Organizacion del viaje completo con gu\u00eda acompa\u00f1ante con licencia nacional de Eslovenia de habla hispana durante todo el viaje.<\/li><li>Transporte en autob\u00fas o minib\u00fas, dependiendo del tama\u00f1o del grupo.<\/li><li>7 noches en hoteles de 4 estrellas (tres noches en la costa, una noche en el Valle del r\u00edo So\u010da, tres noches en Ljubljana) con media pensi\u00f3n (HB).<\/li><li><strong>Entradas:<\/strong><br \/>\u2022 <strong>Experiencia en Bled<\/strong>: bote tradicional llamado <em>Pletna<\/em>, visita de la iglesia de la isla de Bled, entrada al castillo de Bled, degustaci\u00f3n de postre t\u00edpico <em>Krem\u0161nita<\/em>.<br \/>\u2022 <strong>Experiencia k\u00e1rstica<\/strong>: entrada a las cuevas tur\u00edsticas m\u00e1s grandes de Europa \u2013 Las Cuevas de Postojna con audiogu\u00edas en castellano, visita del misterioso Castillo de Predjama con audiogu\u00edas en castellano.<br \/>\u2022 <strong>Descubre el valle de So\u010da<\/strong>: Las Gargantas de Tolmin con sus aguas turquesas, las bellezas naturales de la Cascada de Kozjak.<br \/>\u2022 <strong>Subida con funicular al Castillo de Ljubljana<\/strong>, lleno de cultura, historias y vistas impresionantes.<\/li><li><strong>4 comidas incluidas<\/strong> (Piran, Postojna, Tolmin, \u0160kofja Loka).<\/li><li><strong>Visitas de las ciudades, pueblos medievales y naturaleza<\/strong>: Koper, Piran, Las Gargantas de Tolmin, La Cascada de Kozjak, Zelenci, El Lago de Jasna, \u0160kofja Loka, Ljubljana con su castillo, Bled con la isla y el castillo, Bohinj.<\/li><\/ul><p><strong>D\u00eda 1:<\/strong><br \/>Llegada al aeropuerto (Ljubljana, Trieste, Venecia o Zagreb).<br \/>Recogida y transporte al hotel en la costa.<br \/>Cena y noche en el hotel en la costa.<\/p><p>\u00a0<\/p><p><strong>D\u00eda 2:<\/strong><br \/>Despu\u00e9s del desayuno, visita guiada de la ciudad de Koper, que en sus tiempos fue una isla. Despu\u00e9s, visita guiada de una de las ciudades m\u00e1s antiguas de Eslovenia, la ciudad veneciana de Piran. Comida en un restaurante t\u00edpico de la zona, donde mayormente se come pescado y marisco.<br \/>Cena y noche en el hotel en la costa.<\/p><p>\u00a0<\/p><p><strong>D\u00eda 3:<\/strong><br \/>Despu\u00e9s del desayuno, visita del Castillo de Predjama, lleno de historias y pasillos secretos k\u00e1rsticos. A continuaci\u00f3n, entrada a las Cuevas de Postojna para ver si est\u00e1 despierto el drag\u00f3n. Comida cerca de la entrada a la cueva con men\u00fa t\u00edpico esloveno.<br \/>Cena y noche en el hotel en la costa.<\/p><p>\u00a0<\/p><p><strong>D\u00eda 4:<\/strong><br \/>Despu\u00e9s del desayuno, salida hacia el Valle de So\u010da. Por el camino, desde el autob\u00fas, veremos el Valle de Vipava, el pueblo fortificado de La Santa Cruz de Vipava, Nova Gorica y, de lejos, Gorizia en Italia. Despu\u00e9s, sigue el camino por el valle de So\u010da.<br \/>Visita de las Gargantas de Tolmin. Comida t\u00edpica, que se prepara con los quesos locales de la zona. A continuaci\u00f3n, una corta caminata hasta la Cascada de Kozjak.<br \/>En caso de mal tiempo, organizamos otras actividades.<br \/>Cena y noche en el hotel en el Valle de So\u010da.<\/p><p>\u00a0<\/p><p><strong>D\u00eda 5:<\/strong><br \/>Despu\u00e9s del desayuno, salida hacia Ljubljana. Por el camino, haremos una parada para admirar el r\u00edo alpino So\u010da. Despu\u00e9s, contin\u00faa el viaje panor\u00e1mico pasando por un trocito del pa\u00eds vecino, Italia, con vistas al Lago di Predil y vuelta a Eslovenia, donde se visita Zelenci, el curioso arroyo del r\u00edo Sava. Luego, sigue una parada para relajarse a la orilla del id\u00edlico Lago de Jasna. Camino hacia otra ciudad medieval, \u0160kofja Loka, para comer y hacer una visita guiada de la ciudad. Camino a la capital de Eslovenia, Ljubljana.<br \/>Cena y noche en el hotel en Ljubljana.<\/p><p>\u00a0<\/p><p><strong>D\u00eda 6:<\/strong><br \/>Despu\u00e9s del desayuno, visita guiada de la ciudad de Ljubljana con subida al Castillo de Ljubljana.Tiempo libre para descubrir la encantadora capital a su aire, sus museos, tiendas y restaurantes.<br \/>Cena y noche en el hotel en Ljubljana.<\/p><p>\u00a0<\/p><p><strong>D\u00eda 7:<\/strong><br \/>Despu\u00e9s del desayuno, salida hacia las perlas alpinas. Primero a Bohinj, el lago glaciar m\u00e1s grande de Eslovenia. Traslado a Bled y paseo por el lago en bote tradicional llamado <em>Pletna<\/em>, visita de la iglesia de la Anunciaci\u00f3n de Santa Mar\u00eda en la isla de Bled, entrada al castillo de Bled con degustaci\u00f3n de postre t\u00edpico, disfrutando de las vistas al lago y los picos alpinos. Tiempo libre para comer en alguno de los restaurantes cerca del lago. Regreso a Ljubljana.<br \/>Cena y noche en el hotel en Ljubljana.<\/p><p>\u00a0<\/p><p><strong>D\u00eda 8:<\/strong><br \/>Despu\u00e9s del desayuno, salida al aeropuerto (Ljubljana, Trieste, Venecia o Zagreb) y fin del viaje.<\/p>\t\t\t\t\t\t<\/div>\n\t\t\t\t<\/div>\n\t\t\t\t<div class=\"elementor-element elementor-element-42acd3b elementor-widget elementor-widget-image\" data-id=\"42acd3b\" data-element_type=\"widget\" data-widget_type=\"image.default\">\n\t\t\t\t<div class=\"elementor-widget-container\">\n\t\t\t\t\t\t\t\t\t\t\t\t\t<img decoding=\"async\" width=\"640\" height=\"427\" src=\"https:\/\/www.tourismslovenia.eu\/wp-content\/uploads\/2026\/01\/Bohinj.jpg\" class=\"attachment-large size-large wp-image-3574\" alt=\"\" srcset=\"https:\/\/www.tourismslovenia.eu\/wp-content\/uploads\/2026\/01\/Bohinj.jpg 1011w, https:\/\/www.tourismslovenia.eu\/wp-content\/uploads\/2026\/01\/Bohinj-300x200.jpg 300w, https:\/\/www.tourismslovenia.eu\/wp-content\/uploads\/2026\/01\/Bohinj-768x512.jpg 768w, https:\/\/www.tourismslovenia.eu\/wp-content\/uploads\/2026\/01\/Bohinj-18x12.jpg 18w, https:\/\/www.tourismslovenia.eu\/wp-content\/uploads\/2026\/01\/Bohinj-600x400.jpg 600w\" sizes=\"(max-width: 640px) 100vw, 640px\" \/>\t\t\t\t\t\t\t\t\t\t\t\t\t<\/div>\n\t\t\t\t<\/div>\n\t\t\t\t<div class=\"elementor-element elementor-element-dd45a8b elementor-widget elementor-widget-image\" data-id=\"dd45a8b\" data-element_type=\"widget\" data-widget_type=\"image.default\">\n\t\t\t\t<div class=\"elementor-widget-container\">\n\t\t\t\t\t\t\t\t\t\t\t\t\t<img decoding=\"async\" width=\"640\" height=\"426\" src=\"https:\/\/www.tourismslovenia.eu\/wp-content\/uploads\/2026\/01\/Reka.jpg\" class=\"attachment-large size-large wp-image-3575\" alt=\"\" srcset=\"https:\/\/www.tourismslovenia.eu\/wp-content\/uploads\/2026\/01\/Reka.jpg 1004w, https:\/\/www.tourismslovenia.eu\/wp-content\/uploads\/2026\/01\/Reka-300x200.jpg 300w, https:\/\/www.tourismslovenia.eu\/wp-content\/uploads\/2026\/01\/Reka-768x512.jpg 768w, https:\/\/www.tourismslovenia.eu\/wp-content\/uploads\/2026\/01\/Reka-18x12.jpg 18w, https:\/\/www.tourismslovenia.eu\/wp-content\/uploads\/2026\/01\/Reka-600x400.jpg 600w\" sizes=\"(max-width: 640px) 100vw, 640px\" \/>\t\t\t\t\t\t\t\t\t\t\t\t\t<\/div>\n\t\t\t\t<\/div>\n\t\t\t\t<div class=\"elementor-element elementor-element-3d4ec63 elementor-widget elementor-widget-image\" data-id=\"3d4ec63\" data-element_type=\"widget\" data-widget_type=\"image.default\">\n\t\t\t\t<div class=\"elementor-widget-container\">\n\t\t\t\t\t\t\t\t\t\t\t\t\t<img loading=\"lazy\" decoding=\"async\" width=\"640\" height=\"408\" src=\"https:\/\/www.tourismslovenia.eu\/wp-content\/uploads\/2026\/01\/Predjamski-grad.jpg\" class=\"attachment-large size-large wp-image-3576\" alt=\"\" srcset=\"https:\/\/www.tourismslovenia.eu\/wp-content\/uploads\/2026\/01\/Predjamski-grad.jpg 1003w, https:\/\/www.tourismslovenia.eu\/wp-content\/uploads\/2026\/01\/Predjamski-grad-300x191.jpg 300w, https:\/\/www.tourismslovenia.eu\/wp-content\/uploads\/2026\/01\/Predjamski-grad-768x489.jpg 768w, https:\/\/www.tourismslovenia.eu\/wp-content\/uploads\/2026\/01\/Predjamski-grad-18x12.jpg 18w, https:\/\/www.tourismslovenia.eu\/wp-content\/uploads\/2026\/01\/Predjamski-grad-600x382.jpg 600w\" sizes=\"(max-width: 640px) 100vw, 640px\" \/>\t\t\t\t\t\t\t\t\t\t\t\t\t<\/div>\n\t\t\t\t<\/div>\n\t\t\t\t<div class=\"elementor-element elementor-element-b2f22d6 elementor-widget elementor-widget-image\" data-id=\"b2f22d6\" data-element_type=\"widget\" data-widget_type=\"image.default\">\n\t\t\t\t<div class=\"elementor-widget-container\">\n\t\t\t\t\t\t\t\t\t\t\t\t\t<img loading=\"lazy\" decoding=\"async\" width=\"640\" height=\"427\" src=\"https:\/\/www.tourismslovenia.eu\/wp-content\/uploads\/2025\/04\/4ljubljana2-1024x683.jpg\" class=\"attachment-large size-large wp-image-2003\" alt=\"\" srcset=\"https:\/\/www.tourismslovenia.eu\/wp-content\/uploads\/2025\/04\/4ljubljana2-1024x683.jpg 1024w, https:\/\/www.tourismslovenia.eu\/wp-content\/uploads\/2025\/04\/4ljubljana2-300x200.jpg 300w, https:\/\/www.tourismslovenia.eu\/wp-content\/uploads\/2025\/04\/4ljubljana2-768x512.jpg 768w, https:\/\/www.tourismslovenia.eu\/wp-content\/uploads\/2025\/04\/4ljubljana2-600x400.jpg 600w, https:\/\/www.tourismslovenia.eu\/wp-content\/uploads\/2025\/04\/4ljubljana2.jpg 1290w\" sizes=\"(max-width: 640px) 100vw, 640px\" \/>\t\t\t\t\t\t\t\t\t\t\t\t\t<\/div>\n\t\t\t\t<\/div>\n\t\t\t\t<div class=\"elementor-element elementor-element-7b67997 elementor-widget elementor-widget-image\" data-id=\"7b67997\" data-element_type=\"widget\" data-widget_type=\"image.default\">\n\t\t\t\t<div class=\"elementor-widget-container\">\n\t\t\t\t\t\t\t\t\t\t\t\t\t<img loading=\"lazy\" decoding=\"async\" width=\"640\" height=\"426\" src=\"https:\/\/www.tourismslovenia.eu\/wp-content\/uploads\/2025\/04\/3istrska1-1024x682.jpg\" class=\"attachment-large size-large wp-image-2001\" alt=\"\" srcset=\"https:\/\/www.tourismslovenia.eu\/wp-content\/uploads\/2025\/04\/3istrska1-1024x682.jpg 1024w, https:\/\/www.tourismslovenia.eu\/wp-content\/uploads\/2025\/04\/3istrska1-300x200.jpg 300w, https:\/\/www.tourismslovenia.eu\/wp-content\/uploads\/2025\/04\/3istrska1-768x511.jpg 768w, https:\/\/www.tourismslovenia.eu\/wp-content\/uploads\/2025\/04\/3istrska1-600x400.jpg 600w, https:\/\/www.tourismslovenia.eu\/wp-content\/uploads\/2025\/04\/3istrska1.jpg 1290w\" sizes=\"(max-width: 640px) 100vw, 640px\" \/>\t\t\t\t\t\t\t\t\t\t\t\t\t<\/div>\n\t\t\t\t<\/div>\n\t\t\t\t<div class=\"elementor-element elementor-element-e269823 elementor-widget elementor-widget-image\" data-id=\"e269823\" data-element_type=\"widget\" data-widget_type=\"image.default\">\n\t\t\t\t<div class=\"elementor-widget-container\">\n\t\t\t\t\t\t\t\t\t\t\t\t\t<img loading=\"lazy\" decoding=\"async\" width=\"640\" height=\"427\" src=\"https:\/\/www.tourismslovenia.eu\/wp-content\/uploads\/2026\/01\/Picture5.jpg\" class=\"attachment-large size-large wp-image-3577\" alt=\"\" srcset=\"https:\/\/www.tourismslovenia.eu\/wp-content\/uploads\/2026\/01\/Picture5.jpg 1020w, https:\/\/www.tourismslovenia.eu\/wp-content\/uploads\/2026\/01\/Picture5-300x200.jpg 300w, https:\/\/www.tourismslovenia.eu\/wp-content\/uploads\/2026\/01\/Picture5-768x512.jpg 768w, https:\/\/www.tourismslovenia.eu\/wp-content\/uploads\/2026\/01\/Picture5-18x12.jpg 18w, https:\/\/www.tourismslovenia.eu\/wp-content\/uploads\/2026\/01\/Picture5-600x400.jpg 600w\" sizes=\"(max-width: 640px) 100vw, 640px\" \/>\t\t\t\t\t\t\t\t\t\t\t\t\t<\/div>\n\t\t\t\t<\/div>\n\t\t\t\t<div class=\"elementor-element elementor-element-9c9b462 elementor-widget__width-inherit elementor-widget-mobile__width-inherit   elementor-widget elementor-widget-heading\" data-id=\"9c9b462\" data-element_type=\"widget\" data-widget_type=\"heading.default\">\n\t\t\t\t<div class=\"elementor-widget-container\">\n\t\t\t<span class=\"elementor-heading-title elementor-size-default\">Qui\u00e9nes somos:<\/span>\t\t<\/div>\n\t\t\t\t<\/div>\n\t\t\t\t<div class=\"elementor-element elementor-element-9bbe5a9 elementor-widget__width-inherit elementor-widget-mobile__width-inherit   elementor-widget elementor-widget-text-editor\" data-id=\"9bbe5a9\" data-element_type=\"widget\" data-widget_type=\"text-editor.default\">\n\t\t\t\t<div class=\"elementor-widget-container\">\n\t\t\t\t\t\t\t<p>Somos <strong>Ajda Krajnc<\/strong> y <strong>Mihaela Rupnik \u010cek<\/strong>, de <strong>TourSlove<\/strong>, una agencia de viajes especializada en la organizaci\u00f3n de viajes y experiencias en Eslovenia.<br \/>Ajda es gu\u00eda especializada en Eslovenia con licencia nacional eslovena.<br \/>Mihaela trabaja en la operativa, organizando viajes y se encarga de que todo salga perfectamente bien.<br \/>Tenemos una gran pasi\u00f3n por traer viajeros a nuestro bello pa\u00eds, entre los Alpes y el mar Adri\u00e1tico, por lo qual siempre lo damos todo para que nuestros clientes disfruten al m\u00e1ximo y se lleven recuerdos extraordinarios. Les queremos presentar tanto las bellezas naturales, los cascos hist\u00f3ricos de las ciudades medievales, la gastronom\u00eda t\u00edpica y los momentos de paz y tranquilidad que nuestra naturaleza, con sus inmensos bosques y r\u00edos de color turquesa, les otorgar\u00e1.<\/p>\t\t\t\t\t\t<\/div>\n\t\t\t\t<\/div>\n\t\t\t\t<div class=\"elementor-element elementor-element-2e40745 elementor-widget elementor-widget-image\" data-id=\"2e40745\" data-element_type=\"widget\" data-widget_type=\"image.default\">\n\t\t\t\t<div class=\"elementor-widget-container\">\n\t\t\t\t\t\t\t\t\t\t\t\t\t<img loading=\"lazy\" decoding=\"async\" width=\"323\" height=\"242\" src=\"https:\/\/www.tourismslovenia.eu\/wp-content\/uploads\/2026\/01\/Picture6.jpg\" class=\"attachment-large size-large wp-image-3578\" alt=\"\" srcset=\"https:\/\/www.tourismslovenia.eu\/wp-content\/uploads\/2026\/01\/Picture6.jpg 323w, https:\/\/www.tourismslovenia.eu\/wp-content\/uploads\/2026\/01\/Picture6-300x225.jpg 300w, https:\/\/www.tourismslovenia.eu\/wp-content\/uploads\/2026\/01\/Picture6-16x12.jpg 16w\" sizes=\"(max-width: 323px) 100vw, 323px\" \/>\t\t\t\t\t\t\t\t\t\t\t\t\t<\/div>\n\t\t\t\t<\/div>\n\t\t\t\t<div class=\"elementor-element elementor-element-9c18a94 elementor-widget__width-inherit elementor-widget-mobile__width-inherit   elementor-widget elementor-widget-text-editor\" data-id=\"9c18a94\" data-element_type=\"widget\" data-widget_type=\"text-editor.default\">\n\t\t\t\t<div class=\"elementor-widget-container\">\n\t\t\t\t\t\t\t<p>Mihaela y Ajda<\/p><p><strong>\u00bfD\u00f3nde nos puede seguir en Instagram?<\/strong><br \/>Ajda: gu\u00eda_por_eslovenia<br \/>Mihaela: tourismslovenia<\/p><p><strong>Nuestros contactos WhatsApp:<\/strong><br \/>Ajda: +386 40 256 204<br \/>Mihaela: +386 40 42 52 62<\/p><p><strong>Escr\u00edbanos por e-mail y con mucho gusto les contestaremos:<\/strong><br \/>espana@tourismslovenia.eu<\/p><p><strong>Para m\u00e1s experiencias y programas, vea:<\/strong><br \/>www.tourismslovenia.eu<\/p>\t\t\t\t\t\t<\/div>\n\t\t\t\t<\/div>\n\t\t\t\t\t<\/div>\n\t\t\t\t<\/div>\n\t\t\t\t<\/div>\n\t\t\t\t<\/div>","protected":false},"excerpt":{"rendered":"<p>Lo m\u00e1s bello de Eslovenia Les invitamos a pasar una experiencia en el coraz\u00f3n de Europa, una aut\u00e9ntica sorpresa, un trocito de tierra que en unas pocas distancias te lleva desde los Alpes hasta la costa Adri\u00e1tica. Un territorio de 20.000 kil\u00f3metros cuadrados con un gran \u201cs\u00f3tano\u201d k\u00e1rstico, una ciudad capital encantadora, naturaleza, r\u00edos y [&hellip;]<\/p>","protected":false},"author":3,"featured_media":0,"parent":0,"menu_order":0,"comment_status":"closed","ping_status":"closed","template":"elementor_header_footer","meta":{"footnotes":""},"class_list":["post-3570","page","type-page","status-publish","hentry"],"_links":{"self":[{"href":"https:\/\/www.tourismslovenia.eu\/sl\/wp-json\/wp\/v2\/pages\/3570","targetHints":{"allow":["GET"]}}],"collection":[{"href":"https:\/\/www.tourismslovenia.eu\/sl\/wp-json\/wp\/v2\/pages"}],"about":[{"href":"https:\/\/www.tourismslovenia.eu\/sl\/wp-json\/wp\/v2\/types\/page"}],"author":[{"embeddable":true,"href":"https:\/\/www.tourismslovenia.eu\/sl\/wp-json\/wp\/v2\/users\/3"}],"replies":[{"embeddable":true,"href":"https:\/\/www.tourismslovenia.eu\/sl\/wp-json\/wp\/v2\/comments?post=3570"}],"version-history":[{"count":4,"href":"https:\/\/www.tourismslovenia.eu\/sl\/wp-json\/wp\/v2\/pages\/3570\/revisions"}],"predecessor-version":[{"id":3581,"href":"https:\/\/www.tourismslovenia.eu\/sl\/wp-json\/wp\/v2\/pages\/3570\/revisions\/3581"}],"wp:attachment":[{"href":"https:\/\/www.tourismslovenia.eu\/sl\/wp-json\/wp\/v2\/media?parent=3570"}],"curies":[{"name":"wp","href":"https:\/\/api.w.org\/{rel}","templated":true}]}}