{"id":3251,"date":"2025-07-21T18:13:54","date_gmt":"2025-07-21T18:13:54","guid":{"rendered":"https:\/\/www.tourismslovenia.eu\/?page_id=3251"},"modified":"2025-10-26T22:00:01","modified_gmt":"2025-10-26T22:00:01","slug":"o-projektu-posocje-366","status":"publish","type":"page","link":"https:\/\/www.tourismslovenia.eu\/sl\/o-projektu-posocje-366\/","title":{"rendered":"O projektu \u2013 Poso\u010dje 365"},"content":{"rendered":"<div data-elementor-type=\"wp-post\" data-elementor-id=\"3251\" class=\"elementor elementor-3251\" data-elementor-post-type=\"page\">\n\t\t\t\t<div class=\"elementor-element elementor-element-n0XIvgau e-con-full   e-flex e-con e-parent\" data-id=\"n0XIvgau\" data-element_type=\"container\" data-settings=\"{&quot;background_background&quot;:&quot;classic&quot;}\">\n\t\t\t\t<div class=\"elementor-element elementor-element-8QW8zLtR elementor-widget__width-inherit elementor-widget-mobile__width-inherit   elementor-widget elementor-widget-heading\" data-id=\"8QW8zLtR\" data-element_type=\"widget\" data-widget_type=\"heading.default\">\n\t\t\t\t<div class=\"elementor-widget-container\">\n\t\t\t<h1 class=\"elementor-heading-title elementor-size-default\">Projekt Poso\u010dje 365<\/h1>\t\t<\/div>\n\t\t\t\t<\/div>\n\t\t\t\t<\/div>\n\t\t<div class=\"elementor-element elementor-element-c6e5f7a   e-flex e-con-boxed e-con e-parent\" data-id=\"c6e5f7a\" data-element_type=\"container\">\n\t\t\t\t\t<div class=\"e-con-inner\">\n\t\t\t\t<div class=\"elementor-element elementor-element-57b3591 elementor-widget__width-initial elementor-widget elementor-widget-text-editor\" data-id=\"57b3591\" data-element_type=\"widget\" data-widget_type=\"text-editor.default\">\n\t\t\t\t<div class=\"elementor-widget-container\">\n\t\t\t\t\t\t\t<p data-start=\"13\" data-end=\"82\"><strong>Z 18.9.2024 smo pri\u010deli z izvajanjem projekta: <span style=\"text-decoration: underline;\">Poso\u010dje 365<\/span>\u00a0.<\/strong><\/p><p data-start=\"84\" data-end=\"171\"><strong>Prijavitelj projekta:<\/strong> TourSlove, turisti\u010dna agencija in nastanitve, d.o.o., socialno podjetje<\/p><p data-start=\"173\" data-end=\"207\"><strong>Celotna vrednost projekta:<\/strong> EUR 48,799.61<\/p><p data-start=\"209\" data-end=\"243\"><strong>Znesek sofinanciranja:<\/strong> EUR 39,999.68<\/p><p data-start=\"245\" data-end=\"308\"><strong>Obdobje trajanja projekta:<\/strong> od 18.9.2024 do 30.9.2025<\/p><p data-start=\"310\" data-end=\"458\"><strong>Javni razpis:<\/strong> Javni razpis za spodbujanje zagona in razvoja dejavnosti socialnih podjetij in zadrug na obmejnih problemskih obmo\u010djih<\/p><p data-start=\"460\" data-end=\"579\"><strong>Sofinancer projekta:<\/strong> Republika Slovenija, Ministrstvo za gospodarstvo, turizem in \u0161port iz prora\u010duna RS<\/p>\t\t\t\t\t\t<\/div>\n\t\t\t\t<\/div>\n\t\t\t\t<div class=\"elementor-element elementor-element-6ab8417 elementor-widget elementor-widget-image\" data-id=\"6ab8417\" data-element_type=\"widget\" data-widget_type=\"image.default\">\n\t\t\t\t<div class=\"elementor-widget-container\">\n\t\t\t\t\t\t\t\t\t\t\t\t\t<img fetchpriority=\"high\" decoding=\"async\" width=\"640\" height=\"112\" src=\"https:\/\/www.tourismslovenia.eu\/wp-content\/uploads\/2025\/07\/Logo-MGTS-slo.png\" class=\"attachment-large size-large wp-image-3255\" alt=\"\" srcset=\"https:\/\/www.tourismslovenia.eu\/wp-content\/uploads\/2025\/07\/Logo-MGTS-slo.png 802w, https:\/\/www.tourismslovenia.eu\/wp-content\/uploads\/2025\/07\/Logo-MGTS-slo-300x52.png 300w, https:\/\/www.tourismslovenia.eu\/wp-content\/uploads\/2025\/07\/Logo-MGTS-slo-768x134.png 768w, https:\/\/www.tourismslovenia.eu\/wp-content\/uploads\/2025\/07\/Logo-MGTS-slo-18x3.png 18w, https:\/\/www.tourismslovenia.eu\/wp-content\/uploads\/2025\/07\/Logo-MGTS-slo-600x105.png 600w\" sizes=\"(max-width: 640px) 100vw, 640px\" \/>\t\t\t\t\t\t\t\t\t\t\t\t\t<\/div>\n\t\t\t\t<\/div>\n\t\t\t\t<div class=\"elementor-element elementor-element-f20ea73 elementor-widget__width-inherit elementor-widget-mobile__width-inherit   elementor-widget elementor-widget-heading\" data-id=\"f20ea73\" data-element_type=\"widget\" data-widget_type=\"heading.default\">\n\t\t\t\t<div class=\"elementor-widget-container\">\n\t\t\t<h2 class=\"elementor-heading-title elementor-size-default\">OPIS PROJEKTA<\/h2>\t\t<\/div>\n\t\t\t\t<\/div>\n\t\t\t\t<div class=\"elementor-element elementor-element-d5ba863 elementor-widget__width-initial elementor-widget elementor-widget-text-editor\" data-id=\"d5ba863\" data-element_type=\"widget\" data-widget_type=\"text-editor.default\">\n\t\t\t\t<div class=\"elementor-widget-container\">\n\t\t\t\t\t\t\t<p data-start=\"581\" data-end=\"828\">Projekt sledi smernicam, strate\u0161kim usmeritvam in trendom na podro\u010dju turizma z vklju\u010devanjem ranljivih skupin. Usmerjen je v razbremenitev poletne turisti\u010dne sezone in razvoj produktov skozi celotno leto.<\/p><p data-start=\"830\" data-end=\"984\">Projektne aktivnosti so usmerjene v razvoj do\u017eivetij z vklju\u010devanjem naravne in kulturne dedi\u0161\u010dine ter prilagoditvijo le-teh za ranljive skupine.<\/p><p data-start=\"986\" data-end=\"1109\">Pri promociji bomo v celoti sledili digitalni transformaciji 21. stoletja, vse aktivnosti bodo digitalno podprte.<\/p><p data-start=\"1111\" data-end=\"1509\">Projekt vklju\u010duje celovit na\u010din ume\u0161\u010danja produkta na trg glede na strokovno metodologijo: od nakupa opreme, definiranja overarching narrative, raziskave in prilagoditve na terenu, razvoja treh produktov in digitalnega ogla\u0161evanja produktov. Na ta na\u010din se bo doseglo maksimizacijo u\u010dinka na strokoven in metodolo\u0161ko maksimalno dodelan na\u010din.<\/p>\t\t\t\t\t\t<\/div>\n\t\t\t\t<\/div>\n\t\t\t\t<div class=\"elementor-element elementor-element-330ba33 elementor-widget__width-inherit elementor-widget-mobile__width-inherit   elementor-widget elementor-widget-heading\" data-id=\"330ba33\" data-element_type=\"widget\" data-widget_type=\"heading.default\">\n\t\t\t\t<div class=\"elementor-widget-container\">\n\t\t\t<h2 class=\"elementor-heading-title elementor-size-default\">NAMEN PROJEKTA<\/h2>\t\t<\/div>\n\t\t\t\t<\/div>\n\t\t\t\t<div class=\"elementor-element elementor-element-169ded1 elementor-widget__width-initial elementor-widget elementor-widget-text-editor\" data-id=\"169ded1\" data-element_type=\"widget\" data-widget_type=\"text-editor.default\">\n\t\t\t\t<div class=\"elementor-widget-container\">\n\t\t\t\t\t\t\t<p data-start=\"1511\" data-end=\"1825\">Namen projekta je razviti inovativne integralne turisti\u010dne produkte, ki bodo razbremenili poletno turisti\u010dno sezono, omogo\u010dili bolj\u0161e gospodarske razmere za turisti\u010dne akterje z raz\u0161iritvijo sezone, prilagoditev produktov ranljivim skupinam in nadgradnjo poslovanja podjetja.<\/p>\t\t\t\t\t\t<\/div>\n\t\t\t\t<\/div>\n\t\t\t\t<div class=\"elementor-element elementor-element-7fbb730 elementor-widget__width-inherit elementor-widget-mobile__width-inherit   elementor-widget elementor-widget-heading\" data-id=\"7fbb730\" data-element_type=\"widget\" data-widget_type=\"heading.default\">\n\t\t\t\t<div class=\"elementor-widget-container\">\n\t\t\t<h2 class=\"elementor-heading-title elementor-size-default\">CILJI PROJEKTA<\/h2>\t\t<\/div>\n\t\t\t\t<\/div>\n\t\t\t\t<div class=\"elementor-element elementor-element-0a28613 elementor-widget__width-initial elementor-widget elementor-widget-text-editor\" data-id=\"0a28613\" data-element_type=\"widget\" data-widget_type=\"text-editor.default\">\n\t\t\t\t<div class=\"elementor-widget-container\">\n\t\t\t\t\t\t\t<ul><li data-start=\"1848\" data-end=\"1889\"><p data-start=\"1850\" data-end=\"1889\">Razvoj treh turisti\u010dnih produktov<\/p><\/li><li data-start=\"1890\" data-end=\"1990\"><p data-start=\"1892\" data-end=\"1990\">Vklju\u010ditev javnih ustanov (muzeji, galerije, kulturni centri\u2026) v turisti\u010dno ponudbo<\/p><\/li><li data-start=\"1991\" data-end=\"2066\"><p data-start=\"1993\" data-end=\"2066\">Vklju\u010ditev vsebin (dedi\u0161\u010dina, miti, legende) v turisti\u010dne produkte<\/p><\/li><li data-start=\"2067\" data-end=\"2127\"><p data-start=\"2069\" data-end=\"2127\">Vklju\u010ditev ponudnikov preno\u010di\u0161\u010d v turisti\u010dne produkte<\/p><\/li><\/ul>\t\t\t\t\t\t<\/div>\n\t\t\t\t<\/div>\n\t\t\t\t<div class=\"elementor-element elementor-element-b8483c5 elementor-widget__width-inherit elementor-widget-mobile__width-inherit   elementor-widget elementor-widget-heading\" data-id=\"b8483c5\" data-element_type=\"widget\" data-widget_type=\"heading.default\">\n\t\t\t\t<div class=\"elementor-widget-container\">\n\t\t\t<h2 class=\"elementor-heading-title elementor-size-default\">KAZALNIKI PROJEKTA<\/h2>\t\t<\/div>\n\t\t\t\t<\/div>\n\t\t\t\t<div class=\"elementor-element elementor-element-465c131 elementor-widget__width-initial elementor-widget elementor-widget-text-editor\" data-id=\"465c131\" data-element_type=\"widget\" data-widget_type=\"text-editor.default\">\n\t\t\t\t<div class=\"elementor-widget-container\">\n\t\t\t\t\t\t\t<article class=\"text-token-text-primary w-full\" dir=\"auto\" data-testid=\"conversation-turn-6\" data-scroll-anchor=\"true\"><div class=\"text-base my-auto mx-auto py-5 [--thread-content-margin:--spacing(4)] @[37rem]:[--thread-content-margin:--spacing(6)] @[72rem]:[--thread-content-margin:--spacing(16)] px-(--thread-content-margin)\"><div class=\"[--thread-content-max-width:32rem] @[34rem]:[--thread-content-max-width:40rem] @[64rem]:[--thread-content-max-width:48rem] mx-auto flex max-w-(--thread-content-max-width) flex-1 text-base gap-4 md:gap-5 lg:gap-6 group\/turn-messages focus-visible:outline-hidden\" tabindex=\"-1\"><div class=\"group\/conversation-turn relative flex w-full min-w-0 flex-col agent-turn\"><div class=\"relative flex-col gap-1 md:gap-3\"><div class=\"flex max-w-full flex-col grow\"><div class=\"min-h-8 text-message relative flex w-full flex-col items-end gap-2 text-start break-words whitespace-normal [.text-message+&amp;]:mt-5\" dir=\"auto\" data-message-author-role=\"assistant\" data-message-id=\"20756a1e-b40c-4c50-bd1b-ea1af8d2f49a\" data-message-model-slug=\"o4-mini-high\"><div class=\"flex w-full flex-col gap-1 empty:hidden first:pt-[3px]\"><div class=\"markdown prose dark:prose-invert w-full break-words dark\"><p data-start=\"2129\" data-end=\"2214\" data-is-last-node=\"\" data-is-only-node=\"\">Razviti trije novi produkti (integralni turisti\u010dni produkti)<\/p><\/div><\/div><\/div><\/div><\/div><\/div><\/div><\/div><\/article>\t\t\t\t\t\t<\/div>\n\t\t\t\t<\/div>\n\t\t\t\t\t<\/div>\n\t\t\t\t<\/div>\n\t\t<div class=\"elementor-element elementor-element-079f7e9   e-flex e-con-boxed e-con e-parent\" data-id=\"079f7e9\" data-element_type=\"container\">\n\t\t\t\t\t<div class=\"e-con-inner\">\n\t\t\t\t<div class=\"elementor-element elementor-element-8053719 elementor-widget__width-initial elementor-widget elementor-widget-text-editor\" data-id=\"8053719\" data-element_type=\"widget\" data-widget_type=\"text-editor.default\">\n\t\t\t\t<div class=\"elementor-widget-container\">\n\t\t\t\t\t\t\t<p data-start=\"0\" data-end=\"126\"><strong data-start=\"0\" data-end=\"88\">Z dnem 30.9.2024 smo zaklju\u010dili z izvajanjem projekta:\u00a0Poso\u010dje 365.<\/strong><\/p><p data-start=\"128\" data-end=\"660\"><strong data-start=\"128\" data-end=\"150\">Prijavitelj projekta:<\/strong> TourSlove, turisti\u010dna agencija in nastanitve, d.o.o., socialno podjetje<br data-start=\"220\" data-end=\"223\" \/><strong data-start=\"223\" data-end=\"247\">Celotna vrednost projekta:<\/strong> EUR 48,799.61<br data-start=\"261\" data-end=\"264\" \/><strong data-start=\"264\" data-end=\"291\">Amount of co-financing:<\/strong> EUR 39,999.68<br data-start=\"305\" data-end=\"308\" \/><strong data-start=\"308\" data-end=\"329\">Obdobje trajanja projekta:<\/strong> od 18.9.2024 do 30.9.2025<br data-start=\"373\" data-end=\"376\" data-is-only-node=\"\" \/><strong data-start=\"376\" data-end=\"392\">Javni razpis:<\/strong> Javni razpis za spodbujanje zagona in razvoja dejavnosti socialnih podjetij in zadrug na obmejnih problemskih obmo\u010djih<br data-start=\"522\" data-end=\"525\" \/><strong data-start=\"525\" data-end=\"550\">Sofinancer projekta:<\/strong> Republika Slovenija, Ministrstvo za gospodarstvo, turizem in \u0161port iz prora\u010duna RS<\/p>\t\t\t\t\t\t<\/div>\n\t\t\t\t<\/div>\n\t\t\t\t<div class=\"elementor-element elementor-element-2a14855 elementor-widget elementor-widget-image\" data-id=\"2a14855\" data-element_type=\"widget\" data-widget_type=\"image.default\">\n\t\t\t\t<div class=\"elementor-widget-container\">\n\t\t\t\t\t\t\t\t\t\t\t\t\t<img fetchpriority=\"high\" decoding=\"async\" width=\"640\" height=\"112\" src=\"https:\/\/www.tourismslovenia.eu\/wp-content\/uploads\/2025\/07\/Logo-MGTS-slo.png\" class=\"attachment-large size-large wp-image-3255\" alt=\"\" srcset=\"https:\/\/www.tourismslovenia.eu\/wp-content\/uploads\/2025\/07\/Logo-MGTS-slo.png 802w, https:\/\/www.tourismslovenia.eu\/wp-content\/uploads\/2025\/07\/Logo-MGTS-slo-300x52.png 300w, https:\/\/www.tourismslovenia.eu\/wp-content\/uploads\/2025\/07\/Logo-MGTS-slo-768x134.png 768w, https:\/\/www.tourismslovenia.eu\/wp-content\/uploads\/2025\/07\/Logo-MGTS-slo-18x3.png 18w, https:\/\/www.tourismslovenia.eu\/wp-content\/uploads\/2025\/07\/Logo-MGTS-slo-600x105.png 600w\" sizes=\"(max-width: 640px) 100vw, 640px\" \/>\t\t\t\t\t\t\t\t\t\t\t\t\t<\/div>\n\t\t\t\t<\/div>\n\t\t\t\t<div class=\"elementor-element elementor-element-4201a5d elementor-widget__width-inherit elementor-widget-mobile__width-inherit   elementor-widget elementor-widget-heading\" data-id=\"4201a5d\" data-element_type=\"widget\" data-widget_type=\"heading.default\">\n\t\t\t\t<div class=\"elementor-widget-container\">\n\t\t\t<h2 class=\"elementor-heading-title elementor-size-default\">OPIS PROJEKTA<\/h2>\t\t<\/div>\n\t\t\t\t<\/div>\n\t\t\t\t<div class=\"elementor-element elementor-element-8e6e49c elementor-widget__width-initial elementor-widget elementor-widget-text-editor\" data-id=\"8e6e49c\" data-element_type=\"widget\" data-widget_type=\"text-editor.default\">\n\t\t\t\t<div class=\"elementor-widget-container\">\n\t\t\t\t\t\t\t<p data-start=\"662\" data-end=\"1137\">Projekt je sledil smernicam, strate\u0161kim usmeritvam in trendom na podro\u010dju turizma z vklju\u010devanjem ranljivih skupin. Bil je usmerjen v razbremenitev poletne turisti\u010dne sezone ter razvoj turisti\u010dnih produktov, ki so bili izvedljivi skozi celotno leto. Projektne aktivnosti so bile osredoto\u010dene na razvoj do\u017eivetij, ki so vklju\u010devala naravno in kulturno dedi\u0161\u010dino, pri \u010demer je bila posebna pozornost namenjena prilagoditvi vsebin za ranljive skupine.<\/p><p data-start=\"662\" data-end=\"1137\">V okviru projekta sta bili kot osrednji tematski vsebini izbrani obdobji Napoleona in Prve svetovne vojne, ki sta predstavljali zgodovinski okvir za razvoj integralnih do\u017eivetij. Pri promociji se je v celoti sledilo na\u010delom digitalne transformacije 21. stoletja, saj so bile vse aktivnosti podprte z digitalnimi orodji in komunikacijskimi kanali.<\/p><p data-start=\"1539\" data-end=\"2008\">Projekt je vklju\u010deval celovit na\u010din ume\u0161\u010danja produktov na trg, ki je temeljil na strokovni metodologiji \u2013 od nakupa opreme, oblikovanja osrednje pripovedne niti (overarching narrative), raziskav in prilagoditev na terenu, razvoja treh produktov, do njihove digitalne promocije in ogla\u0161evanja. Na ta na\u010din je bil dose\u017een maksimalen strokovni in metodolo\u0161ki u\u010dinek ter zagotovljena dolgoro\u010dna trajnost rezultatov.<\/p>\t\t\t\t\t\t<\/div>\n\t\t\t\t<\/div>\n\t\t\t\t<div class=\"elementor-element elementor-element-e145d85 elementor-widget__width-inherit elementor-widget-mobile__width-inherit   elementor-widget elementor-widget-heading\" data-id=\"e145d85\" data-element_type=\"widget\" data-widget_type=\"heading.default\">\n\t\t\t\t<div class=\"elementor-widget-container\">\n\t\t\t<h2 class=\"elementor-heading-title elementor-size-default\">NAMEN PROJEKTA<\/h2>\t\t<\/div>\n\t\t\t\t<\/div>\n\t\t\t\t<div class=\"elementor-element elementor-element-14c89cf elementor-widget__width-initial elementor-widget elementor-widget-text-editor\" data-id=\"14c89cf\" data-element_type=\"widget\" data-widget_type=\"text-editor.default\">\n\t\t\t\t<div class=\"elementor-widget-container\">\n\t\t\t\t\t\t\t<p data-start=\"1511\" data-end=\"1825\">Namen projekta je bil razvoj inovativnih integralnih turisti\u010dnih produktov, s katerimi se je razbremenila poletna turisti\u010dna sezona ter omogo\u010dile bolj\u0161e gospodarske razmere za turisti\u010dne akterje z raz\u0161iritvijo sezone. Projekt je vklju\u010deval tudi prilagoditev produktov ranljivim skupinam in nadgradnjo poslovanja podjetja. Kot dve glavni tematiki sta bili izbrani tematiki Napoleona in Prve svetovne vojne..<\/p>\t\t\t\t\t\t<\/div>\n\t\t\t\t<\/div>\n\t\t\t\t<div class=\"elementor-element elementor-element-855ddee elementor-widget__width-inherit elementor-widget-mobile__width-inherit   elementor-widget elementor-widget-heading\" data-id=\"855ddee\" data-element_type=\"widget\" data-widget_type=\"heading.default\">\n\t\t\t\t<div class=\"elementor-widget-container\">\n\t\t\t<h2 class=\"elementor-heading-title elementor-size-default\">CILJI PROJEKTA<\/h2>\t\t<\/div>\n\t\t\t\t<\/div>\n\t\t\t\t<div class=\"elementor-element elementor-element-965e540 elementor-widget__width-initial elementor-widget elementor-widget-text-editor\" data-id=\"965e540\" data-element_type=\"widget\" data-widget_type=\"text-editor.default\">\n\t\t\t\t<div class=\"elementor-widget-container\">\n\t\t\t\t\t\t\t<ul><li data-start=\"1848\" data-end=\"1889\"><p data-start=\"1850\" data-end=\"1889\">Razvoj treh turisti\u010dnih produktov<\/p><\/li><li data-start=\"1848\" data-end=\"1889\"><p data-start=\"1850\" data-end=\"1889\">Vklju\u010ditev javnih ustanov (muzeji, galerije, kulturni centri\u2026) v turisti\u010dno ponudbo<\/p><\/li><li data-start=\"1848\" data-end=\"1889\"><p data-start=\"1850\" data-end=\"1889\">Vklju\u010ditev vsebin (dedi\u0161\u010dina, miti, legende) v turisti\u010dne produkte<\/p><\/li><li data-start=\"1848\" data-end=\"1889\"><p data-start=\"1850\" data-end=\"1889\">Vklju\u010ditev ponudnikov preno\u010di\u0161\u010d v turisti\u010dne produkte<\/p><\/li><\/ul>\t\t\t\t\t\t<\/div>\n\t\t\t\t<\/div>\n\t\t\t\t<div class=\"elementor-element elementor-element-843d652 elementor-widget__width-inherit elementor-widget-mobile__width-inherit   elementor-widget elementor-widget-heading\" data-id=\"843d652\" data-element_type=\"widget\" data-widget_type=\"heading.default\">\n\t\t\t\t<div class=\"elementor-widget-container\">\n\t\t\t<h2 class=\"elementor-heading-title elementor-size-default\">KAZALNIKI PROJEKTA<\/h2>\t\t<\/div>\n\t\t\t\t<\/div>\n\t\t\t\t<div class=\"elementor-element elementor-element-3c21205 elementor-widget__width-initial elementor-widget elementor-widget-text-editor\" data-id=\"3c21205\" data-element_type=\"widget\" data-widget_type=\"text-editor.default\">\n\t\t\t\t<div class=\"elementor-widget-container\">\n\t\t\t\t\t\t\t<article class=\"text-token-text-primary w-full\" dir=\"auto\" data-testid=\"conversation-turn-6\" data-scroll-anchor=\"true\"><div class=\"text-base my-auto mx-auto py-5 [--thread-content-margin:--spacing(4)] @[37rem]:[--thread-content-margin:--spacing(6)] @[72rem]:[--thread-content-margin:--spacing(16)] px-(--thread-content-margin)\"><div class=\"[--thread-content-max-width:32rem] @[34rem]:[--thread-content-max-width:40rem] @[64rem]:[--thread-content-max-width:48rem] mx-auto flex max-w-(--thread-content-max-width) flex-1 text-base gap-4 md:gap-5 lg:gap-6 group\/turn-messages focus-visible:outline-hidden\" tabindex=\"-1\"><div class=\"group\/conversation-turn relative flex w-full min-w-0 flex-col agent-turn\"><div class=\"relative flex-col gap-1 md:gap-3\"><div class=\"flex max-w-full flex-col grow\"><div class=\"min-h-8 text-message relative flex w-full flex-col items-end gap-2 text-start break-words whitespace-normal [.text-message+&amp;]:mt-5\" dir=\"auto\" data-message-author-role=\"assistant\" data-message-id=\"20756a1e-b40c-4c50-bd1b-ea1af8d2f49a\" data-message-model-slug=\"o4-mini-high\"><div class=\"flex w-full flex-col gap-1 empty:hidden first:pt-[3px]\"><div class=\"markdown prose dark:prose-invert w-full break-words dark\"><p data-start=\"2129\" data-end=\"2214\" data-is-last-node=\"\" data-is-only-node=\"\">Razviti trije novi produkti (integralni turisti\u010dni produkti) in pripravljen poslovni na\u010drt.<\/p><\/div><\/div><\/div><\/div><\/div><\/div><\/div><\/div><\/article>\t\t\t\t\t\t<\/div>\n\t\t\t\t<\/div>\n\t\t\t\t\t<\/div>\n\t\t\t\t<\/div>\n\t\t\t\t<\/div>","protected":false},"excerpt":{"rendered":"<p>Project Poso\u010dje 365 On September 18, 2024, we began implementing the Poso\u010dje 365\u00a0project. Project applicant: TourSlove, turisti\u010dna agencija in nastanitve, d.o.o., socialno podjetje Total project value: EUR 48,799.61 Co-financing amount: EUR 39,999.68 Project duration: from September 18, 2024 to September 30, 2025 Public tender: Public tender for stimulating the launch and development of activities of [&hellip;]<\/p>","protected":false},"author":3,"featured_media":0,"parent":0,"menu_order":0,"comment_status":"closed","ping_status":"publish","template":"elementor_header_footer","meta":{"footnotes":""},"class_list":["post-3251","page","type-page","status-publish","hentry"],"_links":{"self":[{"href":"https:\/\/www.tourismslovenia.eu\/sl\/wp-json\/wp\/v2\/pages\/3251","targetHints":{"allow":["GET"]}}],"collection":[{"href":"https:\/\/www.tourismslovenia.eu\/sl\/wp-json\/wp\/v2\/pages"}],"about":[{"href":"https:\/\/www.tourismslovenia.eu\/sl\/wp-json\/wp\/v2\/types\/page"}],"author":[{"embeddable":true,"href":"https:\/\/www.tourismslovenia.eu\/sl\/wp-json\/wp\/v2\/users\/3"}],"replies":[{"embeddable":true,"href":"https:\/\/www.tourismslovenia.eu\/sl\/wp-json\/wp\/v2\/comments?post=3251"}],"version-history":[{"count":35,"href":"https:\/\/www.tourismslovenia.eu\/sl\/wp-json\/wp\/v2\/pages\/3251\/revisions"}],"predecessor-version":[{"id":3516,"href":"https:\/\/www.tourismslovenia.eu\/sl\/wp-json\/wp\/v2\/pages\/3251\/revisions\/3516"}],"wp:attachment":[{"href":"https:\/\/www.tourismslovenia.eu\/sl\/wp-json\/wp\/v2\/media?parent=3251"}],"curies":[{"name":"wp","href":"https:\/\/api.w.org\/{rel}","templated":true}]}}