{"id":1807,"date":"2025-04-27T20:41:06","date_gmt":"2025-04-27T20:41:06","guid":{"rendered":"https:\/\/www.tourismslovenia.eu\/?page_id=1807"},"modified":"2025-05-17T15:40:56","modified_gmt":"2025-05-17T15:40:56","slug":"interpretacija-znamenitosti-kopra","status":"publish","type":"page","link":"https:\/\/www.tourismslovenia.eu\/sl\/koper\/interpretacija-znamenitosti-kopra\/","title":{"rendered":"Interpretacija znamenitosti Kopra"},"content":{"rendered":"<div data-elementor-type=\"wp-post\" data-elementor-id=\"1807\" class=\"elementor elementor-1807\" data-elementor-post-type=\"page\">\n\t\t\t\t<div class=\"elementor-element elementor-element-9b2ef2c e-flex e-con-boxed e-con e-parent\" data-id=\"9b2ef2c\" data-element_type=\"container\">\n\t\t\t\t\t<div class=\"e-con-inner\">\n\t\t\t\t<div class=\"elementor-element elementor-element-f5e3343 elementor-widget__width-initial elementor-widget elementor-widget-image\" data-id=\"f5e3343\" data-element_type=\"widget\" data-widget_type=\"image.default\">\n\t\t\t\t<div class=\"elementor-widget-container\">\n\t\t\t\t\t\t\t\t\t\t\t\t\t<img fetchpriority=\"high\" decoding=\"async\" width=\"640\" height=\"427\" src=\"https:\/\/www.tourismslovenia.eu\/wp-content\/uploads\/2025\/04\/2koper1-1024x683.jpg\" class=\"attachment-large size-large wp-image-1982\" alt=\"\" srcset=\"https:\/\/www.tourismslovenia.eu\/wp-content\/uploads\/2025\/04\/2koper1-1024x683.jpg 1024w, https:\/\/www.tourismslovenia.eu\/wp-content\/uploads\/2025\/04\/2koper1-300x200.jpg 300w, https:\/\/www.tourismslovenia.eu\/wp-content\/uploads\/2025\/04\/2koper1-768x512.jpg 768w, https:\/\/www.tourismslovenia.eu\/wp-content\/uploads\/2025\/04\/2koper1-600x400.jpg 600w, https:\/\/www.tourismslovenia.eu\/wp-content\/uploads\/2025\/04\/2koper1.jpg 1290w\" sizes=\"(max-width: 640px) 100vw, 640px\" \/>\t\t\t\t\t\t\t\t\t\t\t\t\t<\/div>\n\t\t\t\t<\/div>\n\t\t\t\t<div class=\"elementor-element elementor-element-7dcbd67 elementor-widget elementor-widget-gallery\" data-id=\"7dcbd67\" data-element_type=\"widget\" data-settings=\"{&quot;gallery_layout&quot;:&quot;justified&quot;,&quot;ideal_row_height&quot;:{&quot;unit&quot;:&quot;px&quot;,&quot;size&quot;:133,&quot;sizes&quot;:[]},&quot;_animation&quot;:&quot;none&quot;,&quot;ideal_row_height_tablet&quot;:{&quot;unit&quot;:&quot;px&quot;,&quot;size&quot;:150,&quot;sizes&quot;:[]},&quot;ideal_row_height_mobile&quot;:{&quot;unit&quot;:&quot;px&quot;,&quot;size&quot;:150,&quot;sizes&quot;:[]},&quot;gap&quot;:{&quot;unit&quot;:&quot;px&quot;,&quot;size&quot;:10,&quot;sizes&quot;:[]},&quot;gap_tablet&quot;:{&quot;unit&quot;:&quot;px&quot;,&quot;size&quot;:10,&quot;sizes&quot;:[]},&quot;gap_mobile&quot;:{&quot;unit&quot;:&quot;px&quot;,&quot;size&quot;:10,&quot;sizes&quot;:[]},&quot;link_to&quot;:&quot;file&quot;,&quot;overlay_background&quot;:&quot;yes&quot;,&quot;content_hover_animation&quot;:&quot;fade-in&quot;}\" data-widget_type=\"gallery.default\">\n\t\t\t\t<div class=\"elementor-widget-container\">\n\t\t\t\t\t<div class=\"elementor-gallery__container\">\n\t\t\t\t\t\t\t<a class=\"e-gallery-item elementor-gallery-item elementor-animated-content\" href=\"https:\/\/www.tourismslovenia.eu\/wp-content\/uploads\/2025\/04\/2koper4.jpg\" data-elementor-open-lightbox=\"yes\" data-elementor-lightbox-slideshow=\"7dcbd67\" data-elementor-lightbox-title=\"2koper4\" data-e-action-hash=\"#elementor-action%3Aaction%3Dlightbox%26settings%3DeyJpZCI6MTk3OSwidXJsIjoiaHR0cHM6XC9cL3d3dy50b3VyaXNtc2xvdmVuaWEuZXVcL3dwLWNvbnRlbnRcL3VwbG9hZHNcLzIwMjVcLzA0XC8ya29wZXI0LmpwZyIsInNsaWRlc2hvdyI6IjdkY2JkNjcifQ%3D%3D\">\n\t\t\t\t\t<div class=\"e-gallery-image elementor-gallery-item__image\" data-thumbnail=\"https:\/\/www.tourismslovenia.eu\/wp-content\/uploads\/2025\/04\/2koper4-300x200.jpg\" data-width=\"300\" data-height=\"200\" aria-label=\"\" role=\"img\" ><\/div>\n\t\t\t\t\t\t\t\t\t\t\t<div class=\"elementor-gallery-item__overlay\"><\/div>\n\t\t\t\t\t\t\t\t\t\t\t\t\t\t<\/a>\n\t\t\t\t\t\t\t<a class=\"e-gallery-item elementor-gallery-item elementor-animated-content\" href=\"https:\/\/www.tourismslovenia.eu\/wp-content\/uploads\/2025\/04\/2koper3.jpg\" data-elementor-open-lightbox=\"yes\" data-elementor-lightbox-slideshow=\"7dcbd67\" data-elementor-lightbox-title=\"2koper3\" data-e-action-hash=\"#elementor-action%3Aaction%3Dlightbox%26settings%3DeyJpZCI6MTk4MCwidXJsIjoiaHR0cHM6XC9cL3d3dy50b3VyaXNtc2xvdmVuaWEuZXVcL3dwLWNvbnRlbnRcL3VwbG9hZHNcLzIwMjVcLzA0XC8ya29wZXIzLmpwZyIsInNsaWRlc2hvdyI6IjdkY2JkNjcifQ%3D%3D\">\n\t\t\t\t\t<div class=\"e-gallery-image elementor-gallery-item__image\" data-thumbnail=\"https:\/\/www.tourismslovenia.eu\/wp-content\/uploads\/2025\/04\/2koper3-300x200.jpg\" data-width=\"300\" data-height=\"200\" aria-label=\"\" role=\"img\" ><\/div>\n\t\t\t\t\t\t\t\t\t\t\t<div class=\"elementor-gallery-item__overlay\"><\/div>\n\t\t\t\t\t\t\t\t\t\t\t\t\t\t<\/a>\n\t\t\t\t\t\t\t<a class=\"e-gallery-item elementor-gallery-item elementor-animated-content\" href=\"https:\/\/www.tourismslovenia.eu\/wp-content\/uploads\/2025\/04\/2koper2.jpg\" data-elementor-open-lightbox=\"yes\" data-elementor-lightbox-slideshow=\"7dcbd67\" data-elementor-lightbox-title=\"2koper2\" data-e-action-hash=\"#elementor-action%3Aaction%3Dlightbox%26settings%3DeyJpZCI6MTk4MSwidXJsIjoiaHR0cHM6XC9cL3d3dy50b3VyaXNtc2xvdmVuaWEuZXVcL3dwLWNvbnRlbnRcL3VwbG9hZHNcLzIwMjVcLzA0XC8ya29wZXIyLmpwZyIsInNsaWRlc2hvdyI6IjdkY2JkNjcifQ%3D%3D\">\n\t\t\t\t\t<div class=\"e-gallery-image elementor-gallery-item__image\" data-thumbnail=\"https:\/\/www.tourismslovenia.eu\/wp-content\/uploads\/2025\/04\/2koper2-300x200.jpg\" data-width=\"300\" data-height=\"200\" aria-label=\"\" role=\"img\" ><\/div>\n\t\t\t\t\t\t\t\t\t\t\t<div class=\"elementor-gallery-item__overlay\"><\/div>\n\t\t\t\t\t\t\t\t\t\t\t\t\t\t<\/a>\n\t\t\t\t\t<\/div>\n\t\t\t<\/div>\n\t\t\t\t<\/div>\n\t\t\t\t\t<\/div>\n\t\t\t\t<\/div>\n\t\t<div class=\"elementor-element elementor-element-561d74e e-flex e-con-boxed e-con e-parent\" data-id=\"561d74e\" data-element_type=\"container\">\n\t\t\t\t\t<div class=\"e-con-inner\">\n\t\t<div class=\"elementor-element elementor-element-850ee21 e-con-full e-flex e-con e-child\" data-id=\"850ee21\" data-element_type=\"container\">\n\t\t\t\t<div class=\"elementor-element elementor-element-9230867 elementor-widget__width-inherit elementor-widget-mobile__width-inherit   elementor-widget elementor-widget-heading\" data-id=\"9230867\" data-element_type=\"widget\" data-widget_type=\"heading.default\">\n\t\t\t\t<div class=\"elementor-widget-container\">\n\t\t\t<h2 class=\"elementor-heading-title elementor-size-default\">Interpretacija znamenitosti Kopra<\/h2>\t\t<\/div>\n\t\t\t\t<\/div>\n\t\t\t\t<div class=\"elementor-element elementor-element-4cc6f48 e-n-tabs-mobile elementor-widget elementor-widget-n-tabs\" data-id=\"4cc6f48\" data-element_type=\"widget\" data-settings=\"{&quot;tabs_justify_horizontal&quot;:&quot;start&quot;,&quot;horizontal_scroll&quot;:&quot;disable&quot;}\" data-widget_type=\"nested-tabs.default\">\n\t\t\t\t<div class=\"elementor-widget-container\">\n\t\t\t\t\t<div class=\"e-n-tabs\" data-widget-number=\"80506696\" aria-label=\"Tabs. Open items with Enter or Space, close with Escape and navigate using the Arrow keys.\">\n\t\t\t<div class=\"e-n-tabs-heading\" role=\"tablist\">\n\t\t\t\t\t<button id=\"e-n-tab-title-805066961\" class=\"e-n-tab-title\" aria-selected=\"true\" data-tab-index=\"1\" role=\"tab\" tabindex=\"0\" aria-controls=\"e-n-tab-content-805066961\" style=\"--n-tabs-title-order: 1;\">\n\t\t\t\t\t\t<span class=\"e-n-tab-title-text\">\n\t\t\t\tOpis\t\t\t<\/span>\n\t\t<\/button>\n\t\t\t\t<button id=\"e-n-tab-title-805066962\" class=\"e-n-tab-title\" aria-selected=\"false\" data-tab-index=\"2\" role=\"tab\" tabindex=\"-1\" aria-controls=\"e-n-tab-content-805066962\" style=\"--n-tabs-title-order: 2;\">\n\t\t\t\t\t\t<span class=\"e-n-tab-title-text\">\n\t\t\t\tProgram potovanja\t\t\t<\/span>\n\t\t<\/button>\n\t\t\t\t<button id=\"e-n-tab-title-805066963\" class=\"e-n-tab-title\" aria-selected=\"false\" data-tab-index=\"3\" role=\"tab\" tabindex=\"-1\" aria-controls=\"e-n-tab-content-805066963\" style=\"--n-tabs-title-order: 3;\">\n\t\t\t\t\t\t<span class=\"e-n-tab-title-text\">\n\t\t\t\tPregled\t\t\t<\/span>\n\t\t<\/button>\n\t\t\t\t<button id=\"e-n-tab-title-805066964\" class=\"e-n-tab-title\" aria-selected=\"false\" data-tab-index=\"4\" role=\"tab\" tabindex=\"-1\" aria-controls=\"e-n-tab-content-805066964\" style=\"--n-tabs-title-order: 4;\">\n\t\t\t\t\t\t<span class=\"e-n-tab-title-text\">\n\t\t\t\tCenik\t\t\t<\/span>\n\t\t<\/button>\n\t\t\t\t\t<\/div>\n\t\t\t<div class=\"e-n-tabs-content\">\n\t\t\t\t<div id=\"e-n-tab-content-805066961\" role=\"tabpanel\" aria-labelledby=\"e-n-tab-title-805066961\" data-tab-index=\"1\" style=\"--n-tabs-title-order: 1;\" class=\"e-active elementor-element elementor-element-cbdd889 e-con-full e-flex e-con e-child\" data-id=\"cbdd889\" data-element_type=\"container\">\n\t\t\t\t<div class=\"elementor-element elementor-element-55df408 elementor-widget elementor-widget-text-editor\" data-id=\"55df408\" data-element_type=\"widget\" data-widget_type=\"text-editor.default\">\n\t\t\t\t<div class=\"elementor-widget-container\">\n\t\t\t\t\t\t\t<p>Stopite v \u017eivahno zgodovino Kopra! S pomo\u010djo na\u0161ih nadarjenih lokalnih vodi\u010dev in kan\u010dkom igre bomo o\u017eivili najbolj fascinantne legende in tradicije mesta. Razi\u0161\u010dite glavne ulice in trge iz bene\u0161ke dobe ter do\u017eivite Koper na igriv in interaktiven na\u010din.<\/p>\t\t\t\t\t\t<\/div>\n\t\t\t\t<\/div>\n\t\t\t\t<\/div>\n\t\t<div id=\"e-n-tab-content-805066962\" role=\"tabpanel\" aria-labelledby=\"e-n-tab-title-805066962\" data-tab-index=\"2\" style=\"--n-tabs-title-order: 2;\" class=\"elementor-element elementor-element-b9ff5a7 e-con-full e-flex e-con e-child\" data-id=\"b9ff5a7\" data-element_type=\"container\">\n\t\t\t\t<div class=\"elementor-element elementor-element-c3f5d25 elementor-widget elementor-widget-text-editor\" data-id=\"c3f5d25\" data-element_type=\"widget\" data-widget_type=\"text-editor.default\">\n\t\t\t\t<div class=\"elementor-widget-container\">\n\t\t\t\t\t\t\t<ul><li>12:15 \u2013 Zbirali\u0161\u010de pri Turisti\u010dnem informacijskem centru Koper (Pretorijanska pala\u010da)<\/li><\/ul><p><strong>Kro\u017eni ogled Kopra z obiskom:<\/strong><\/p><ul><li>Titojev trg in Brolo<\/li><li>\u010cevljarska ulica<\/li><li>Pre\u0161ernov trg<\/li><li>Pristani\u0161ka ulica<\/li><li>Carpacciov trg<\/li><li>Kidri\u010deva ulica<\/li><\/ul><p>Zabavno raziskovanje skozi interpretativno pripovedovanje in interaktivne igre<\/p>\t\t\t\t\t\t<\/div>\n\t\t\t\t<\/div>\n\t\t\t\t<\/div>\n\t\t<div id=\"e-n-tab-content-805066963\" role=\"tabpanel\" aria-labelledby=\"e-n-tab-title-805066963\" data-tab-index=\"3\" style=\"--n-tabs-title-order: 3;\" class=\"elementor-element elementor-element-da66ee6 e-flex e-con-boxed e-con e-child\" data-id=\"da66ee6\" data-element_type=\"container\">\n\t\t\t\t\t<div class=\"e-con-inner\">\n\t\t\t\t<div class=\"elementor-element elementor-element-d0e772b elementor-widget elementor-widget-text-editor\" data-id=\"d0e772b\" data-element_type=\"widget\" data-widget_type=\"text-editor.default\">\n\t\t\t\t<div class=\"elementor-widget-container\">\n\t\t\t\t\t\t\t<p><strong>Trajanje<\/strong>Trajanje: 1 ura (12:30 \u2013 13:30)<\/p><p><strong>Dol\u017eina<\/strong> 3 km<\/p><p><strong>Lokacija<\/strong>: sredi\u0161\u010de mesta Koper<\/p><p><strong>Razpolo\u017eljivost:<\/strong> \u010ce vreme dopu\u0161\u010da<\/p><p><strong>Velikost skupine<\/strong>Brez minimalnega \u0161tevila udele\u017eencev; skupine do 30 oseb na vodi\u010da (ve\u010dje skupine se razdelijo)<\/p>\t\t\t\t\t\t<\/div>\n\t\t\t\t<\/div>\n\t\t\t\t\t<\/div>\n\t\t\t\t<\/div>\n\t\t<div id=\"e-n-tab-content-805066964\" role=\"tabpanel\" aria-labelledby=\"e-n-tab-title-805066964\" data-tab-index=\"4\" style=\"--n-tabs-title-order: 4;\" class=\"elementor-element elementor-element-014b6d9 e-flex e-con-boxed e-con e-child\" data-id=\"014b6d9\" data-element_type=\"container\">\n\t\t\t\t\t<div class=\"e-con-inner\">\n\t\t\t\t<div class=\"elementor-element elementor-element-6362380 elementor-widget elementor-widget-text-editor\" data-id=\"6362380\" data-element_type=\"widget\" data-widget_type=\"text-editor.default\">\n\t\t\t\t<div class=\"elementor-widget-container\">\n\t\t\t\t\t\t\t<p><strong>1 oseba + vodeni ogled Kopra:<\/strong> \u20ac14<\/p>\t\t\t\t\t\t<\/div>\n\t\t\t\t<\/div>\n\t\t\t\t\t<\/div>\n\t\t\t\t<\/div>\n\t\t\t\t\t<\/div>\n\t\t<\/div>\n\t\t\t\t<\/div>\n\t\t\t\t<\/div>\n\t\t\t\t<div class=\"elementor-element elementor-element-99bb7f1 elementor-widget__width-inherit elementor-widget-mobile__width-inherit   elementor-widget elementor-widget-heading\" data-id=\"99bb7f1\" data-element_type=\"widget\" data-widget_type=\"heading.default\">\n\t\t\t\t<div class=\"elementor-widget-container\">\n\t\t\t<h2 class=\"elementor-heading-title elementor-size-default\">Prosimo, upo\u0161tevajte<\/h2>\t\t<\/div>\n\t\t\t\t<\/div>\n\t\t\t\t<div class=\"elementor-element elementor-element-6336aa8 elementor-widget elementor-widget-text-editor\" data-id=\"6336aa8\" data-element_type=\"widget\" data-widget_type=\"text-editor.default\">\n\t\t\t\t<div class=\"elementor-widget-container\">\n\t\t\t\t\t\t\t<p data-start=\"0\" data-end=\"320\">Cena vklju\u010duje interpretativno voden ogled, interaktivne igre in zabavno raziskovanje glavnih znamenitosti mesta.<\/p><p data-start=\"0\" data-end=\"320\">\u00a0<\/p><p data-start=\"0\" data-end=\"320\"><strong data-start=\"0\" data-end=\"126\">Prosimo, upo\u0161tevajte, da je naslednji itinerarij za\u010dasen in ga je mogo\u010de prilagoditi glede na va\u0161e potrebe ali zaradi vremenskih pogojev.<\/strong> Trudimo se, da vam zagotovimo prilagojen itinerarij, ki bo ustrezal va\u0161im \u017eeljam in zahtevam. Vendar pa so spremembe lahko potrebne zaradi sezonskih dejavnikov ali nepredvidljivih vremenskih razmer.<\/p><p data-start=\"322\" data-end=\"653\" data-is-last-node=\"\" data-is-only-node=\"\">Ko oddate svojo rezervacijo, bomo pripravili prilagojen itinerarij s fiksno ceno za va\u0161e udobje. Imeli boste prilo\u017enost, da pregledate in potrdite itinerarij pred dokon\u010dno potrditvijo rezervacije. Na\u0161 cilj je, da vam zagotovimo najbolj\u0161o mo\u017eno izku\u0161njo, in veselimo se, da vam bomo pomagali pri na\u010drtovanju va\u0161e naslednje avanture.<\/p>\t\t\t\t\t\t<\/div>\n\t\t\t\t<\/div>\n\t\t\t\t<\/div>\n\t\t<div class=\"elementor-element elementor-element-2cea15f e-con-full e-flex e-con e-child\" data-id=\"2cea15f\" data-element_type=\"container\" data-settings=\"{&quot;sticky&quot;:&quot;top&quot;,&quot;sticky_offset&quot;:10,&quot;sticky_parent&quot;:&quot;yes&quot;,&quot;sticky_on&quot;:[&quot;desktop&quot;,&quot;tablet&quot;,&quot;mobile&quot;],&quot;sticky_effects_offset&quot;:0,&quot;sticky_anchor_link_offset&quot;:0}\">\n\t\t\t\t<div class=\"elementor-element elementor-element-d1bac74 elementor-widget__width-inherit elementor-widget-mobile__width-inherit   elementor-widget elementor-widget-heading\" data-id=\"d1bac74\" data-element_type=\"widget\" data-widget_type=\"heading.default\">\n\t\t\t\t<div class=\"elementor-widget-container\">\n\t\t\t<h2 class=\"elementor-heading-title elementor-size-default\">Rezerviraj termin:<\/h2>\t\t<\/div>\n\t\t\t\t<\/div>\n\t\t\t\t<div class=\"elementor-element elementor-element-37cf4e9 elementor-widget elementor-widget-html\" data-id=\"37cf4e9\" data-element_type=\"widget\" data-widget_type=\"html.default\">\n\t\t\t\t<div class=\"elementor-widget-container\">\n\t\t\t<script type=\"text\/javascript\" src=\"https:\/\/widgets.bokun.io\/assets\/javascripts\/apps\/build\/BokunWidgetsLoader.js?bookingChannelUUID=b33f5e36-6dad-446b-b2f2-e11a3ccdd01c\" async><\/script>\r\n     \r\n    <div class=\"bokunWidget\" data-src=\"https:\/\/widgets.bokun.io\/online-sales\/b33f5e36-6dad-446b-b2f2-e11a3ccdd01c\/experience-calendar\/1023848\"><\/div>\r\n    <noscript>Please enable javascript in your browser to book<\/noscript>\r\n\t\t<\/div>\n\t\t\t\t<\/div>\n\t\t\t\t<div class=\"elementor-element elementor-element-0e29631 elementor-widget elementor-widget-text-editor\" data-id=\"0e29631\" data-element_type=\"widget\" data-widget_type=\"text-editor.default\">\n\t\t\t\t<div class=\"elementor-widget-container\">\n\t\t\t\t\t\t\t<p data-start=\"0\" data-end=\"320\">Rezervacije so mo\u017ene preko spleta (predra\u010dun, PayPal, kartica) ali preko e-po\u0161te na <strong data-start=\"108\" data-end=\"135\" data-is-only-node=\"\"><a rel=\"noopener\" data-start=\"110\" data-end=\"133\">info@tourismslovenia.eu<\/a><\/strong> ali po telefonu na <strong data-start=\"151\" data-end=\"167\">040 42 52 62<\/strong>. Rezervacija je potrjena ob pla\u010dilu izleta.<\/p><p data-start=\"0\" data-end=\"320\">Ne zamudite te edinstvene prilo\u017enosti za raziskovanje slovenske obale na na\u010din, ki zdru\u017euje aktivnost, kulturo in gastronomijo. <strong data-start=\"395\" data-end=\"490\" data-is-last-node=\"\">Rezervirajte si svoje mesto \u0161e danes in se potopite v \u010dar gurmanskih sprehodov po Piranu!<\/strong><\/p>\t\t\t\t\t\t<\/div>\n\t\t\t\t<\/div>\n\t\t\t\t<\/div>\n\t\t\t\t\t<\/div>\n\t\t\t\t<\/div>\n\t\t<div class=\"elementor-element elementor-element-900a732   e-flex e-con-boxed e-con e-parent\" data-id=\"900a732\" data-element_type=\"container\">\n\t\t\t\t\t<div class=\"e-con-inner\">\n\t\t\t\t<div class=\"elementor-element elementor-element-bbd75c4 elementor-widget__width-inherit elementor-widget-mobile__width-inherit   elementor-widget elementor-widget-heading\" data-id=\"bbd75c4\" data-element_type=\"widget\" data-widget_type=\"heading.default\">\n\t\t\t\t<div class=\"elementor-widget-container\">\n\t\t\t<h2 class=\"elementor-heading-title elementor-size-default\">Podobni izdelki<\/h2>\t\t<\/div>\n\t\t\t\t<\/div>\n\t\t<div class=\"elementor-element elementor-element-84b7666   e-con-full e-flex e-con e-child\" data-id=\"84b7666\" data-element_type=\"container\">\n\t\t\t\t<div class=\"elementor-element elementor-element-93034ce elementor-widget__width-initial elementor-widget-mobile__width-inherit   elementor-position-top elementor-widget elementor-widget-image-box\" data-id=\"93034ce\" data-element_type=\"widget\" data-widget_type=\"image-box.default\">\n\t\t\t\t<div class=\"elementor-widget-container\">\n\t\t\t<div class=\"elementor-image-box-wrapper\"><figure class=\"elementor-image-box-img\"><a href=\"https:\/\/www.tourismslovenia.eu\/sl\/piran-pespoti-in-degustacija-hrane\/panoramski-razgledi-na-srednjeveski-piran\/\" tabindex=\"-1\"><img decoding=\"async\" width=\"1290\" height=\"860\" src=\"https:\/\/www.tourismslovenia.eu\/wp-content\/uploads\/2025\/04\/1skocjanski2.jpg\" class=\"attachment-full size-full wp-image-1969\" alt=\"\" srcset=\"https:\/\/www.tourismslovenia.eu\/wp-content\/uploads\/2025\/04\/1skocjanski2.jpg 1290w, https:\/\/www.tourismslovenia.eu\/wp-content\/uploads\/2025\/04\/1skocjanski2-300x200.jpg 300w, https:\/\/www.tourismslovenia.eu\/wp-content\/uploads\/2025\/04\/1skocjanski2-1024x683.jpg 1024w, https:\/\/www.tourismslovenia.eu\/wp-content\/uploads\/2025\/04\/1skocjanski2-768x512.jpg 768w, https:\/\/www.tourismslovenia.eu\/wp-content\/uploads\/2025\/04\/1skocjanski2-600x400.jpg 600w\" sizes=\"(max-width: 1290px) 100vw, 1290px\" \/><\/a><\/figure><div class=\"elementor-image-box-content\"><h3 class=\"elementor-image-box-title\"><a href=\"https:\/\/www.tourismslovenia.eu\/sl\/piran-pespoti-in-degustacija-hrane\/panoramski-razgledi-na-srednjeveski-piran\/\">Flora in favna \u0160kocjanskega zatoka<\/a><\/h3><p class=\"elementor-image-box-description\">Do\u017eivite naravo, prosto\u017eive\u010de \u017eivali in lokalne okuse v \u0160kocjanskem zatoku.\n<br>\n<a href=\"\/sl\/flora-in-favna-skocjanskega-zatoka\/\" class=\"custom-button\">Preberite ve\u010d &gt;<\/a>\n<\/p><\/div><\/div>\t\t<\/div>\n\t\t\t\t<\/div>\n\t\t\t\t<div class=\"elementor-element elementor-element-841195a elementor-widget__width-initial elementor-widget-mobile__width-inherit   elementor-position-top elementor-widget elementor-widget-image-box\" data-id=\"841195a\" data-element_type=\"widget\" data-widget_type=\"image-box.default\">\n\t\t\t\t<div class=\"elementor-widget-container\">\n\t\t\t<div class=\"elementor-image-box-wrapper\"><figure class=\"elementor-image-box-img\"><a href=\"#\" tabindex=\"-1\"><img decoding=\"async\" width=\"1290\" height=\"860\" src=\"https:\/\/www.tourismslovenia.eu\/wp-content\/uploads\/2025\/04\/3izolana3.jpg\" class=\"attachment-full size-full wp-image-1990\" alt=\"\" srcset=\"https:\/\/www.tourismslovenia.eu\/wp-content\/uploads\/2025\/04\/3izolana3.jpg 1290w, https:\/\/www.tourismslovenia.eu\/wp-content\/uploads\/2025\/04\/3izolana3-300x200.jpg 300w, https:\/\/www.tourismslovenia.eu\/wp-content\/uploads\/2025\/04\/3izolana3-1024x683.jpg 1024w, https:\/\/www.tourismslovenia.eu\/wp-content\/uploads\/2025\/04\/3izolana3-768x512.jpg 768w, https:\/\/www.tourismslovenia.eu\/wp-content\/uploads\/2025\/04\/3izolana3-600x400.jpg 600w\" sizes=\"(max-width: 1290px) 100vw, 1290px\" \/><\/a><\/figure><div class=\"elementor-image-box-content\"><h3 class=\"elementor-image-box-title\"><a href=\"#\">Zgodbe Izolane, Rexa in Parenzane<\/a><\/h3><p class=\"elementor-image-box-description\">Vo\u017enja skozi \u010das: podo\u017eivite zgodbe Rexa, Izole in Parenzane.\n<br>\n<a href=\"\/sl\/zgodbe-o-izolani-rexu-in-parenzani\/\" class=\"custom-button\">Preberite ve\u010d &gt;<\/a><\/p><\/div><\/div>\t\t<\/div>\n\t\t\t\t<\/div>\n\t\t\t\t<\/div>\n\t\t\t\t\t<\/div>\n\t\t\t\t<\/div>\n\t\t\t\t<\/div>","protected":false},"excerpt":{"rendered":"<p>Interpretation of Koper Highlights Description Itinerary Overview Pricing Step into the lively history of Koper! With the help of our talented local guides and a touch of acting, we will bring to life the most fascinating legends and traditions of the city. Explore the main streets and squares from the Venetian era and experience Koper [&hellip;]<\/p>","protected":false},"author":3,"featured_media":0,"parent":1449,"menu_order":0,"comment_status":"closed","ping_status":"closed","template":"elementor_header_footer","meta":{"footnotes":""},"class_list":["post-1807","page","type-page","status-publish","hentry"],"_links":{"self":[{"href":"https:\/\/www.tourismslovenia.eu\/sl\/wp-json\/wp\/v2\/pages\/1807","targetHints":{"allow":["GET"]}}],"collection":[{"href":"https:\/\/www.tourismslovenia.eu\/sl\/wp-json\/wp\/v2\/pages"}],"about":[{"href":"https:\/\/www.tourismslovenia.eu\/sl\/wp-json\/wp\/v2\/types\/page"}],"author":[{"embeddable":true,"href":"https:\/\/www.tourismslovenia.eu\/sl\/wp-json\/wp\/v2\/users\/3"}],"replies":[{"embeddable":true,"href":"https:\/\/www.tourismslovenia.eu\/sl\/wp-json\/wp\/v2\/comments?post=1807"}],"version-history":[{"count":19,"href":"https:\/\/www.tourismslovenia.eu\/sl\/wp-json\/wp\/v2\/pages\/1807\/revisions"}],"predecessor-version":[{"id":3080,"href":"https:\/\/www.tourismslovenia.eu\/sl\/wp-json\/wp\/v2\/pages\/1807\/revisions\/3080"}],"up":[{"embeddable":true,"href":"https:\/\/www.tourismslovenia.eu\/sl\/wp-json\/wp\/v2\/pages\/1449"}],"wp:attachment":[{"href":"https:\/\/www.tourismslovenia.eu\/sl\/wp-json\/wp\/v2\/media?parent=1807"}],"curies":[{"name":"wp","href":"https:\/\/api.w.org\/{rel}","templated":true}]}}