{"id":1265,"date":"2025-04-08T20:11:50","date_gmt":"2025-04-08T20:11:50","guid":{"rendered":"https:\/\/www.tourismslovenia.eu\/?page_id=1265"},"modified":"2025-05-17T15:23:23","modified_gmt":"2025-05-17T15:23:23","slug":"ita-rinas-apartment","status":"publish","type":"page","link":"https:\/\/www.tourismslovenia.eu\/sl\/ita-rinas-house\/ita-rinas-apartment\/","title":{"rendered":"Ita Rina\u2019s Apartment"},"content":{"rendered":"<div data-elementor-type=\"wp-post\" data-elementor-id=\"1265\" class=\"elementor elementor-1265\" data-elementor-post-type=\"page\">\n\t\t\t\t<div class=\"elementor-element elementor-element-9b2ef2c e-flex e-con-boxed e-con e-parent\" data-id=\"9b2ef2c\" data-element_type=\"container\">\n\t\t\t\t\t<div class=\"e-con-inner\">\n\t\t\t\t<div class=\"elementor-element elementor-element-f5e3343 elementor-widget__width-initial elementor-widget elementor-widget-image\" data-id=\"f5e3343\" data-element_type=\"widget\" data-widget_type=\"image.default\">\n\t\t\t\t<div class=\"elementor-widget-container\">\n\t\t\t\t\t\t\t\t\t\t\t\t\t<img fetchpriority=\"high\" decoding=\"async\" width=\"600\" height=\"450\" src=\"https:\/\/www.tourismslovenia.eu\/wp-content\/uploads\/2025\/04\/4-dnevna-ita-rina-600x450-1.jpg\" class=\"attachment-large size-large wp-image-1246\" alt=\"\" srcset=\"https:\/\/www.tourismslovenia.eu\/wp-content\/uploads\/2025\/04\/4-dnevna-ita-rina-600x450-1.jpg 600w, https:\/\/www.tourismslovenia.eu\/wp-content\/uploads\/2025\/04\/4-dnevna-ita-rina-600x450-1-300x225.jpg 300w\" sizes=\"(max-width: 600px) 100vw, 600px\" \/>\t\t\t\t\t\t\t\t\t\t\t\t\t<\/div>\n\t\t\t\t<\/div>\n\t\t\t\t<div class=\"elementor-element elementor-element-7dcbd67 elementor-widget elementor-widget-gallery\" data-id=\"7dcbd67\" data-element_type=\"widget\" data-settings=\"{&quot;gallery_layout&quot;:&quot;justified&quot;,&quot;_animation&quot;:&quot;none&quot;,&quot;ideal_row_height&quot;:{&quot;unit&quot;:&quot;px&quot;,&quot;size&quot;:200,&quot;sizes&quot;:[]},&quot;ideal_row_height_tablet&quot;:{&quot;unit&quot;:&quot;px&quot;,&quot;size&quot;:150,&quot;sizes&quot;:[]},&quot;ideal_row_height_mobile&quot;:{&quot;unit&quot;:&quot;px&quot;,&quot;size&quot;:150,&quot;sizes&quot;:[]},&quot;gap&quot;:{&quot;unit&quot;:&quot;px&quot;,&quot;size&quot;:10,&quot;sizes&quot;:[]},&quot;gap_tablet&quot;:{&quot;unit&quot;:&quot;px&quot;,&quot;size&quot;:10,&quot;sizes&quot;:[]},&quot;gap_mobile&quot;:{&quot;unit&quot;:&quot;px&quot;,&quot;size&quot;:10,&quot;sizes&quot;:[]},&quot;link_to&quot;:&quot;file&quot;,&quot;overlay_background&quot;:&quot;yes&quot;,&quot;content_hover_animation&quot;:&quot;fade-in&quot;}\" data-widget_type=\"gallery.default\">\n\t\t\t\t<div class=\"elementor-widget-container\">\n\t\t\t\t\t<div class=\"elementor-gallery__container\">\n\t\t\t\t\t\t\t<a class=\"e-gallery-item elementor-gallery-item elementor-animated-content\" href=\"https:\/\/www.tourismslovenia.eu\/wp-content\/uploads\/2025\/04\/5-kuhinja-ITA-KUHINJA2.jpg\" data-elementor-open-lightbox=\"yes\" data-elementor-lightbox-slideshow=\"7dcbd67\" data-elementor-lightbox-title=\"5-kuhinja-ITA-KUHINJA2\" data-e-action-hash=\"#elementor-action%3Aaction%3Dlightbox%26settings%3DeyJpZCI6MTI2NywidXJsIjoiaHR0cHM6XC9cL3d3dy50b3VyaXNtc2xvdmVuaWEuZXVcL3dwLWNvbnRlbnRcL3VwbG9hZHNcLzIwMjVcLzA0XC81LWt1aGluamEtSVRBLUtVSElOSkEyLmpwZyIsInNsaWRlc2hvdyI6IjdkY2JkNjcifQ%3D%3D\">\n\t\t\t\t\t<div class=\"e-gallery-image elementor-gallery-item__image\" data-thumbnail=\"https:\/\/www.tourismslovenia.eu\/wp-content\/uploads\/2025\/04\/5-kuhinja-ITA-KUHINJA2-300x225.jpg\" data-width=\"300\" data-height=\"225\" aria-label=\"\" role=\"img\" ><\/div>\n\t\t\t\t\t\t\t\t\t\t\t<div class=\"elementor-gallery-item__overlay\"><\/div>\n\t\t\t\t\t\t\t\t\t\t\t\t\t\t<\/a>\n\t\t\t\t\t\t\t<a class=\"e-gallery-item elementor-gallery-item elementor-animated-content\" href=\"https:\/\/www.tourismslovenia.eu\/wp-content\/uploads\/2025\/04\/6-ITA-RINA-soba.jpg\" data-elementor-open-lightbox=\"yes\" data-elementor-lightbox-slideshow=\"7dcbd67\" data-elementor-lightbox-title=\"6-ITA-RINA-soba\" data-e-action-hash=\"#elementor-action%3Aaction%3Dlightbox%26settings%3DeyJpZCI6MTI2OCwidXJsIjoiaHR0cHM6XC9cL3d3dy50b3VyaXNtc2xvdmVuaWEuZXVcL3dwLWNvbnRlbnRcL3VwbG9hZHNcLzIwMjVcLzA0XC82LUlUQS1SSU5BLXNvYmEuanBnIiwic2xpZGVzaG93IjoiN2RjYmQ2NyJ9\">\n\t\t\t\t\t<div class=\"e-gallery-image elementor-gallery-item__image\" data-thumbnail=\"https:\/\/www.tourismslovenia.eu\/wp-content\/uploads\/2025\/04\/6-ITA-RINA-soba-300x225.jpg\" data-width=\"300\" data-height=\"225\" aria-label=\"\" role=\"img\" ><\/div>\n\t\t\t\t\t\t\t\t\t\t\t<div class=\"elementor-gallery-item__overlay\"><\/div>\n\t\t\t\t\t\t\t\t\t\t\t\t\t\t<\/a>\n\t\t\t\t\t\t\t<a class=\"e-gallery-item elementor-gallery-item elementor-animated-content\" href=\"https:\/\/www.tourismslovenia.eu\/wp-content\/uploads\/2025\/04\/ita-rina2.jpg\" data-elementor-open-lightbox=\"yes\" data-elementor-lightbox-slideshow=\"7dcbd67\" data-elementor-lightbox-title=\"ita-rina2\" data-e-action-hash=\"#elementor-action%3Aaction%3Dlightbox%26settings%3DeyJpZCI6MTI2OSwidXJsIjoiaHR0cHM6XC9cL3d3dy50b3VyaXNtc2xvdmVuaWEuZXVcL3dwLWNvbnRlbnRcL3VwbG9hZHNcLzIwMjVcLzA0XC9pdGEtcmluYTIuanBnIiwic2xpZGVzaG93IjoiN2RjYmQ2NyJ9\">\n\t\t\t\t\t<div class=\"e-gallery-image elementor-gallery-item__image\" data-thumbnail=\"https:\/\/www.tourismslovenia.eu\/wp-content\/uploads\/2025\/04\/ita-rina2-300x207.jpg\" data-width=\"300\" data-height=\"207\" aria-label=\"\" role=\"img\" ><\/div>\n\t\t\t\t\t\t\t\t\t\t\t<div class=\"elementor-gallery-item__overlay\"><\/div>\n\t\t\t\t\t\t\t\t\t\t\t\t\t\t<\/a>\n\t\t\t\t\t\t\t<a class=\"e-gallery-item elementor-gallery-item elementor-animated-content\" href=\"https:\/\/www.tourismslovenia.eu\/wp-content\/uploads\/2025\/04\/ita-rina4.jpg\" data-elementor-open-lightbox=\"yes\" data-elementor-lightbox-slideshow=\"7dcbd67\" data-elementor-lightbox-title=\"ita-rina4\" data-e-action-hash=\"#elementor-action%3Aaction%3Dlightbox%26settings%3DeyJpZCI6MTI3MCwidXJsIjoiaHR0cHM6XC9cL3d3dy50b3VyaXNtc2xvdmVuaWEuZXVcL3dwLWNvbnRlbnRcL3VwbG9hZHNcLzIwMjVcLzA0XC9pdGEtcmluYTQuanBnIiwic2xpZGVzaG93IjoiN2RjYmQ2NyJ9\">\n\t\t\t\t\t<div class=\"e-gallery-image elementor-gallery-item__image\" data-thumbnail=\"https:\/\/www.tourismslovenia.eu\/wp-content\/uploads\/2025\/04\/ita-rina4-300x207.jpg\" data-width=\"300\" data-height=\"207\" aria-label=\"\" role=\"img\" ><\/div>\n\t\t\t\t\t\t\t\t\t\t\t<div class=\"elementor-gallery-item__overlay\"><\/div>\n\t\t\t\t\t\t\t\t\t\t\t\t\t\t<\/a>\n\t\t\t\t\t\t\t<a class=\"e-gallery-item elementor-gallery-item elementor-animated-content\" href=\"https:\/\/www.tourismslovenia.eu\/wp-content\/uploads\/2025\/04\/ita-rina5.jpg\" data-elementor-open-lightbox=\"yes\" data-elementor-lightbox-slideshow=\"7dcbd67\" data-elementor-lightbox-title=\"ita-rina5\" data-e-action-hash=\"#elementor-action%3Aaction%3Dlightbox%26settings%3DeyJpZCI6MTI3MSwidXJsIjoiaHR0cHM6XC9cL3d3dy50b3VyaXNtc2xvdmVuaWEuZXVcL3dwLWNvbnRlbnRcL3VwbG9hZHNcLzIwMjVcLzA0XC9pdGEtcmluYTUuanBnIiwic2xpZGVzaG93IjoiN2RjYmQ2NyJ9\">\n\t\t\t\t\t<div class=\"e-gallery-image elementor-gallery-item__image\" data-thumbnail=\"https:\/\/www.tourismslovenia.eu\/wp-content\/uploads\/2025\/04\/ita-rina5-300x207.jpg\" data-width=\"300\" data-height=\"207\" aria-label=\"\" role=\"img\" ><\/div>\n\t\t\t\t\t\t\t\t\t\t\t<div class=\"elementor-gallery-item__overlay\"><\/div>\n\t\t\t\t\t\t\t\t\t\t\t\t\t\t<\/a>\n\t\t\t\t\t<\/div>\n\t\t\t<\/div>\n\t\t\t\t<\/div>\n\t\t\t\t\t<\/div>\n\t\t\t\t<\/div>\n\t\t<div class=\"elementor-element elementor-element-561d74e e-flex e-con-boxed e-con e-parent\" data-id=\"561d74e\" data-element_type=\"container\">\n\t\t\t\t\t<div class=\"e-con-inner\">\n\t\t<div class=\"elementor-element elementor-element-850ee21 e-con-full e-flex e-con e-child\" data-id=\"850ee21\" data-element_type=\"container\">\n\t\t\t\t<div class=\"elementor-element elementor-element-9230867 elementor-widget__width-inherit elementor-widget-mobile__width-inherit   elementor-widget elementor-widget-heading\" data-id=\"9230867\" data-element_type=\"widget\" data-widget_type=\"heading.default\">\n\t\t\t\t<div class=\"elementor-widget-container\">\n\t\t\t<h2 class=\"elementor-heading-title elementor-size-default\">Ita Rina\u2019s Apartment<\/h2>\t\t<\/div>\n\t\t\t\t<\/div>\n\t\t\t\t<div class=\"elementor-element elementor-element-4cc6f48 e-n-tabs-mobile elementor-widget elementor-widget-n-tabs\" data-id=\"4cc6f48\" data-element_type=\"widget\" data-settings=\"{&quot;tabs_justify_horizontal&quot;:&quot;start&quot;,&quot;horizontal_scroll&quot;:&quot;disable&quot;}\" data-widget_type=\"nested-tabs.default\">\n\t\t\t\t<div class=\"elementor-widget-container\">\n\t\t\t\t\t<div class=\"e-n-tabs\" data-widget-number=\"80506696\" aria-label=\"Tabs. Open items with Enter or Space, close with Escape and navigate using the Arrow keys.\">\n\t\t\t<div class=\"e-n-tabs-heading\" role=\"tablist\">\n\t\t\t\t\t<button id=\"e-n-tab-title-805066961\" class=\"e-n-tab-title\" aria-selected=\"true\" data-tab-index=\"1\" role=\"tab\" tabindex=\"0\" aria-controls=\"e-n-tab-content-805066961\" style=\"--n-tabs-title-order: 1;\">\n\t\t\t\t\t\t<span class=\"e-n-tab-title-text\">\n\t\t\t\tOpis\t\t\t<\/span>\n\t\t<\/button>\n\t\t\t\t<button id=\"e-n-tab-title-805066962\" class=\"e-n-tab-title\" aria-selected=\"false\" data-tab-index=\"2\" role=\"tab\" tabindex=\"-1\" aria-controls=\"e-n-tab-content-805066962\" style=\"--n-tabs-title-order: 2;\">\n\t\t\t\t\t\t<span class=\"e-n-tab-title-text\">\n\t\t\t\tPregled\t\t\t<\/span>\n\t\t<\/button>\n\t\t\t\t<button id=\"e-n-tab-title-805066963\" class=\"e-n-tab-title\" aria-selected=\"false\" data-tab-index=\"3\" role=\"tab\" tabindex=\"-1\" aria-controls=\"e-n-tab-content-805066963\" style=\"--n-tabs-title-order: 3;\">\n\t\t\t\t\t\t<span class=\"e-n-tab-title-text\">\n\t\t\t\tCenik\t\t\t<\/span>\n\t\t<\/button>\n\t\t\t\t\t<\/div>\n\t\t\t<div class=\"e-n-tabs-content\">\n\t\t\t\t<div id=\"e-n-tab-content-805066961\" role=\"tabpanel\" aria-labelledby=\"e-n-tab-title-805066961\" data-tab-index=\"1\" style=\"--n-tabs-title-order: 1;\" class=\"e-active elementor-element elementor-element-cbdd889 e-con-full e-flex e-con e-child\" data-id=\"cbdd889\" data-element_type=\"container\">\n\t\t\t\t<div class=\"elementor-element elementor-element-5ab8ad7 elementor-widget elementor-widget-text-editor\" data-id=\"5ab8ad7\" data-element_type=\"widget\" data-widget_type=\"text-editor.default\">\n\t\t\t\t<div class=\"elementor-widget-container\">\n\t\t\t\t\t\t\t<p><span style=\"font-weight: 400;\">Ita Rina\u2019s Apartment je prostoren apartma v zgornjem nadstropju zgodovinske hi\u0161e v sredi\u0161\u010du Bovca. Sprejme do 6 oseb in vklju\u010duje dve ve\u010dji spalnici z zakonsko posteljo, popolnoma opremljeno kuhinjo, jedilnico, dnevni prostor ter notranji balkon. Hi\u0161a je bila neko\u010d dom prve slovenske filmske zvezde \u2013 Ita Rine, originalno pohi\u0161tvo pa je ro\u010dno izdelal njen bratranec in je v apartmaju \u0161e danes ohranjeno.<\/span><\/p><p><b>Naslov:<\/b><span style=\"font-weight: 400;\"> Dvor 38, 5230 Bovec, Slovenia<\/span><\/p>\t\t\t\t\t\t<\/div>\n\t\t\t\t<\/div>\n\t\t\t\t<\/div>\n\t\t<div id=\"e-n-tab-content-805066962\" role=\"tabpanel\" aria-labelledby=\"e-n-tab-title-805066962\" data-tab-index=\"2\" style=\"--n-tabs-title-order: 2;\" class=\"elementor-element elementor-element-da66ee6 e-flex e-con-boxed e-con e-child\" data-id=\"da66ee6\" data-element_type=\"container\">\n\t\t\t\t\t<div class=\"e-con-inner\">\n\t\t\t\t<div class=\"elementor-element elementor-element-fe7a42d elementor-widget elementor-widget-text-editor\" data-id=\"fe7a42d\" data-element_type=\"widget\" data-widget_type=\"text-editor.default\">\n\t\t\t\t<div class=\"elementor-widget-container\">\n\t\t\t\t\t\t\t<ul><li style=\"font-weight: 400;\" aria-level=\"1\"><span style=\"font-weight: 400;\">Nahaja se v zgornjem nadstropju<\/span><\/li><li style=\"font-weight: 400;\" aria-level=\"1\"><span style=\"font-weight: 400;\">Primerno za do 6 oseb<\/span><\/li><li style=\"font-weight: 400;\" aria-level=\"1\"><span style=\"font-weight: 400;\">Dve prostorni spalnici z zakonsko posteljo<\/span><\/li><li style=\"font-weight: 400;\" aria-level=\"1\"><span style=\"font-weight: 400;\">Dodatno le\u017ei\u0161\u010de na raztegljivem kav\u010du v dnevni sobi<\/span><\/li><li style=\"font-weight: 400;\" aria-level=\"1\"><span style=\"font-weight: 400;\">Popolnoma opremljena kuhinja in jedilnica<\/span><\/li><li style=\"font-weight: 400;\" aria-level=\"1\"><span style=\"font-weight: 400;\">Kopalnica s tu\u0161em<\/span><\/li><li style=\"font-weight: 400;\" aria-level=\"1\"><span style=\"font-weight: 400;\">Notranji balkon<\/span><\/li><li style=\"font-weight: 400;\" aria-level=\"1\"><span style=\"font-weight: 400;\">Majhna terasa in vrt z ribnikom<\/span><\/li><li style=\"font-weight: 400;\" aria-level=\"1\"><span style=\"font-weight: 400;\">Naravni izvir gorske vode na vrtu<\/span><\/li><li style=\"font-weight: 400;\" aria-level=\"1\"><span style=\"font-weight: 400;\">Wi-Fi in kabelska televizija<\/span><\/li><li style=\"font-weight: 400;\" aria-level=\"1\"><span style=\"font-weight: 400;\">Posteljnina in brisa\u010de vklju\u010dene<\/span><\/li><li style=\"font-weight: 400;\" aria-level=\"1\"><span style=\"font-weight: 400;\">\u010ci\u0161\u010denje ob odhodu<\/span><\/li><li style=\"font-weight: 400;\" aria-level=\"1\"><span style=\"font-weight: 400;\">Ogrevanje v zimskem \u010dasu<\/span><\/li><li style=\"font-weight: 400;\" aria-level=\"1\"><span style=\"font-weight: 400;\">Parkiri\u0161\u010de na voljo<\/span><\/li><li style=\"font-weight: 400;\" aria-level=\"1\"><span style=\"font-weight: 400;\">Shramba za \u0161portno opremo<\/span><\/li><li style=\"font-weight: 400;\" aria-level=\"1\"><span style=\"font-weight: 400;\">Neomejena uporaba koles in pohodnih palic<\/span><\/li><li style=\"font-weight: 400;\" aria-level=\"1\"><span style=\"font-weight: 400;\">Prijava: po 15:00<\/span><\/li><li style=\"font-weight: 400;\" aria-level=\"1\"><span style=\"font-weight: 400;\">Odjava: do 10:00<\/span><\/li><\/ul>\t\t\t\t\t\t<\/div>\n\t\t\t\t<\/div>\n\t\t\t\t\t<\/div>\n\t\t\t\t<\/div>\n\t\t<div id=\"e-n-tab-content-805066963\" role=\"tabpanel\" aria-labelledby=\"e-n-tab-title-805066963\" data-tab-index=\"3\" style=\"--n-tabs-title-order: 3;\" class=\"elementor-element elementor-element-014b6d9 e-flex e-con-boxed e-con e-child\" data-id=\"014b6d9\" data-element_type=\"container\">\n\t\t\t\t\t<div class=\"e-con-inner\">\n\t\t\t\t<div class=\"elementor-element elementor-element-3334697 elementor-widget elementor-widget-text-editor\" data-id=\"3334697\" data-element_type=\"widget\" data-widget_type=\"text-editor.default\">\n\t\t\t\t<div class=\"elementor-widget-container\">\n\t\t\t\t\t\t\t<ul><li style=\"font-weight: 400;\" aria-level=\"1\"><b>No\u010ditev v apartmaju (1 oseba):<\/b><span style=\"font-weight: 400;\"> \u20ac60.00<\/span><\/li><\/ul><p><em><span style=\"font-weight: 400;\">Cene se lahko razlikujejo glede na \u0161tevilo oseb, \u0161tevilo no\u010ditev in letni \u010das.<\/span><span style=\"font-weight: 400;\"><br \/><\/span><span style=\"font-weight: 400;\">Turisti\u010dna in promocijska taksa nista vklju\u010deni v ceno.<\/span><\/em><\/p>\t\t\t\t\t\t<\/div>\n\t\t\t\t<\/div>\n\t\t\t\t\t<\/div>\n\t\t\t\t<\/div>\n\t\t\t\t\t<\/div>\n\t\t<\/div>\n\t\t\t\t<\/div>\n\t\t\t\t<\/div>\n\t\t\t\t<\/div>\n\t\t<div class=\"elementor-element elementor-element-fd975c8 e-con-full e-flex e-con e-child\" data-id=\"fd975c8\" data-element_type=\"container\" data-settings=\"{&quot;sticky&quot;:&quot;top&quot;,&quot;sticky_offset&quot;:10,&quot;sticky_parent&quot;:&quot;yes&quot;,&quot;sticky_on&quot;:[&quot;desktop&quot;,&quot;tablet&quot;,&quot;mobile&quot;],&quot;sticky_effects_offset&quot;:0,&quot;sticky_anchor_link_offset&quot;:0}\">\n\t\t\t\t<div class=\"elementor-element elementor-element-c5ee83a elementor-widget__width-inherit elementor-widget-mobile__width-inherit   elementor-widget elementor-widget-heading\" data-id=\"c5ee83a\" data-element_type=\"widget\" data-widget_type=\"heading.default\">\n\t\t\t\t<div class=\"elementor-widget-container\">\n\t\t\t<h2 class=\"elementor-heading-title elementor-size-default\">Po\u0161lji povpra\u0161evanje:<\/h2>\t\t<\/div>\n\t\t\t\t<\/div>\n\t\t\t\t<div class=\"elementor-element elementor-element-41fc2c9 elementor-button-align-stretch elementor-widget elementor-widget-form\" data-id=\"41fc2c9\" data-element_type=\"widget\" data-settings=\"{&quot;step_next_label&quot;:&quot;Next&quot;,&quot;step_previous_label&quot;:&quot;Previous&quot;,&quot;button_width&quot;:&quot;100&quot;,&quot;step_type&quot;:&quot;number_text&quot;,&quot;step_icon_shape&quot;:&quot;circle&quot;}\" data-widget_type=\"form.default\">\n\t\t\t\t<div class=\"elementor-widget-container\">\n\t\t\t\t\t<form class=\"elementor-form\" method=\"post\" name=\"New Form\" action=\"\">\n\t\t\t<input type=\"hidden\" name=\"post_id\" value=\"1265\"\/>\n\t\t\t<input type=\"hidden\" name=\"form_id\" value=\"41fc2c9\"\/>\n\t\t\t<input type=\"hidden\" name=\"referer_title\" value=\"\" \/>\n\n\t\t\t\n\t\t\t<div class=\"elementor-form-fields-wrapper elementor-labels-above\">\n\t\t\t\t\t\t\t\t<div class=\"elementor-field-type-text elementor-field-group elementor-column elementor-field-group-name elementor-col-100\">\n\t\t\t\t\t\t\t\t\t\t\t\t<label for=\"form-field-name\" class=\"elementor-field-label\">\n\t\t\t\t\t\t\t\tIme\t\t\t\t\t\t\t<\/label>\n\t\t\t\t\t\t\t\t\t\t\t\t\t\t<input size=\"1\" type=\"text\" name=\"form_fields[name]\" id=\"form-field-name\" class=\"elementor-field elementor-size-sm  elementor-field-textual\" placeholder=\"Ime\">\n\t\t\t\t\t\t\t\t\t\t\t<\/div>\n\t\t\t\t\t\t\t\t<div class=\"elementor-field-type-email elementor-field-group elementor-column elementor-field-group-email elementor-col-100 elementor-field-required\">\n\t\t\t\t\t\t\t\t\t\t\t\t<label for=\"form-field-email\" class=\"elementor-field-label\">\n\t\t\t\t\t\t\t\tE-po\u0161ta\t\t\t\t\t\t\t<\/label>\n\t\t\t\t\t\t\t\t\t\t\t\t\t\t<input size=\"1\" type=\"email\" name=\"form_fields[email]\" id=\"form-field-email\" class=\"elementor-field elementor-size-sm  elementor-field-textual\" placeholder=\"E-po\u0161ta\" required=\"required\" aria-required=\"true\">\n\t\t\t\t\t\t\t\t\t\t\t<\/div>\n\t\t\t\t\t\t\t\t<div class=\"elementor-field-type-textarea elementor-field-group elementor-column elementor-field-group-message elementor-col-100\">\n\t\t\t\t\t\t\t\t\t\t\t\t<label for=\"form-field-message\" class=\"elementor-field-label\">\n\t\t\t\t\t\t\t\tSporo\u010dilo\t\t\t\t\t\t\t<\/label>\n\t\t\t\t\t\t<textarea class=\"elementor-field-textual elementor-field  elementor-size-sm\" name=\"form_fields[message]\" id=\"form-field-message\" rows=\"4\" placeholder=\"Sporo\u010dilo\"><\/textarea>\t\t\t\t<\/div>\n\t\t\t\t\t\t\t\t<div class=\"elementor-field-group elementor-column elementor-field-type-submit elementor-col-100 e-form__buttons\">\n\t\t\t\t\t<button class=\"elementor-button elementor-size-sm\" type=\"submit\">\n\t\t\t\t\t\t<span class=\"elementor-button-content-wrapper\">\n\t\t\t\t\t\t\t\t\t\t\t\t\t\t\t\t\t\t\t\t\t\t<span class=\"elementor-button-text\">Po\u0161lji<\/span>\n\t\t\t\t\t\t\t\t\t\t\t\t\t<\/span>\n\t\t\t\t\t<\/button>\n\t\t\t\t<\/div>\n\t\t\t<\/div>\n\t\t<input type=\"hidden\" name=\"trp-form-language\" value=\"sl\"\/><\/form>\n\t\t\t\t<\/div>\n\t\t\t\t<\/div>\n\t\t\t\t<\/div>\n\t\t\t\t\t<\/div>\n\t\t\t\t<\/div>\n\t\t<div class=\"elementor-element elementor-element-900a732   e-flex e-con-boxed e-con e-parent\" data-id=\"900a732\" data-element_type=\"container\">\n\t\t\t\t\t<div class=\"e-con-inner\">\n\t\t\t\t<div class=\"elementor-element elementor-element-bbd75c4 elementor-widget__width-inherit elementor-widget-mobile__width-inherit   elementor-widget elementor-widget-heading\" data-id=\"bbd75c4\" data-element_type=\"widget\" data-widget_type=\"heading.default\">\n\t\t\t\t<div class=\"elementor-widget-container\">\n\t\t\t<h2 class=\"elementor-heading-title elementor-size-default\">Podobni izdelki<\/h2>\t\t<\/div>\n\t\t\t\t<\/div>\n\t\t<div class=\"elementor-element elementor-element-84b7666   e-con-full e-flex e-con e-child\" data-id=\"84b7666\" data-element_type=\"container\">\n\t\t\t\t<div class=\"elementor-element elementor-element-68fe61a elementor-widget__width-initial elementor-widget-mobile__width-inherit   elementor-position-top elementor-widget elementor-widget-image-box\" data-id=\"68fe61a\" data-element_type=\"widget\" data-widget_type=\"image-box.default\">\n\t\t\t\t<div class=\"elementor-widget-container\">\n\t\t\t<div class=\"elementor-image-box-wrapper\"><figure class=\"elementor-image-box-img\"><a href=\"https:\/\/www.tourismslovenia.eu\/sl\/ita-rinas-house\/genyk-apartment\/\" tabindex=\"-1\"><img decoding=\"async\" width=\"600\" height=\"413\" src=\"https:\/\/www.tourismslovenia.eu\/wp-content\/uploads\/2025\/04\/genyk1-600x413-1.jpg\" class=\"attachment-full size-full wp-image-1245\" alt=\"\" srcset=\"https:\/\/www.tourismslovenia.eu\/wp-content\/uploads\/2025\/04\/genyk1-600x413-1.jpg 600w, https:\/\/www.tourismslovenia.eu\/wp-content\/uploads\/2025\/04\/genyk1-600x413-1-300x207.jpg 300w\" sizes=\"(max-width: 600px) 100vw, 600px\" \/><\/a><\/figure><div class=\"elementor-image-box-content\"><h3 class=\"elementor-image-box-title\"><a href=\"https:\/\/www.tourismslovenia.eu\/sl\/ita-rinas-house\/genyk-apartment\/\">\"Genyk\" Apartment<\/a><\/h3><p class=\"elementor-image-box-description\">Udoben dupleks apartma, idealen za pare, z ljubkim zunanjim balkonom. Kot nala\u0161\u010d za sprostitev v mirnem gorskem okolju.<br>\n<a href=\"https:\/\/www.tourismslovenia.eu\/sl\/ita-rinas-house\/genyk-apartment\/\" class=\"custom-button\">Preberite ve\u010d &gt;<\/a><\/p><\/div><\/div>\t\t<\/div>\n\t\t\t\t<\/div>\n\t\t\t\t<div class=\"elementor-element elementor-element-ce281b6 elementor-widget__width-initial elementor-widget-mobile__width-inherit   elementor-position-top elementor-widget elementor-widget-image-box\" data-id=\"ce281b6\" data-element_type=\"widget\" data-widget_type=\"image-box.default\">\n\t\t\t\t<div class=\"elementor-widget-container\">\n\t\t\t<div class=\"elementor-image-box-wrapper\"><figure class=\"elementor-image-box-img\"><a href=\"https:\/\/www.tourismslovenia.eu\/sl\/the-green-house\/green-apartment\/\" tabindex=\"-1\"><img decoding=\"async\" width=\"1024\" height=\"576\" src=\"https:\/\/www.tourismslovenia.eu\/wp-content\/uploads\/2025\/04\/2green1.jpg\" class=\"attachment-full size-full wp-image-1296\" alt=\"\" srcset=\"https:\/\/www.tourismslovenia.eu\/wp-content\/uploads\/2025\/04\/2green1.jpg 1024w, https:\/\/www.tourismslovenia.eu\/wp-content\/uploads\/2025\/04\/2green1-300x169.jpg 300w, https:\/\/www.tourismslovenia.eu\/wp-content\/uploads\/2025\/04\/2green1-768x432.jpg 768w, https:\/\/www.tourismslovenia.eu\/wp-content\/uploads\/2025\/04\/2green1-600x338.jpg 600w\" sizes=\"(max-width: 1024px) 100vw, 1024px\" \/><\/a><\/figure><div class=\"elementor-image-box-content\"><h3 class=\"elementor-image-box-title\"><a href=\"https:\/\/www.tourismslovenia.eu\/sl\/the-green-house\/green-apartment\/\">Green Apartment<\/a><\/h3><p class=\"elementor-image-box-description\">Mansardni apartma z dvema spalnicama, kuhinjo in kopalnico. Mehki zeleni toni ustvarjajo mirno vzdu\u0161je.\n \n<br><br>\n<a href=\"https:\/\/www.tourismslovenia.eu\/sl\/the-green-house\/green-apartment\/\" class=\"custom-button\">Preberite ve\u010d &gt;<\/a>\n<\/p><\/div><\/div>\t\t<\/div>\n\t\t\t\t<\/div>\n\t\t\t\t<div class=\"elementor-element elementor-element-5c22bd5 elementor-widget__width-initial elementor-widget-mobile__width-inherit   elementor-position-top elementor-widget elementor-widget-image-box\" data-id=\"5c22bd5\" data-element_type=\"widget\" data-widget_type=\"image-box.default\">\n\t\t\t\t<div class=\"elementor-widget-container\">\n\t\t\t<div class=\"elementor-image-box-wrapper\"><figure class=\"elementor-image-box-img\"><a href=\"https:\/\/www.tourismslovenia.eu\/sl\/bovec-holiday-house\/pink-double-room\/\" tabindex=\"-1\"><img loading=\"lazy\" decoding=\"async\" width=\"1024\" height=\"683\" src=\"https:\/\/www.tourismslovenia.eu\/wp-content\/uploads\/2025\/04\/4pink33.png\" class=\"attachment-full size-full wp-image-1106\" alt=\"\" srcset=\"https:\/\/www.tourismslovenia.eu\/wp-content\/uploads\/2025\/04\/4pink33.png 1024w, https:\/\/www.tourismslovenia.eu\/wp-content\/uploads\/2025\/04\/4pink33-300x200.png 300w, https:\/\/www.tourismslovenia.eu\/wp-content\/uploads\/2025\/04\/4pink33-768x512.png 768w, https:\/\/www.tourismslovenia.eu\/wp-content\/uploads\/2025\/04\/4pink33-600x400.png 600w\" sizes=\"(max-width: 1024px) 100vw, 1024px\" \/><\/a><\/figure><div class=\"elementor-image-box-content\"><h3 class=\"elementor-image-box-title\"><a href=\"https:\/\/www.tourismslovenia.eu\/sl\/bovec-holiday-house\/pink-double-room\/\">Pink Double Room<\/a><\/h3><p class=\"elementor-image-box-description\">Tudi ta soba se nahaja v mansardi in nudi \u010dudovit pogled na Svinjak, simbol Bovca. Opremljena je s komodo z ogledalom, kar prispeva k njenemu doma\u010demu \u0161armu. <br><br>\n<a href=\"https:\/\/www.tourismslovenia.eu\/sl\/bovec-holiday-house\/pink-double-room\/\" class=\"custom-button\">Preberite ve\u010d &gt;<\/a>\n<\/p><\/div><\/div>\t\t<\/div>\n\t\t\t\t<\/div>\n\t\t\t\t<\/div>\n\t\t\t\t\t<\/div>\n\t\t\t\t<\/div>\n\t\t\t\t<\/div>","protected":false},"excerpt":{"rendered":"<p>Ita Rina\u2019s Apartment Description Overview Pricing Ita Rina\u2019s Apartment is a spacious upper-floor apartment located in a historical house in the center of Bovec. It accommodates up to 6 guests and includes two large double bedrooms, a fully equipped kitchen, a dining and living area, and an indoor balcony. The house was once home to [&hellip;]<\/p>","protected":false},"author":3,"featured_media":0,"parent":1256,"menu_order":0,"comment_status":"closed","ping_status":"draft","template":"elementor_header_footer","meta":{"footnotes":""},"class_list":["post-1265","page","type-page","status-publish","hentry"],"_links":{"self":[{"href":"https:\/\/www.tourismslovenia.eu\/sl\/wp-json\/wp\/v2\/pages\/1265","targetHints":{"allow":["GET"]}}],"collection":[{"href":"https:\/\/www.tourismslovenia.eu\/sl\/wp-json\/wp\/v2\/pages"}],"about":[{"href":"https:\/\/www.tourismslovenia.eu\/sl\/wp-json\/wp\/v2\/types\/page"}],"author":[{"embeddable":true,"href":"https:\/\/www.tourismslovenia.eu\/sl\/wp-json\/wp\/v2\/users\/3"}],"replies":[{"embeddable":true,"href":"https:\/\/www.tourismslovenia.eu\/sl\/wp-json\/wp\/v2\/comments?post=1265"}],"version-history":[{"count":31,"href":"https:\/\/www.tourismslovenia.eu\/sl\/wp-json\/wp\/v2\/pages\/1265\/revisions"}],"predecessor-version":[{"id":3046,"href":"https:\/\/www.tourismslovenia.eu\/sl\/wp-json\/wp\/v2\/pages\/1265\/revisions\/3046"}],"up":[{"embeddable":true,"href":"https:\/\/www.tourismslovenia.eu\/sl\/wp-json\/wp\/v2\/pages\/1256"}],"wp:attachment":[{"href":"https:\/\/www.tourismslovenia.eu\/sl\/wp-json\/wp\/v2\/media?parent=1265"}],"curies":[{"name":"wp","href":"https:\/\/api.w.org\/{rel}","templated":true}]}}