{"id":1165,"date":"2025-04-07T17:47:05","date_gmt":"2025-04-07T17:47:05","guid":{"rendered":"https:\/\/www.tourismslovenia.eu\/?page_id=1165"},"modified":"2025-05-17T15:09:08","modified_gmt":"2025-05-17T15:09:08","slug":"double-room-with-balcony","status":"publish","type":"page","link":"https:\/\/www.tourismslovenia.eu\/sl\/bovec-holiday-house\/double-room-with-balcony\/","title":{"rendered":"Double Room with Balcony"},"content":{"rendered":"<div data-elementor-type=\"wp-post\" data-elementor-id=\"1165\" class=\"elementor elementor-1165\" data-elementor-post-type=\"page\">\n\t\t\t\t<div class=\"elementor-element elementor-element-9b2ef2c e-flex e-con-boxed e-con e-parent\" data-id=\"9b2ef2c\" data-element_type=\"container\">\n\t\t\t\t\t<div class=\"e-con-inner\">\n\t\t\t\t<div class=\"elementor-element elementor-element-f5e3343 elementor-widget__width-initial elementor-widget elementor-widget-image\" data-id=\"f5e3343\" data-element_type=\"widget\" data-widget_type=\"image.default\">\n\t\t\t\t<div class=\"elementor-widget-container\">\n\t\t\t\t\t\t\t\t\t\t\t\t\t<img fetchpriority=\"high\" decoding=\"async\" width=\"640\" height=\"480\" src=\"https:\/\/www.tourismslovenia.eu\/wp-content\/uploads\/2025\/04\/3withbalcony33.png\" class=\"attachment-large size-large wp-image-1105\" alt=\"\" srcset=\"https:\/\/www.tourismslovenia.eu\/wp-content\/uploads\/2025\/04\/3withbalcony33.png 1024w, https:\/\/www.tourismslovenia.eu\/wp-content\/uploads\/2025\/04\/3withbalcony33-300x225.png 300w, https:\/\/www.tourismslovenia.eu\/wp-content\/uploads\/2025\/04\/3withbalcony33-768x576.png 768w, https:\/\/www.tourismslovenia.eu\/wp-content\/uploads\/2025\/04\/3withbalcony33-600x450.png 600w\" sizes=\"(max-width: 640px) 100vw, 640px\" \/>\t\t\t\t\t\t\t\t\t\t\t\t\t<\/div>\n\t\t\t\t<\/div>\n\t\t\t\t<div class=\"elementor-element elementor-element-7dcbd67 elementor-widget elementor-widget-gallery\" data-id=\"7dcbd67\" data-element_type=\"widget\" data-settings=\"{&quot;gallery_layout&quot;:&quot;justified&quot;,&quot;_animation&quot;:&quot;none&quot;,&quot;ideal_row_height&quot;:{&quot;unit&quot;:&quot;px&quot;,&quot;size&quot;:200,&quot;sizes&quot;:[]},&quot;ideal_row_height_tablet&quot;:{&quot;unit&quot;:&quot;px&quot;,&quot;size&quot;:150,&quot;sizes&quot;:[]},&quot;ideal_row_height_mobile&quot;:{&quot;unit&quot;:&quot;px&quot;,&quot;size&quot;:150,&quot;sizes&quot;:[]},&quot;gap&quot;:{&quot;unit&quot;:&quot;px&quot;,&quot;size&quot;:10,&quot;sizes&quot;:[]},&quot;gap_tablet&quot;:{&quot;unit&quot;:&quot;px&quot;,&quot;size&quot;:10,&quot;sizes&quot;:[]},&quot;gap_mobile&quot;:{&quot;unit&quot;:&quot;px&quot;,&quot;size&quot;:10,&quot;sizes&quot;:[]},&quot;link_to&quot;:&quot;file&quot;,&quot;overlay_background&quot;:&quot;yes&quot;,&quot;content_hover_animation&quot;:&quot;fade-in&quot;}\" data-widget_type=\"gallery.default\">\n\t\t\t\t<div class=\"elementor-widget-container\">\n\t\t\t\t\t<div class=\"elementor-gallery__container\">\n\t\t\t\t\t\t\t<a class=\"e-gallery-item elementor-gallery-item elementor-animated-content\" href=\"https:\/\/www.tourismslovenia.eu\/wp-content\/uploads\/2025\/04\/3withbalcony11.jpg\" data-elementor-open-lightbox=\"yes\" data-elementor-lightbox-slideshow=\"7dcbd67\" data-elementor-lightbox-title=\"3withbalcony11\" data-e-action-hash=\"#elementor-action%3Aaction%3Dlightbox%26settings%3DeyJpZCI6MTE2NywidXJsIjoiaHR0cHM6XC9cL3d3dy50b3VyaXNtc2xvdmVuaWEuZXVcL3dwLWNvbnRlbnRcL3VwbG9hZHNcLzIwMjVcLzA0XC8zd2l0aGJhbGNvbnkxMS5qcGciLCJzbGlkZXNob3ciOiI3ZGNiZDY3In0%3D\">\n\t\t\t\t\t<div class=\"e-gallery-image elementor-gallery-item__image\" data-thumbnail=\"https:\/\/www.tourismslovenia.eu\/wp-content\/uploads\/2025\/04\/3withbalcony11-300x200.jpg\" data-width=\"300\" data-height=\"200\" aria-label=\"\" role=\"img\" ><\/div>\n\t\t\t\t\t\t\t\t\t\t\t<div class=\"elementor-gallery-item__overlay\"><\/div>\n\t\t\t\t\t\t\t\t\t\t\t\t\t\t<\/a>\n\t\t\t\t\t\t\t<a class=\"e-gallery-item elementor-gallery-item elementor-animated-content\" href=\"https:\/\/www.tourismslovenia.eu\/wp-content\/uploads\/2025\/04\/3withbalcony22.jpg\" data-elementor-open-lightbox=\"yes\" data-elementor-lightbox-slideshow=\"7dcbd67\" data-elementor-lightbox-title=\"3withbalcony22\" data-e-action-hash=\"#elementor-action%3Aaction%3Dlightbox%26settings%3DeyJpZCI6MTE2OCwidXJsIjoiaHR0cHM6XC9cL3d3dy50b3VyaXNtc2xvdmVuaWEuZXVcL3dwLWNvbnRlbnRcL3VwbG9hZHNcLzIwMjVcLzA0XC8zd2l0aGJhbGNvbnkyMi5qcGciLCJzbGlkZXNob3ciOiI3ZGNiZDY3In0%3D\">\n\t\t\t\t\t<div class=\"e-gallery-image elementor-gallery-item__image\" data-thumbnail=\"https:\/\/www.tourismslovenia.eu\/wp-content\/uploads\/2025\/04\/3withbalcony22-300x200.jpg\" data-width=\"300\" data-height=\"200\" aria-label=\"\" role=\"img\" ><\/div>\n\t\t\t\t\t\t\t\t\t\t\t<div class=\"elementor-gallery-item__overlay\"><\/div>\n\t\t\t\t\t\t\t\t\t\t\t\t\t\t<\/a>\n\t\t\t\t\t\t\t<a class=\"e-gallery-item elementor-gallery-item elementor-animated-content\" href=\"https:\/\/www.tourismslovenia.eu\/wp-content\/uploads\/2025\/04\/3withbalcony44.jpg\" data-elementor-open-lightbox=\"yes\" data-elementor-lightbox-slideshow=\"7dcbd67\" data-elementor-lightbox-title=\"3withbalcony44\" data-e-action-hash=\"#elementor-action%3Aaction%3Dlightbox%26settings%3DeyJpZCI6MTE2OSwidXJsIjoiaHR0cHM6XC9cL3d3dy50b3VyaXNtc2xvdmVuaWEuZXVcL3dwLWNvbnRlbnRcL3VwbG9hZHNcLzIwMjVcLzA0XC8zd2l0aGJhbGNvbnk0NC5qcGciLCJzbGlkZXNob3ciOiI3ZGNiZDY3In0%3D\">\n\t\t\t\t\t<div class=\"e-gallery-image elementor-gallery-item__image\" data-thumbnail=\"https:\/\/www.tourismslovenia.eu\/wp-content\/uploads\/2025\/04\/3withbalcony44-300x200.jpg\" data-width=\"300\" data-height=\"200\" aria-label=\"\" role=\"img\" ><\/div>\n\t\t\t\t\t\t\t\t\t\t\t<div class=\"elementor-gallery-item__overlay\"><\/div>\n\t\t\t\t\t\t\t\t\t\t\t\t\t\t<\/a>\n\t\t\t\t\t<\/div>\n\t\t\t<\/div>\n\t\t\t\t<\/div>\n\t\t\t\t\t<\/div>\n\t\t\t\t<\/div>\n\t\t<div class=\"elementor-element elementor-element-561d74e e-flex e-con-boxed e-con e-parent\" data-id=\"561d74e\" data-element_type=\"container\">\n\t\t\t\t\t<div class=\"e-con-inner\">\n\t\t<div class=\"elementor-element elementor-element-850ee21 e-con-full e-flex e-con e-child\" data-id=\"850ee21\" data-element_type=\"container\">\n\t\t\t\t<div class=\"elementor-element elementor-element-9230867 elementor-widget__width-inherit elementor-widget-mobile__width-inherit   elementor-widget elementor-widget-heading\" data-id=\"9230867\" data-element_type=\"widget\" data-widget_type=\"heading.default\">\n\t\t\t\t<div class=\"elementor-widget-container\">\n\t\t\t<h2 class=\"elementor-heading-title elementor-size-default\">Double Room with Balcony<\/h2>\t\t<\/div>\n\t\t\t\t<\/div>\n\t\t\t\t<div class=\"elementor-element elementor-element-4cc6f48 e-n-tabs-mobile elementor-widget elementor-widget-n-tabs\" data-id=\"4cc6f48\" data-element_type=\"widget\" data-settings=\"{&quot;tabs_justify_horizontal&quot;:&quot;start&quot;,&quot;horizontal_scroll&quot;:&quot;disable&quot;}\" data-widget_type=\"nested-tabs.default\">\n\t\t\t\t<div class=\"elementor-widget-container\">\n\t\t\t\t\t<div class=\"e-n-tabs\" data-widget-number=\"80506696\" aria-label=\"Tabs. Open items with Enter or Space, close with Escape and navigate using the Arrow keys.\">\n\t\t\t<div class=\"e-n-tabs-heading\" role=\"tablist\">\n\t\t\t\t\t<button id=\"e-n-tab-title-805066961\" class=\"e-n-tab-title\" aria-selected=\"true\" data-tab-index=\"1\" role=\"tab\" tabindex=\"0\" aria-controls=\"e-n-tab-content-805066961\" style=\"--n-tabs-title-order: 1;\">\n\t\t\t\t\t\t<span class=\"e-n-tab-title-text\">\n\t\t\t\tOpis\t\t\t<\/span>\n\t\t<\/button>\n\t\t\t\t<button id=\"e-n-tab-title-805066962\" class=\"e-n-tab-title\" aria-selected=\"false\" data-tab-index=\"2\" role=\"tab\" tabindex=\"-1\" aria-controls=\"e-n-tab-content-805066962\" style=\"--n-tabs-title-order: 2;\">\n\t\t\t\t\t\t<span class=\"e-n-tab-title-text\">\n\t\t\t\tPregled\t\t\t<\/span>\n\t\t<\/button>\n\t\t\t\t<button id=\"e-n-tab-title-805066963\" class=\"e-n-tab-title\" aria-selected=\"false\" data-tab-index=\"3\" role=\"tab\" tabindex=\"-1\" aria-controls=\"e-n-tab-content-805066963\" style=\"--n-tabs-title-order: 3;\">\n\t\t\t\t\t\t<span class=\"e-n-tab-title-text\">\n\t\t\t\tCenik\t\t\t<\/span>\n\t\t<\/button>\n\t\t\t\t\t<\/div>\n\t\t\t<div class=\"e-n-tabs-content\">\n\t\t\t\t<div id=\"e-n-tab-content-805066961\" role=\"tabpanel\" aria-labelledby=\"e-n-tab-title-805066961\" data-tab-index=\"1\" style=\"--n-tabs-title-order: 1;\" class=\"e-active elementor-element elementor-element-cbdd889 e-con-full e-flex e-con e-child\" data-id=\"cbdd889\" data-element_type=\"container\">\n\t\t\t\t<div class=\"elementor-element elementor-element-5ab8ad7 elementor-widget elementor-widget-text-editor\" data-id=\"5ab8ad7\" data-element_type=\"widget\" data-widget_type=\"text-editor.default\">\n\t\t\t\t<div class=\"elementor-widget-container\">\n\t\t\t\t\t\t\t<p><span style=\"font-weight: 400;\">Double Room with Balcony se nahaja v mansardi po\u010ditni\u0161ke hi\u0161e Bovec in ponuja \u010dudovit razgled na smu\u010di\u0161\u010de Kanin. Soba vklju\u010duje manj\u0161i jedilni koti\u010dek, televizijo, hladilnik in elektri\u010dni grelnik vode \u2014 popolno za prijeten zajtrk v udobju sobe. Gostje lahko stopijo tudi na zasebni balkon, kjer lahko u\u017eivajo ob kozarcu vina in razgledu na gore. Kopalnica je v skupni rabi.<\/span><\/p><p><b>Naslov:<\/b><span style=\"font-weight: 400;\"> Brdo 54, 5230 Bovec, Slovenija<\/span><\/p>\t\t\t\t\t\t<\/div>\n\t\t\t\t<\/div>\n\t\t\t\t<\/div>\n\t\t<div id=\"e-n-tab-content-805066962\" role=\"tabpanel\" aria-labelledby=\"e-n-tab-title-805066962\" data-tab-index=\"2\" style=\"--n-tabs-title-order: 2;\" class=\"elementor-element elementor-element-da66ee6 e-flex e-con-boxed e-con e-child\" data-id=\"da66ee6\" data-element_type=\"container\">\n\t\t\t\t\t<div class=\"e-con-inner\">\n\t\t\t\t<div class=\"elementor-element elementor-element-fe7a42d elementor-widget elementor-widget-text-editor\" data-id=\"fe7a42d\" data-element_type=\"widget\" data-widget_type=\"text-editor.default\">\n\t\t\t\t<div class=\"elementor-widget-container\">\n\t\t\t\t\t\t\t<ul><li style=\"font-weight: 400;\" aria-level=\"1\"><span style=\"font-weight: 400;\">Nahaja se v mansardi<\/span><\/li><li style=\"font-weight: 400;\" aria-level=\"1\"><span style=\"font-weight: 400;\">Primerno za 2 osebi<\/span><\/li><li style=\"font-weight: 400;\" aria-level=\"1\"><span style=\"font-weight: 400;\">Zakonska postelja<\/span><\/li><li style=\"font-weight: 400;\" aria-level=\"1\"><span style=\"font-weight: 400;\">Manj\u0161a jedilna miza s stoli<\/span><\/li><li style=\"font-weight: 400;\" aria-level=\"1\"><span style=\"font-weight: 400;\">Televizija<\/span><\/li><li style=\"font-weight: 400;\" aria-level=\"1\"><span style=\"font-weight: 400;\">Hladilnik in elektri\u010dni grelnik vode<\/span><\/li><li style=\"font-weight: 400;\" aria-level=\"1\"><span style=\"font-weight: 400;\">Zaseben balkon z razgledom na gore<\/span><\/li><li style=\"font-weight: 400;\" aria-level=\"1\"><span style=\"font-weight: 400;\">Skupna kopalnica s tu\u0161em<\/span><\/li><li style=\"font-weight: 400;\" aria-level=\"1\"><span style=\"font-weight: 400;\">Ogrevanje v zimskem \u010dasu<\/span><\/li><li style=\"font-weight: 400;\" aria-level=\"1\"><span style=\"font-weight: 400;\">Wi-Fi in kabelska televizija<\/span><\/li><li style=\"font-weight: 400;\" aria-level=\"1\"><span style=\"font-weight: 400;\">Posteljnina in brisa\u010de vklju\u010dene<\/span><\/li><li style=\"font-weight: 400;\" aria-level=\"1\"><span style=\"font-weight: 400;\">\u010ci\u0161\u010denje ob odhodu<\/span><\/li><li style=\"font-weight: 400;\" aria-level=\"1\"><span style=\"font-weight: 400;\">Hrana iz bio vrta<\/span><\/li><li style=\"font-weight: 400;\" aria-level=\"1\"><span style=\"font-weight: 400;\">Parkiri\u0161\u010de in gara\u017ea za motorje in kolesa<\/span><\/li><li style=\"font-weight: 400;\" aria-level=\"1\"><span style=\"font-weight: 400;\">Shramba za \u0161portno opremo<\/span><\/li><li style=\"font-weight: 400;\" aria-level=\"1\"><span style=\"font-weight: 400;\">Neomejena uporaba koles in pohodnih palic<\/span><\/li><li style=\"font-weight: 400;\" aria-level=\"1\"><span style=\"font-weight: 400;\">Prijava: po 14:00<\/span><\/li><li style=\"font-weight: 400;\" aria-level=\"1\"><span style=\"font-weight: 400;\">Odjava: do 11:00<\/span><\/li><\/ul>\t\t\t\t\t\t<\/div>\n\t\t\t\t<\/div>\n\t\t\t\t\t<\/div>\n\t\t\t\t<\/div>\n\t\t<div id=\"e-n-tab-content-805066963\" role=\"tabpanel\" aria-labelledby=\"e-n-tab-title-805066963\" data-tab-index=\"3\" style=\"--n-tabs-title-order: 3;\" class=\"elementor-element elementor-element-014b6d9 e-flex e-con-boxed e-con e-child\" data-id=\"014b6d9\" data-element_type=\"container\">\n\t\t\t\t\t<div class=\"e-con-inner\">\n\t\t\t\t<div class=\"elementor-element elementor-element-bea64be elementor-widget elementor-widget-text-editor\" data-id=\"bea64be\" data-element_type=\"widget\" data-widget_type=\"text-editor.default\">\n\t\t\t\t<div class=\"elementor-widget-container\">\n\t\t\t\t\t\t\t<ul><li style=\"font-weight: 400;\" aria-level=\"1\"><b>No\u010ditev v dvoposteljni sobi (1 oseba):<\/b><span style=\"font-weight: 400;\"> \u20ac50.00<\/span><\/li><\/ul><p><em><span style=\"font-weight: 400;\">Cene se lahko razlikujejo glede na \u0161tevilo oseb, \u0161tevilo no\u010ditev in letni \u010das.<\/span><span style=\"font-weight: 400;\"><br \/><\/span><span style=\"font-weight: 400;\">Turisti\u010dna in promocijska taksa nista vklju\u010deni v ceno.<\/span><\/em><\/p>\t\t\t\t\t\t<\/div>\n\t\t\t\t<\/div>\n\t\t\t\t\t<\/div>\n\t\t\t\t<\/div>\n\t\t\t\t\t<\/div>\n\t\t<\/div>\n\t\t\t\t<\/div>\n\t\t\t\t<\/div>\n\t\t\t\t<div class=\"elementor-element elementor-element-99bb7f1 elementor-widget__width-inherit elementor-widget-mobile__width-inherit   elementor-widget elementor-widget-heading\" data-id=\"99bb7f1\" data-element_type=\"widget\" data-widget_type=\"heading.default\">\n\t\t\t\t<div class=\"elementor-widget-container\">\n\t\t\t<h2 class=\"elementor-heading-title elementor-size-default\">Koledar<\/h2>\t\t<\/div>\n\t\t\t\t<\/div>\n\t\t\t\t<div class=\"elementor-element elementor-element-018b105 elementor-widget elementor-widget-html\" data-id=\"018b105\" data-element_type=\"widget\" data-widget_type=\"html.default\">\n\t\t\t\t<div class=\"elementor-widget-container\">\n\t\t\t<script src=\"\/\/www.bentral.com\/service\/embed\/calendar.js?uid=5f5467324d515f4d&months=1&cols=1&last=true&width=full&key=fdf012a3da71eeba3907f6729ea9f690\"><\/script>\t\t<\/div>\n\t\t\t\t<\/div>\n\t\t\t\t<\/div>\n\t\t<div class=\"elementor-element elementor-element-2cea15f e-con-full e-flex e-con e-child\" data-id=\"2cea15f\" data-element_type=\"container\" data-settings=\"{&quot;sticky&quot;:&quot;top&quot;,&quot;sticky_offset&quot;:10,&quot;sticky_parent&quot;:&quot;yes&quot;,&quot;sticky_on&quot;:[&quot;desktop&quot;,&quot;tablet&quot;,&quot;mobile&quot;],&quot;sticky_effects_offset&quot;:0,&quot;sticky_anchor_link_offset&quot;:0}\">\n\t\t\t\t<div class=\"elementor-element elementor-element-d1bac74 elementor-widget__width-inherit elementor-widget-mobile__width-inherit   elementor-widget elementor-widget-heading\" data-id=\"d1bac74\" data-element_type=\"widget\" data-widget_type=\"heading.default\">\n\t\t\t\t<div class=\"elementor-widget-container\">\n\t\t\t<h2 class=\"elementor-heading-title elementor-size-default\">Rezerviraj termin:<\/h2>\t\t<\/div>\n\t\t\t\t<\/div>\n\t\t\t\t<div class=\"elementor-element elementor-element-2c7a072 elementor-widget__width-inherit elementor-widget elementor-widget-html\" data-id=\"2c7a072\" data-element_type=\"widget\" data-widget_type=\"html.default\">\n\t\t\t\t<div class=\"elementor-widget-container\">\n\t\t\t<script src=\"\/\/www.bentral.com\/service\/embed\/booking.js?id=327a494e&unit=5f5467324d515f4d&width=full&poweredby=0&key=fdf012a3da71eeba3907f6729ea9f690\"><\/script>\t\t<\/div>\n\t\t\t\t<\/div>\n\t\t\t\t<\/div>\n\t\t\t\t\t<\/div>\n\t\t\t\t<\/div>\n\t\t<div class=\"elementor-element elementor-element-c9d2be6   e-flex e-con-boxed e-con e-parent\" data-id=\"c9d2be6\" data-element_type=\"container\">\n\t\t\t\t\t<div class=\"e-con-inner\">\n\t\t\t\t<div class=\"elementor-element elementor-element-01287ec elementor-widget__width-inherit elementor-widget-mobile__width-inherit   elementor-widget elementor-widget-heading\" data-id=\"01287ec\" data-element_type=\"widget\" data-widget_type=\"heading.default\">\n\t\t\t\t<div class=\"elementor-widget-container\">\n\t\t\t<h2 class=\"elementor-heading-title elementor-size-default\">Podobni izdelki<\/h2>\t\t<\/div>\n\t\t\t\t<\/div>\n\t\t<div class=\"elementor-element elementor-element-2ee319c   e-con-full e-flex e-con e-child\" data-id=\"2ee319c\" data-element_type=\"container\">\n\t\t\t\t<div class=\"elementor-element elementor-element-51cd784 elementor-widget__width-initial elementor-widget-mobile__width-inherit   elementor-position-top elementor-widget elementor-widget-image-box\" data-id=\"51cd784\" data-element_type=\"widget\" data-widget_type=\"image-box.default\">\n\t\t\t\t<div class=\"elementor-widget-container\">\n\t\t\t<div class=\"elementor-image-box-wrapper\"><figure class=\"elementor-image-box-img\"><a href=\"https:\/\/www.tourismslovenia.eu\/sl\/bovec-holiday-house\/flower-flat-with-bio-garden\/\" tabindex=\"-1\"><img decoding=\"async\" width=\"1290\" height=\"860\" src=\"https:\/\/www.tourismslovenia.eu\/wp-content\/uploads\/2025\/04\/2flower11.jpg\" class=\"attachment-full size-full wp-image-1104\" alt=\"\" srcset=\"https:\/\/www.tourismslovenia.eu\/wp-content\/uploads\/2025\/04\/2flower11.jpg 1290w, https:\/\/www.tourismslovenia.eu\/wp-content\/uploads\/2025\/04\/2flower11-300x200.jpg 300w, https:\/\/www.tourismslovenia.eu\/wp-content\/uploads\/2025\/04\/2flower11-1024x683.jpg 1024w, https:\/\/www.tourismslovenia.eu\/wp-content\/uploads\/2025\/04\/2flower11-768x512.jpg 768w, https:\/\/www.tourismslovenia.eu\/wp-content\/uploads\/2025\/04\/2flower11-600x400.jpg 600w\" sizes=\"(max-width: 1290px) 100vw, 1290px\" \/><\/a><\/figure><div class=\"elementor-image-box-content\"><h3 class=\"elementor-image-box-title\"><a href=\"https:\/\/www.tourismslovenia.eu\/sl\/bovec-holiday-house\/flower-flat-with-bio-garden\/\">Flower Flat with Bio Garden<\/a><\/h3><p class=\"elementor-image-box-description\">Apartma velikosti 70 m\u00b2 sprejme do pet gostov v dveh lo\u010denih spalnicah. Pona\u0161a se z zasebnim bio vrtom, ki nudi mirno okolje za sprostitev. <br>\n<a href=\"https:\/\/www.tourismslovenia.eu\/sl\/bovec-holiday-house\/flower-flat-with-bio-garden\/\" class=\"custom-button\">Preberite ve\u010d &gt;<\/a><\/p><\/div><\/div>\t\t<\/div>\n\t\t\t\t<\/div>\n\t\t\t\t<div class=\"elementor-element elementor-element-7b401c2 elementor-widget__width-initial elementor-widget-mobile__width-inherit   elementor-position-top elementor-widget elementor-widget-image-box\" data-id=\"7b401c2\" data-element_type=\"widget\" data-widget_type=\"image-box.default\">\n\t\t\t\t<div class=\"elementor-widget-container\">\n\t\t\t<div class=\"elementor-image-box-wrapper\"><figure class=\"elementor-image-box-img\"><a href=\"#\" tabindex=\"-1\"><img decoding=\"async\" width=\"1024\" height=\"683\" src=\"https:\/\/www.tourismslovenia.eu\/wp-content\/uploads\/2025\/04\/4pink33.png\" class=\"attachment-full size-full wp-image-1106\" alt=\"\" srcset=\"https:\/\/www.tourismslovenia.eu\/wp-content\/uploads\/2025\/04\/4pink33.png 1024w, https:\/\/www.tourismslovenia.eu\/wp-content\/uploads\/2025\/04\/4pink33-300x200.png 300w, https:\/\/www.tourismslovenia.eu\/wp-content\/uploads\/2025\/04\/4pink33-768x512.png 768w, https:\/\/www.tourismslovenia.eu\/wp-content\/uploads\/2025\/04\/4pink33-600x400.png 600w\" sizes=\"(max-width: 1024px) 100vw, 1024px\" \/><\/a><\/figure><div class=\"elementor-image-box-content\"><h3 class=\"elementor-image-box-title\"><a href=\"#\">Pink Double Room<\/a><\/h3><p class=\"elementor-image-box-description\">Tudi ta soba se nahaja v mansardi in nudi \u010dudovit pogled na Svinjak, simbol Bovca. Opremljena je s komodo z ogledalom, kar prispeva k njenemu doma\u010demu \u0161armu. <br><br>\n<a href=\"\/sl\/pink-double-room\/\" class=\"custom-button\">Preberite ve\u010d &gt;<\/a>\n<\/p><\/div><\/div>\t\t<\/div>\n\t\t\t\t<\/div>\n\t\t\t\t<div class=\"elementor-element elementor-element-4636d51 elementor-widget__width-initial elementor-widget-mobile__width-inherit   elementor-position-top elementor-widget elementor-widget-image-box\" data-id=\"4636d51\" data-element_type=\"widget\" data-widget_type=\"image-box.default\">\n\t\t\t\t<div class=\"elementor-widget-container\">\n\t\t\t<div class=\"elementor-image-box-wrapper\"><figure class=\"elementor-image-box-img\"><a href=\"https:\/\/www.tourismslovenia.eu\/sl\/bovec-holiday-house\/blue-twin-room\/\" tabindex=\"-1\"><img loading=\"lazy\" decoding=\"async\" width=\"600\" height=\"413\" src=\"https:\/\/www.tourismslovenia.eu\/wp-content\/uploads\/2025\/04\/blue1-600x413-1.jpg\" class=\"attachment-full size-full wp-image-1107\" alt=\"\" srcset=\"https:\/\/www.tourismslovenia.eu\/wp-content\/uploads\/2025\/04\/blue1-600x413-1.jpg 600w, https:\/\/www.tourismslovenia.eu\/wp-content\/uploads\/2025\/04\/blue1-600x413-1-300x207.jpg 300w\" sizes=\"(max-width: 600px) 100vw, 600px\" \/><\/a><\/figure><div class=\"elementor-image-box-content\"><h3 class=\"elementor-image-box-title\"><a href=\"https:\/\/www.tourismslovenia.eu\/sl\/bovec-holiday-house\/blue-twin-room\/\">Blue Twin Room<\/a><\/h3><p class=\"elementor-image-box-description\">Ta soba ima dve lo\u010deni postelji in si kuhinjo ter kopalnico deli z drugimi sobami. Namenjena je gostom, ki i\u0161\u010dejo preprosto in udobno nastanitev. <br><br>\n<a href=\"\/sl\/blue-twin-room\/\" class=\"custom-button\">Preberite ve\u010d &gt;<\/a><\/p><\/div><\/div>\t\t<\/div>\n\t\t\t\t<\/div>\n\t\t\t\t<\/div>\n\t\t\t\t\t<\/div>\n\t\t\t\t<\/div>\n\t\t\t\t<\/div>","protected":false},"excerpt":{"rendered":"<p>Double Room with Balcony Description Overview Pricing Double Room with Balcony is located in the attic of Bovec Holiday House and offers a stunning view of the Kanin Ski Resort. The room features a small dining corner, a TV, refrigerator, and an electric kettle \u2014 perfect for enjoying a cozy breakfast. Guests can also step [&hellip;]<\/p>","protected":false},"author":3,"featured_media":0,"parent":1098,"menu_order":0,"comment_status":"closed","ping_status":"draft","template":"elementor_header_footer","meta":{"footnotes":""},"class_list":["post-1165","page","type-page","status-publish","hentry"],"_links":{"self":[{"href":"https:\/\/www.tourismslovenia.eu\/sl\/wp-json\/wp\/v2\/pages\/1165","targetHints":{"allow":["GET"]}}],"collection":[{"href":"https:\/\/www.tourismslovenia.eu\/sl\/wp-json\/wp\/v2\/pages"}],"about":[{"href":"https:\/\/www.tourismslovenia.eu\/sl\/wp-json\/wp\/v2\/types\/page"}],"author":[{"embeddable":true,"href":"https:\/\/www.tourismslovenia.eu\/sl\/wp-json\/wp\/v2\/users\/3"}],"replies":[{"embeddable":true,"href":"https:\/\/www.tourismslovenia.eu\/sl\/wp-json\/wp\/v2\/comments?post=1165"}],"version-history":[{"count":49,"href":"https:\/\/www.tourismslovenia.eu\/sl\/wp-json\/wp\/v2\/pages\/1165\/revisions"}],"predecessor-version":[{"id":3035,"href":"https:\/\/www.tourismslovenia.eu\/sl\/wp-json\/wp\/v2\/pages\/1165\/revisions\/3035"}],"up":[{"embeddable":true,"href":"https:\/\/www.tourismslovenia.eu\/sl\/wp-json\/wp\/v2\/pages\/1098"}],"wp:attachment":[{"href":"https:\/\/www.tourismslovenia.eu\/sl\/wp-json\/wp\/v2\/media?parent=1165"}],"curies":[{"name":"wp","href":"https:\/\/api.w.org\/{rel}","templated":true}]}}