{"id":1812,"date":"2025-04-27T20:47:13","date_gmt":"2025-04-27T20:47:13","guid":{"rendered":"https:\/\/www.tourismslovenia.eu\/?page_id=1812"},"modified":"2025-05-17T15:41:20","modified_gmt":"2025-05-17T15:41:20","slug":"le-storie-di-izolana-rex-e-parenzana","status":"publish","type":"page","link":"https:\/\/www.tourismslovenia.eu\/it\/koper\/le-storie-di-izolana-rex-e-parenzana\/","title":{"rendered":"Le storie di Izolana, Rex e Parenzana"},"content":{"rendered":"<div data-elementor-type=\"wp-post\" data-elementor-id=\"1812\" class=\"elementor elementor-1812\" data-elementor-post-type=\"page\">\n\t\t\t\t<div class=\"elementor-element elementor-element-9b2ef2c e-flex e-con-boxed e-con e-parent\" data-id=\"9b2ef2c\" data-element_type=\"container\">\n\t\t\t\t\t<div class=\"e-con-inner\">\n\t\t\t\t<div class=\"elementor-element elementor-element-f5e3343 elementor-widget__width-initial elementor-widget elementor-widget-image\" data-id=\"f5e3343\" data-element_type=\"widget\" data-widget_type=\"image.default\">\n\t\t\t\t<div class=\"elementor-widget-container\">\n\t\t\t\t\t\t\t\t\t\t\t\t\t<img fetchpriority=\"high\" decoding=\"async\" width=\"640\" height=\"427\" src=\"https:\/\/www.tourismslovenia.eu\/wp-content\/uploads\/2025\/04\/3izolana3-1024x683.jpg\" class=\"attachment-large size-large wp-image-1990\" alt=\"\" srcset=\"https:\/\/www.tourismslovenia.eu\/wp-content\/uploads\/2025\/04\/3izolana3-1024x683.jpg 1024w, https:\/\/www.tourismslovenia.eu\/wp-content\/uploads\/2025\/04\/3izolana3-300x200.jpg 300w, https:\/\/www.tourismslovenia.eu\/wp-content\/uploads\/2025\/04\/3izolana3-768x512.jpg 768w, https:\/\/www.tourismslovenia.eu\/wp-content\/uploads\/2025\/04\/3izolana3-600x400.jpg 600w, https:\/\/www.tourismslovenia.eu\/wp-content\/uploads\/2025\/04\/3izolana3.jpg 1290w\" sizes=\"(max-width: 640px) 100vw, 640px\" \/>\t\t\t\t\t\t\t\t\t\t\t\t\t<\/div>\n\t\t\t\t<\/div>\n\t\t\t\t<div class=\"elementor-element elementor-element-7dcbd67 elementor-widget elementor-widget-gallery\" data-id=\"7dcbd67\" data-element_type=\"widget\" data-settings=\"{&quot;gallery_layout&quot;:&quot;justified&quot;,&quot;ideal_row_height&quot;:{&quot;unit&quot;:&quot;px&quot;,&quot;size&quot;:133,&quot;sizes&quot;:[]},&quot;_animation&quot;:&quot;none&quot;,&quot;ideal_row_height_tablet&quot;:{&quot;unit&quot;:&quot;px&quot;,&quot;size&quot;:150,&quot;sizes&quot;:[]},&quot;ideal_row_height_mobile&quot;:{&quot;unit&quot;:&quot;px&quot;,&quot;size&quot;:150,&quot;sizes&quot;:[]},&quot;gap&quot;:{&quot;unit&quot;:&quot;px&quot;,&quot;size&quot;:10,&quot;sizes&quot;:[]},&quot;gap_tablet&quot;:{&quot;unit&quot;:&quot;px&quot;,&quot;size&quot;:10,&quot;sizes&quot;:[]},&quot;gap_mobile&quot;:{&quot;unit&quot;:&quot;px&quot;,&quot;size&quot;:10,&quot;sizes&quot;:[]},&quot;link_to&quot;:&quot;file&quot;,&quot;overlay_background&quot;:&quot;yes&quot;,&quot;content_hover_animation&quot;:&quot;fade-in&quot;}\" data-widget_type=\"gallery.default\">\n\t\t\t\t<div class=\"elementor-widget-container\">\n\t\t\t\t\t<div class=\"elementor-gallery__container\">\n\t\t\t\t\t\t\t<a class=\"e-gallery-item elementor-gallery-item elementor-animated-content\" href=\"https:\/\/www.tourismslovenia.eu\/wp-content\/uploads\/2025\/04\/3izolana1.jpg\" data-elementor-open-lightbox=\"yes\" data-elementor-lightbox-slideshow=\"7dcbd67\" data-elementor-lightbox-title=\"3izolana1\" data-e-action-hash=\"#elementor-action%3Aaction%3Dlightbox%26settings%3DeyJpZCI6MTk5MiwidXJsIjoiaHR0cHM6XC9cL3d3dy50b3VyaXNtc2xvdmVuaWEuZXVcL3dwLWNvbnRlbnRcL3VwbG9hZHNcLzIwMjVcLzA0XC8zaXpvbGFuYTEuanBnIiwic2xpZGVzaG93IjoiN2RjYmQ2NyJ9\">\n\t\t\t\t\t<div class=\"e-gallery-image elementor-gallery-item__image\" data-thumbnail=\"https:\/\/www.tourismslovenia.eu\/wp-content\/uploads\/2025\/04\/3izolana1-300x200.jpg\" data-width=\"300\" data-height=\"200\" aria-label=\"\" role=\"img\" ><\/div>\n\t\t\t\t\t\t\t\t\t\t\t<div class=\"elementor-gallery-item__overlay\"><\/div>\n\t\t\t\t\t\t\t\t\t\t\t\t\t\t<\/a>\n\t\t\t\t\t\t\t<a class=\"e-gallery-item elementor-gallery-item elementor-animated-content\" href=\"https:\/\/www.tourismslovenia.eu\/wp-content\/uploads\/2025\/04\/3izolana4.jpg\" data-elementor-open-lightbox=\"yes\" data-elementor-lightbox-slideshow=\"7dcbd67\" data-elementor-lightbox-title=\"3izolana4\" data-e-action-hash=\"#elementor-action%3Aaction%3Dlightbox%26settings%3DeyJpZCI6MTk4OSwidXJsIjoiaHR0cHM6XC9cL3d3dy50b3VyaXNtc2xvdmVuaWEuZXVcL3dwLWNvbnRlbnRcL3VwbG9hZHNcLzIwMjVcLzA0XC8zaXpvbGFuYTQuanBnIiwic2xpZGVzaG93IjoiN2RjYmQ2NyJ9\">\n\t\t\t\t\t<div class=\"e-gallery-image elementor-gallery-item__image\" data-thumbnail=\"https:\/\/www.tourismslovenia.eu\/wp-content\/uploads\/2025\/04\/3izolana4-300x200.jpg\" data-width=\"300\" data-height=\"200\" aria-label=\"\" role=\"img\" ><\/div>\n\t\t\t\t\t\t\t\t\t\t\t<div class=\"elementor-gallery-item__overlay\"><\/div>\n\t\t\t\t\t\t\t\t\t\t\t\t\t\t<\/a>\n\t\t\t\t\t\t\t<a class=\"e-gallery-item elementor-gallery-item elementor-animated-content\" href=\"https:\/\/www.tourismslovenia.eu\/wp-content\/uploads\/2025\/04\/3izolana2.jpg\" data-elementor-open-lightbox=\"yes\" data-elementor-lightbox-slideshow=\"7dcbd67\" data-elementor-lightbox-title=\"3izolana2\" data-e-action-hash=\"#elementor-action%3Aaction%3Dlightbox%26settings%3DeyJpZCI6MTk5MSwidXJsIjoiaHR0cHM6XC9cL3d3dy50b3VyaXNtc2xvdmVuaWEuZXVcL3dwLWNvbnRlbnRcL3VwbG9hZHNcLzIwMjVcLzA0XC8zaXpvbGFuYTIuanBnIiwic2xpZGVzaG93IjoiN2RjYmQ2NyJ9\">\n\t\t\t\t\t<div class=\"e-gallery-image elementor-gallery-item__image\" data-thumbnail=\"https:\/\/www.tourismslovenia.eu\/wp-content\/uploads\/2025\/04\/3izolana2-300x225.jpg\" data-width=\"300\" data-height=\"225\" aria-label=\"\" role=\"img\" ><\/div>\n\t\t\t\t\t\t\t\t\t\t\t<div class=\"elementor-gallery-item__overlay\"><\/div>\n\t\t\t\t\t\t\t\t\t\t\t\t\t\t<\/a>\n\t\t\t\t\t<\/div>\n\t\t\t<\/div>\n\t\t\t\t<\/div>\n\t\t\t\t\t<\/div>\n\t\t\t\t<\/div>\n\t\t<div class=\"elementor-element elementor-element-561d74e e-flex e-con-boxed e-con e-parent\" data-id=\"561d74e\" data-element_type=\"container\">\n\t\t\t\t\t<div class=\"e-con-inner\">\n\t\t<div class=\"elementor-element elementor-element-850ee21 e-con-full e-flex e-con e-child\" data-id=\"850ee21\" data-element_type=\"container\">\n\t\t\t\t<div class=\"elementor-element elementor-element-9230867 elementor-widget__width-inherit elementor-widget-mobile__width-inherit   elementor-widget elementor-widget-heading\" data-id=\"9230867\" data-element_type=\"widget\" data-widget_type=\"heading.default\">\n\t\t\t\t<div class=\"elementor-widget-container\">\n\t\t\t<h2 class=\"elementor-heading-title elementor-size-default\">Le storie di Izolana, Rex e Parenzana<\/h2>\t\t<\/div>\n\t\t\t\t<\/div>\n\t\t\t\t<div class=\"elementor-element elementor-element-4cc6f48 e-n-tabs-mobile elementor-widget elementor-widget-n-tabs\" data-id=\"4cc6f48\" data-element_type=\"widget\" data-settings=\"{&quot;tabs_justify_horizontal&quot;:&quot;start&quot;,&quot;horizontal_scroll&quot;:&quot;disable&quot;}\" data-widget_type=\"nested-tabs.default\">\n\t\t\t\t<div class=\"elementor-widget-container\">\n\t\t\t\t\t<div class=\"e-n-tabs\" data-widget-number=\"80506696\" aria-label=\"Schede. Apri gli elementi con Invio o Spazio, chiudili con Esc e naviga con i tasti freccia.\">\n\t\t\t<div class=\"e-n-tabs-heading\" role=\"tablist\">\n\t\t\t\t\t<button id=\"e-n-tab-title-805066961\" class=\"e-n-tab-title\" aria-selected=\"true\" data-tab-index=\"1\" role=\"tab\" tabindex=\"0\" aria-controls=\"e-n-tab-content-805066961\" style=\"--n-tabs-title-order: 1;\">\n\t\t\t\t\t\t<span class=\"e-n-tab-title-text\">\n\t\t\t\tDescrizione\t\t\t<\/span>\n\t\t<\/button>\n\t\t\t\t<button id=\"e-n-tab-title-805066962\" class=\"e-n-tab-title\" aria-selected=\"false\" data-tab-index=\"2\" role=\"tab\" tabindex=\"-1\" aria-controls=\"e-n-tab-content-805066962\" style=\"--n-tabs-title-order: 2;\">\n\t\t\t\t\t\t<span class=\"e-n-tab-title-text\">\n\t\t\t\tItinerario\t\t\t<\/span>\n\t\t<\/button>\n\t\t\t\t<button id=\"e-n-tab-title-805066963\" class=\"e-n-tab-title\" aria-selected=\"false\" data-tab-index=\"3\" role=\"tab\" tabindex=\"-1\" aria-controls=\"e-n-tab-content-805066963\" style=\"--n-tabs-title-order: 3;\">\n\t\t\t\t\t\t<span class=\"e-n-tab-title-text\">\n\t\t\t\tPanoramica\t\t\t<\/span>\n\t\t<\/button>\n\t\t\t\t<button id=\"e-n-tab-title-805066964\" class=\"e-n-tab-title\" aria-selected=\"false\" data-tab-index=\"4\" role=\"tab\" tabindex=\"-1\" aria-controls=\"e-n-tab-content-805066964\" style=\"--n-tabs-title-order: 4;\">\n\t\t\t\t\t\t<span class=\"e-n-tab-title-text\">\n\t\t\t\tPrezzi\t\t\t<\/span>\n\t\t<\/button>\n\t\t\t\t\t<\/div>\n\t\t\t<div class=\"e-n-tabs-content\">\n\t\t\t\t<div id=\"e-n-tab-content-805066961\" role=\"tabpanel\" aria-labelledby=\"e-n-tab-title-805066961\" data-tab-index=\"1\" style=\"--n-tabs-title-order: 1;\" class=\"e-active elementor-element elementor-element-cbdd889 e-con-full e-flex e-con e-child\" data-id=\"cbdd889\" data-element_type=\"container\">\n\t\t\t\t<div class=\"elementor-element elementor-element-55df408 elementor-widget elementor-widget-text-editor\" data-id=\"55df408\" data-element_type=\"widget\" data-widget_type=\"text-editor.default\">\n\t\t\t\t<div class=\"elementor-widget-container\">\n\t\t\t\t\t\t\t<p>Segui il percorso della vecchia ferrovia Parenzana in un'indimenticabile avventura in bicicletta! Partendo da Capodistria, pedala lungo la costa fino a Isola, rivivendo le storie del potente transatlantico Rex, delle tradizioni di pesca di Isola e dei resti romani di San Simone. Goditi una pausa rilassante con una degustazione del locale pat\u00e9 di baccal\u00e0, metti alla prova le tue conoscenze con un divertente quiz e scopri la storia marittima presso il Museo Izolana.<\/p>\t\t\t\t\t\t<\/div>\n\t\t\t\t<\/div>\n\t\t\t\t<\/div>\n\t\t<div id=\"e-n-tab-content-805066962\" role=\"tabpanel\" aria-labelledby=\"e-n-tab-title-805066962\" data-tab-index=\"2\" style=\"--n-tabs-title-order: 2;\" class=\"elementor-element elementor-element-b9ff5a7 e-con-full e-flex e-con e-child\" data-id=\"b9ff5a7\" data-element_type=\"container\">\n\t\t\t\t<div class=\"elementor-element elementor-element-c3f5d25 elementor-widget elementor-widget-text-editor\" data-id=\"c3f5d25\" data-element_type=\"widget\" data-widget_type=\"text-editor.default\">\n\t\t\t\t<div class=\"elementor-widget-container\">\n\t\t\t\t\t\t\t<p>13:45 \u2013 Ritrovo presso l'Ufficio Turistico di Capodistria (Palazzo Pretorio)<\/p><p>\u00a0<\/p><p><strong>Tour in bicicletta lungo l'ex ferrovia (Capodistria \u2013 Isola \u2013 Capodistria)<\/strong><\/p><ul><li>Sosta presso il sito del \"Rex\" e racconto sulla famosa nave italiana<\/li><li>Tragitto verso il tunnel \u0160alet con vista su Pirano medievale<\/li><li>Ritorno verso Isola con racconti sull\u2019eredit\u00e0 della pesca di Isola<\/li><li>Pausa al bar \u201cPod Belvederjem\u201d circondato dagli alberi<\/li><li>Degustazione di baccal\u00e0 locale con pane<\/li><li>Quiz interattivo su Izola, Rex e Parenzana<\/li><li>Visita al sito archeologico di San Simon (resti di villa romana)<\/li><li>Visita e tour guidato di Izolana \u2013 Casa del Mare (museo didattico)<\/li><\/ul>\t\t\t\t\t\t<\/div>\n\t\t\t\t<\/div>\n\t\t\t\t<\/div>\n\t\t<div id=\"e-n-tab-content-805066963\" role=\"tabpanel\" aria-labelledby=\"e-n-tab-title-805066963\" data-tab-index=\"3\" style=\"--n-tabs-title-order: 3;\" class=\"elementor-element elementor-element-da66ee6 e-flex e-con-boxed e-con e-child\" data-id=\"da66ee6\" data-element_type=\"container\">\n\t\t\t\t\t<div class=\"e-con-inner\">\n\t\t\t\t<div class=\"elementor-element elementor-element-d0e772b elementor-widget elementor-widget-text-editor\" data-id=\"d0e772b\" data-element_type=\"widget\" data-widget_type=\"text-editor.default\">\n\t\t\t\t<div class=\"elementor-widget-container\">\n\t\t\t\t\t\t\t<p><strong>Durata<\/strong>: 3 ore (14:00 \u2013 17:00)<\/p><p><strong>Lunghezza:<\/strong> 20 km (andata e ritorno)<\/p><p><strong>Luogo<\/strong>: Koper \u2013 Izola \u2013 Koper<\/p><p><strong>Disponibilit\u00e0:<\/strong> Condizioni meteorologiche permettendo<\/p><p><strong>Dimensione del gruppo<\/strong>Minimo 4 ospiti, massimo 15 ospiti (per guida e assistente)<\/p><p><strong>Lingue:<\/strong> Visita guidata disponibile in diverse lingue<\/p>\t\t\t\t\t\t<\/div>\n\t\t\t\t<\/div>\n\t\t\t\t\t<\/div>\n\t\t\t\t<\/div>\n\t\t<div id=\"e-n-tab-content-805066964\" role=\"tabpanel\" aria-labelledby=\"e-n-tab-title-805066964\" data-tab-index=\"4\" style=\"--n-tabs-title-order: 4;\" class=\"elementor-element elementor-element-014b6d9 e-flex e-con-boxed e-con e-child\" data-id=\"014b6d9\" data-element_type=\"container\">\n\t\t\t\t\t<div class=\"e-con-inner\">\n\t\t\t\t<div class=\"elementor-element elementor-element-6362380 elementor-widget elementor-widget-text-editor\" data-id=\"6362380\" data-element_type=\"widget\" data-widget_type=\"text-editor.default\">\n\t\t\t\t<div class=\"elementor-widget-container\">\n\t\t\t\t\t\t\t<p><strong>1 persona + tour in bicicletta + visita interpretativa di Capodistria:<\/strong> \u20ac54<\/p><p><strong>1 persona + 2 tour in bicicletta + visita interpretativa di Capodistria:<\/strong> \u20ac108<\/p>\t\t\t\t\t\t<\/div>\n\t\t\t\t<\/div>\n\t\t\t\t\t<\/div>\n\t\t\t\t<\/div>\n\t\t\t\t\t<\/div>\n\t\t<\/div>\n\t\t\t\t<\/div>\n\t\t\t\t<\/div>\n\t\t\t\t<div class=\"elementor-element elementor-element-99bb7f1 elementor-widget__width-inherit elementor-widget-mobile__width-inherit   elementor-widget elementor-widget-heading\" data-id=\"99bb7f1\" data-element_type=\"widget\" data-widget_type=\"heading.default\">\n\t\t\t\t<div class=\"elementor-widget-container\">\n\t\t\t<h2 class=\"elementor-heading-title elementor-size-default\">Si prega di notare<\/h2>\t\t<\/div>\n\t\t\t\t<\/div>\n\t\t\t\t<div class=\"elementor-element elementor-element-6336aa8 elementor-widget elementor-widget-text-editor\" data-id=\"6336aa8\" data-element_type=\"widget\" data-widget_type=\"text-editor.default\">\n\t\t\t\t<div class=\"elementor-widget-container\">\n\t\t\t\t\t\t\t<p data-start=\"0\" data-end=\"320\">Il prezzo include il noleggio della bicicletta (fino a 3 ore), l\u2019ingresso e la visita guidata al Museo Izolana, il tour in bicicletta con guida, la degustazione del Bakala con pane, quiz e giochi interattivi e la visita interpretativa delle attrazioni di Capodistria (dalle 12:30 alle 13:30 se abbinata al tour precedente).<\/p><p data-start=\"0\" data-end=\"320\">\u00a0<\/p><p data-start=\"0\" data-end=\"320\"><strong data-start=\"0\" data-end=\"126\">Si prega di notare che il seguente itinerario \u00e8 provvisorio e pu\u00f2 essere modificato in base alle vostre esigenze o alle condizioni meteorologiche.<\/strong> Ci impegniamo a fornirvi un itinerario personalizzato in base alle vostre preferenze ed esigenze. Tuttavia, potrebbero essere necessarie modifiche a causa di fattori stagionali o condizioni meteorologiche impreviste.<\/p><p data-start=\"322\" data-end=\"653\" data-is-last-node=\"\" data-is-only-node=\"\">Una volta inviata la prenotazione, creeremo per voi un itinerario personalizzato con un prezzo fisso per la vostra comodit\u00e0. Avrete l'opportunit\u00e0 di rivedere e confermare l'itinerario prima di finalizzare la prenotazione. Il nostro obiettivo \u00e8 offrirvi la migliore esperienza possibile e non vediamo l'ora di aiutarvi a pianificare la vostra prossima avventura.<\/p>\t\t\t\t\t\t<\/div>\n\t\t\t\t<\/div>\n\t\t\t\t<\/div>\n\t\t<div class=\"elementor-element elementor-element-2cea15f e-con-full e-flex e-con e-child\" data-id=\"2cea15f\" data-element_type=\"container\" data-settings=\"{&quot;sticky&quot;:&quot;top&quot;,&quot;sticky_offset&quot;:10,&quot;sticky_parent&quot;:&quot;yes&quot;,&quot;sticky_on&quot;:[&quot;desktop&quot;,&quot;tablet&quot;,&quot;mobile&quot;],&quot;sticky_effects_offset&quot;:0,&quot;sticky_anchor_link_offset&quot;:0}\">\n\t\t\t\t<div class=\"elementor-element elementor-element-d1bac74 elementor-widget__width-inherit elementor-widget-mobile__width-inherit   elementor-widget elementor-widget-heading\" data-id=\"d1bac74\" data-element_type=\"widget\" data-widget_type=\"heading.default\">\n\t\t\t\t<div class=\"elementor-widget-container\">\n\t\t\t<h2 class=\"elementor-heading-title elementor-size-default\">Effettua una prenotazione:<\/h2>\t\t<\/div>\n\t\t\t\t<\/div>\n\t\t\t\t<div class=\"elementor-element elementor-element-37cf4e9 elementor-widget elementor-widget-html\" data-id=\"37cf4e9\" data-element_type=\"widget\" data-widget_type=\"html.default\">\n\t\t\t\t<div class=\"elementor-widget-container\">\n\t\t\t<script type=\"text\/javascript\" src=\"https:\/\/widgets.bokun.io\/assets\/javascripts\/apps\/build\/BokunWidgetsLoader.js?bookingChannelUUID=b33f5e36-6dad-446b-b2f2-e11a3ccdd01c\" async><\/script>\r\n     \r\n    <div class=\"bokunWidget\" data-src=\"https:\/\/widgets.bokun.io\/online-sales\/b33f5e36-6dad-446b-b2f2-e11a3ccdd01c\/experience-calendar\/1026299\"><\/div>\r\n    <noscript>Please enable javascript in your browser to book<\/noscript>\r\n\t\t<\/div>\n\t\t\t\t<\/div>\n\t\t\t\t<div class=\"elementor-element elementor-element-0e29631 elementor-widget elementor-widget-text-editor\" data-id=\"0e29631\" data-element_type=\"widget\" data-widget_type=\"text-editor.default\">\n\t\t\t\t<div class=\"elementor-widget-container\">\n\t\t\t\t\t\t\t<p data-start=\"0\" data-end=\"320\">Le prenotazioni possono essere effettuate online (pre-fattura, PayPal, carta) o via e-mail a <strong data-start=\"108\" data-end=\"135\" data-is-only-node=\"\"><a rel=\"noopener\" data-start=\"110\" data-end=\"133\">info@tourismslovenia.eu<\/a><\/strong> oppure telefonicamente al <strong data-start=\"151\" data-end=\"167\">040 42 52 62<\/strong>La prenotazione \u00e8 confermata al momento del pagamento del tour.<\/p><p data-start=\"0\" data-end=\"320\">Non perdere questa occasione unica per esplorare la costa slovena in un modo che combina attivit\u00e0, cultura e gastronomia. <strong data-start=\"395\" data-end=\"490\" data-is-last-node=\"\">Prenota subito il tuo posto e lasciati conquistare dal fascino dei tour gastronomici a piedi di Pirano!<\/strong><\/p>\t\t\t\t\t\t<\/div>\n\t\t\t\t<\/div>\n\t\t\t\t<\/div>\n\t\t\t\t\t<\/div>\n\t\t\t\t<\/div>\n\t\t<div class=\"elementor-element elementor-element-900a732   e-flex e-con-boxed e-con e-parent\" data-id=\"900a732\" data-element_type=\"container\">\n\t\t\t\t\t<div class=\"e-con-inner\">\n\t\t\t\t<div class=\"elementor-element elementor-element-bbd75c4 elementor-widget__width-inherit elementor-widget-mobile__width-inherit   elementor-widget elementor-widget-heading\" data-id=\"bbd75c4\" data-element_type=\"widget\" data-widget_type=\"heading.default\">\n\t\t\t\t<div class=\"elementor-widget-container\">\n\t\t\t<h2 class=\"elementor-heading-title elementor-size-default\">Prodotti simili<\/h2>\t\t<\/div>\n\t\t\t\t<\/div>\n\t\t<div class=\"elementor-element elementor-element-84b7666   e-con-full e-flex e-con e-child\" data-id=\"84b7666\" data-element_type=\"container\">\n\t\t\t\t<div class=\"elementor-element elementor-element-d507b0a elementor-widget__width-initial elementor-widget-mobile__width-inherit   elementor-position-top elementor-widget elementor-widget-image-box\" data-id=\"d507b0a\" data-element_type=\"widget\" data-widget_type=\"image-box.default\">\n\t\t\t\t<div class=\"elementor-widget-container\">\n\t\t\t<div class=\"elementor-image-box-wrapper\"><figure class=\"elementor-image-box-img\"><a href=\"https:\/\/www.tourismslovenia.eu\/it\/sentieri-di-pirano-e-degustazione-gastronomica\/vedute-panoramiche-di-pirano-medievale\/\" tabindex=\"-1\"><img decoding=\"async\" width=\"1290\" height=\"860\" src=\"https:\/\/www.tourismslovenia.eu\/wp-content\/uploads\/2025\/04\/1skocjanski2.jpg\" class=\"attachment-full size-full wp-image-1969\" alt=\"\" srcset=\"https:\/\/www.tourismslovenia.eu\/wp-content\/uploads\/2025\/04\/1skocjanski2.jpg 1290w, https:\/\/www.tourismslovenia.eu\/wp-content\/uploads\/2025\/04\/1skocjanski2-300x200.jpg 300w, https:\/\/www.tourismslovenia.eu\/wp-content\/uploads\/2025\/04\/1skocjanski2-1024x683.jpg 1024w, https:\/\/www.tourismslovenia.eu\/wp-content\/uploads\/2025\/04\/1skocjanski2-768x512.jpg 768w, https:\/\/www.tourismslovenia.eu\/wp-content\/uploads\/2025\/04\/1skocjanski2-600x400.jpg 600w\" sizes=\"(max-width: 1290px) 100vw, 1290px\" \/><\/a><\/figure><div class=\"elementor-image-box-content\"><h3 class=\"elementor-image-box-title\"><a href=\"https:\/\/www.tourismslovenia.eu\/it\/sentieri-di-pirano-e-degustazione-gastronomica\/vedute-panoramiche-di-pirano-medievale\/\">Flora e fauna del Val Stagnon<\/a><\/h3><p class=\"elementor-image-box-description\">Vivi la natura, la fauna selvatica e i sapori locali nell\u2019insenatura di \u0160kocjan.\n<br>\n<a href=\"\/it\/flora-e-fauna-del-val-stagnon\/\" class=\"custom-button\">Scopri di pi\u00f9 &gt;<\/a>\n<\/p><\/div><\/div>\t\t<\/div>\n\t\t\t\t<\/div>\n\t\t\t\t<div class=\"elementor-element elementor-element-7a78f4e elementor-widget__width-initial elementor-widget-mobile__width-inherit   elementor-position-top elementor-widget elementor-widget-image-box\" data-id=\"7a78f4e\" data-element_type=\"widget\" data-widget_type=\"image-box.default\">\n\t\t\t\t<div class=\"elementor-widget-container\">\n\t\t\t<div class=\"elementor-image-box-wrapper\"><figure class=\"elementor-image-box-img\"><a href=\"#\" tabindex=\"-1\"><img decoding=\"async\" width=\"1290\" height=\"860\" src=\"https:\/\/www.tourismslovenia.eu\/wp-content\/uploads\/2025\/04\/2koper1.jpg\" class=\"attachment-full size-full wp-image-1982\" alt=\"\" srcset=\"https:\/\/www.tourismslovenia.eu\/wp-content\/uploads\/2025\/04\/2koper1.jpg 1290w, https:\/\/www.tourismslovenia.eu\/wp-content\/uploads\/2025\/04\/2koper1-300x200.jpg 300w, https:\/\/www.tourismslovenia.eu\/wp-content\/uploads\/2025\/04\/2koper1-1024x683.jpg 1024w, https:\/\/www.tourismslovenia.eu\/wp-content\/uploads\/2025\/04\/2koper1-768x512.jpg 768w, https:\/\/www.tourismslovenia.eu\/wp-content\/uploads\/2025\/04\/2koper1-600x400.jpg 600w\" sizes=\"(max-width: 1290px) 100vw, 1290px\" \/><\/a><\/figure><div class=\"elementor-image-box-content\"><h3 class=\"elementor-image-box-title\"><a href=\"#\">Interpretazione dei punti salienti di Capodistria<\/a><\/h3><p class=\"elementor-image-box-description\">Scopri le leggende e le storie nascoste di Capodistria con una piacevole passeggiata cittadina.\n<br>\n<a href=\"\/it\/interpretazione-dei-punti-salienti-di-capodistria\/\" class=\"custom-button\">Scopri di pi\u00f9 &gt;<\/a><\/p><\/div><\/div>\t\t<\/div>\n\t\t\t\t<\/div>\n\t\t\t\t<\/div>\n\t\t\t\t\t<\/div>\n\t\t\t\t<\/div>\n\t\t\t\t<\/div>","protected":false},"excerpt":{"rendered":"<p>Stories of Izolana, Rex and Parenzana Description Itinerary Overview Pricing Follow the trail of the former Parenzana railway on an unforgettable biking adventure! Starting from Koper, cycle along the coast to Izola, reliving stories of the mighty liner Rex, the fishing traditions of Izola, and the Roman remains of San Simon. Enjoy a relaxing break [&hellip;]<\/p>","protected":false},"author":3,"featured_media":0,"parent":1449,"menu_order":0,"comment_status":"closed","ping_status":"closed","template":"elementor_header_footer","meta":{"footnotes":""},"class_list":["post-1812","page","type-page","status-publish","hentry"],"_links":{"self":[{"href":"https:\/\/www.tourismslovenia.eu\/it\/wp-json\/wp\/v2\/pages\/1812","targetHints":{"allow":["GET"]}}],"collection":[{"href":"https:\/\/www.tourismslovenia.eu\/it\/wp-json\/wp\/v2\/pages"}],"about":[{"href":"https:\/\/www.tourismslovenia.eu\/it\/wp-json\/wp\/v2\/types\/page"}],"author":[{"embeddable":true,"href":"https:\/\/www.tourismslovenia.eu\/it\/wp-json\/wp\/v2\/users\/3"}],"replies":[{"embeddable":true,"href":"https:\/\/www.tourismslovenia.eu\/it\/wp-json\/wp\/v2\/comments?post=1812"}],"version-history":[{"count":31,"href":"https:\/\/www.tourismslovenia.eu\/it\/wp-json\/wp\/v2\/pages\/1812\/revisions"}],"predecessor-version":[{"id":3083,"href":"https:\/\/www.tourismslovenia.eu\/it\/wp-json\/wp\/v2\/pages\/1812\/revisions\/3083"}],"up":[{"embeddable":true,"href":"https:\/\/www.tourismslovenia.eu\/it\/wp-json\/wp\/v2\/pages\/1449"}],"wp:attachment":[{"href":"https:\/\/www.tourismslovenia.eu\/it\/wp-json\/wp\/v2\/media?parent=1812"}],"curies":[{"name":"wp","href":"https:\/\/api.w.org\/{rel}","templated":true}]}}