{"id":3251,"date":"2025-07-21T18:13:54","date_gmt":"2025-07-21T18:13:54","guid":{"rendered":"https:\/\/www.tourismslovenia.eu\/?page_id=3251"},"modified":"2025-10-26T22:00:01","modified_gmt":"2025-10-26T22:00:01","slug":"uber-das-projekt-posocje-366","status":"publish","type":"page","link":"https:\/\/www.tourismslovenia.eu\/de\/uber-das-projekt-posocje-366\/","title":{"rendered":"\u00dcber das Projekt \u2013 Poso\u010dje 365"},"content":{"rendered":"<div data-elementor-type=\"wp-post\" data-elementor-id=\"3251\" class=\"elementor elementor-3251\" data-elementor-post-type=\"page\">\n\t\t\t\t<div class=\"elementor-element elementor-element-n0XIvgau e-con-full   e-flex e-con e-parent\" data-id=\"n0XIvgau\" data-element_type=\"container\" data-settings=\"{&quot;background_background&quot;:&quot;classic&quot;}\">\n\t\t\t\t<div class=\"elementor-element elementor-element-8QW8zLtR elementor-widget__width-inherit elementor-widget-mobile__width-inherit   elementor-widget elementor-widget-heading\" data-id=\"8QW8zLtR\" data-element_type=\"widget\" data-widget_type=\"heading.default\">\n\t\t\t\t<div class=\"elementor-widget-container\">\n\t\t\t<h1 class=\"elementor-heading-title elementor-size-default\">Projekt Poso\u010dje 365<\/h1>\t\t<\/div>\n\t\t\t\t<\/div>\n\t\t\t\t<\/div>\n\t\t<div class=\"elementor-element elementor-element-c6e5f7a   e-flex e-con-boxed e-con e-parent\" data-id=\"c6e5f7a\" data-element_type=\"container\">\n\t\t\t\t\t<div class=\"e-con-inner\">\n\t\t\t\t<div class=\"elementor-element elementor-element-57b3591 elementor-widget__width-initial elementor-widget elementor-widget-text-editor\" data-id=\"57b3591\" data-element_type=\"widget\" data-widget_type=\"text-editor.default\">\n\t\t\t\t<div class=\"elementor-widget-container\">\n\t\t\t\t\t\t\t<p data-start=\"13\" data-end=\"82\"><strong>Ab 18.9.2024 haben wir mit der Umsetzung des Projekts: <span style=\"text-decoration: underline;\">Poso\u010dje 365<\/span>\u00a0begonnen.<\/strong><\/p><p data-start=\"84\" data-end=\"171\"><strong>Projekttr\u00e4ger:<\/strong> TourSlove, turisti\u010dna agencija in nastanitve, d.o.o., socialno podjetje<\/p><p data-start=\"173\" data-end=\"207\"><strong>Gesamtprojektwert<\/strong> EUR 48,799.61<\/p><p data-start=\"209\" data-end=\"243\"><strong>Kofinanzierungsbetrag:<\/strong> EUR 39,999.68<\/p><p data-start=\"245\" data-end=\"308\"><strong>Projektlaufzeit:<\/strong> vom 18.9.2024 bis 30.9.2025<\/p><p data-start=\"310\" data-end=\"458\"><strong>\u00d6ffentlicher Ausschreibungsaufruf:<\/strong> \u00d6ffentlicher Aufruf zur F\u00f6rderung der Gr\u00fcndung und Entwicklung von Aktivit\u00e4ten sozialer Unternehmen und Genossenschaften in grenznahen Problemlagen<\/p><p data-start=\"460\" data-end=\"579\"><strong>Projektkofinanzierer:<\/strong> Republik Slowenien, Ministerium f\u00fcr Wirtschaft, Tourismus und Sport aus dem Haushalt der Republik Slowenien<\/p>\t\t\t\t\t\t<\/div>\n\t\t\t\t<\/div>\n\t\t\t\t<div class=\"elementor-element elementor-element-6ab8417 elementor-widget elementor-widget-image\" data-id=\"6ab8417\" data-element_type=\"widget\" data-widget_type=\"image.default\">\n\t\t\t\t<div class=\"elementor-widget-container\">\n\t\t\t\t\t\t\t\t\t\t\t\t\t<img fetchpriority=\"high\" decoding=\"async\" width=\"640\" height=\"112\" src=\"https:\/\/www.tourismslovenia.eu\/wp-content\/uploads\/2025\/07\/Logo-MGTS-slo.png\" class=\"attachment-large size-large wp-image-3255\" alt=\"\" srcset=\"https:\/\/www.tourismslovenia.eu\/wp-content\/uploads\/2025\/07\/Logo-MGTS-slo.png 802w, https:\/\/www.tourismslovenia.eu\/wp-content\/uploads\/2025\/07\/Logo-MGTS-slo-300x52.png 300w, https:\/\/www.tourismslovenia.eu\/wp-content\/uploads\/2025\/07\/Logo-MGTS-slo-768x134.png 768w, https:\/\/www.tourismslovenia.eu\/wp-content\/uploads\/2025\/07\/Logo-MGTS-slo-18x3.png 18w, https:\/\/www.tourismslovenia.eu\/wp-content\/uploads\/2025\/07\/Logo-MGTS-slo-600x105.png 600w\" sizes=\"(max-width: 640px) 100vw, 640px\" \/>\t\t\t\t\t\t\t\t\t\t\t\t\t<\/div>\n\t\t\t\t<\/div>\n\t\t\t\t<div class=\"elementor-element elementor-element-f20ea73 elementor-widget__width-inherit elementor-widget-mobile__width-inherit   elementor-widget elementor-widget-heading\" data-id=\"f20ea73\" data-element_type=\"widget\" data-widget_type=\"heading.default\">\n\t\t\t\t<div class=\"elementor-widget-container\">\n\t\t\t<h2 class=\"elementor-heading-title elementor-size-default\">PROJEKTBESCHREIBUNG<\/h2>\t\t<\/div>\n\t\t\t\t<\/div>\n\t\t\t\t<div class=\"elementor-element elementor-element-d5ba863 elementor-widget__width-initial elementor-widget elementor-widget-text-editor\" data-id=\"d5ba863\" data-element_type=\"widget\" data-widget_type=\"text-editor.default\">\n\t\t\t\t<div class=\"elementor-widget-container\">\n\t\t\t\t\t\t\t<p data-start=\"581\" data-end=\"828\">Das Projekt folgt Leitlinien, strategischen Ausrichtungen und Trends im Tourismus unter Einbeziehung vulnerabler Gruppen. Es zielt darauf ab, den Druck auf die Sommersaison zu verringern und Produkte das ganze Jahr \u00fcber zu entwickeln.<\/p><p data-start=\"830\" data-end=\"984\">Die Projektaktivit\u00e4ten konzentrieren sich auf die Entwicklung von Erlebnissen, die Natur- und Kulturerbe integrieren, und deren Anpassung f\u00fcr vulnerable Gruppen.<\/p><p data-start=\"986\" data-end=\"1109\">In der Promotion werden wir die digitale Transformation des 21. Jahrhunderts vollst\u00e4ndig nutzen \u2013 alle Aktivit\u00e4ten werden digital unterst\u00fctzt.<\/p><p data-start=\"1111\" data-end=\"1509\">Das Projekt beinhaltet einen ganzheitlichen Ansatz zur Markteinf\u00fchrung des Produkts nach professioneller Methodik: von der Beschaffung der Ausr\u00fcstung, der Definition der overarching narrative, der Feldforschung und -anpassung, der Entwicklung von drei Produkten bis zur digitalen Bewerbung dieser Produkte. So wird die Wirkung professionell und methodisch bestm\u00f6glich ausgesch\u00f6pft.<\/p>\t\t\t\t\t\t<\/div>\n\t\t\t\t<\/div>\n\t\t\t\t<div class=\"elementor-element elementor-element-330ba33 elementor-widget__width-inherit elementor-widget-mobile__width-inherit   elementor-widget elementor-widget-heading\" data-id=\"330ba33\" data-element_type=\"widget\" data-widget_type=\"heading.default\">\n\t\t\t\t<div class=\"elementor-widget-container\">\n\t\t\t<h2 class=\"elementor-heading-title elementor-size-default\">ZWECK DES PROJEKTS<\/h2>\t\t<\/div>\n\t\t\t\t<\/div>\n\t\t\t\t<div class=\"elementor-element elementor-element-169ded1 elementor-widget__width-initial elementor-widget elementor-widget-text-editor\" data-id=\"169ded1\" data-element_type=\"widget\" data-widget_type=\"text-editor.default\">\n\t\t\t\t<div class=\"elementor-widget-container\">\n\t\t\t\t\t\t\t<p data-start=\"1511\" data-end=\"1825\">Zweck des Projekts ist die Entwicklung innovativer, integrierter Tourismusprodukte, die den Druck auf die Sommersaison verringern, bessere wirtschaftliche Rahmenbedingungen f\u00fcr Touristiker durch Saisonverl\u00e4ngerung schaffen, Produkte f\u00fcr vulnerable Gruppen anpassen und das Unternehmensgesch\u00e4ft ausbauen.<\/p>\t\t\t\t\t\t<\/div>\n\t\t\t\t<\/div>\n\t\t\t\t<div class=\"elementor-element elementor-element-7fbb730 elementor-widget__width-inherit elementor-widget-mobile__width-inherit   elementor-widget elementor-widget-heading\" data-id=\"7fbb730\" data-element_type=\"widget\" data-widget_type=\"heading.default\">\n\t\t\t\t<div class=\"elementor-widget-container\">\n\t\t\t<h2 class=\"elementor-heading-title elementor-size-default\">PROJEKTZIELE<\/h2>\t\t<\/div>\n\t\t\t\t<\/div>\n\t\t\t\t<div class=\"elementor-element elementor-element-0a28613 elementor-widget__width-initial elementor-widget elementor-widget-text-editor\" data-id=\"0a28613\" data-element_type=\"widget\" data-widget_type=\"text-editor.default\">\n\t\t\t\t<div class=\"elementor-widget-container\">\n\t\t\t\t\t\t\t<ul><li data-start=\"1848\" data-end=\"1889\"><p data-start=\"1850\" data-end=\"1889\">Entwicklung von drei Tourismusprodukten<\/p><\/li><li data-start=\"1890\" data-end=\"1990\"><p data-start=\"1892\" data-end=\"1990\">Einbindung \u00f6ffentlicher Einrichtungen (Museen, Galerien, Kulturzentren\u2026) in das Tourismusangebot<\/p><\/li><li data-start=\"1991\" data-end=\"2066\"><p data-start=\"1993\" data-end=\"2066\">Integration von Inhalten (Erbe, Mythen, Legenden) in Tourismusprodukte<\/p><\/li><li data-start=\"2067\" data-end=\"2127\"><p data-start=\"2069\" data-end=\"2127\">Einbindung von Beherbergungsbetrieben in Tourismusprodukte<\/p><\/li><\/ul>\t\t\t\t\t\t<\/div>\n\t\t\t\t<\/div>\n\t\t\t\t<div class=\"elementor-element elementor-element-b8483c5 elementor-widget__width-inherit elementor-widget-mobile__width-inherit   elementor-widget elementor-widget-heading\" data-id=\"b8483c5\" data-element_type=\"widget\" data-widget_type=\"heading.default\">\n\t\t\t\t<div class=\"elementor-widget-container\">\n\t\t\t<h2 class=\"elementor-heading-title elementor-size-default\">PROJEKTINDIKATOREN<\/h2>\t\t<\/div>\n\t\t\t\t<\/div>\n\t\t\t\t<div class=\"elementor-element elementor-element-465c131 elementor-widget__width-initial elementor-widget elementor-widget-text-editor\" data-id=\"465c131\" data-element_type=\"widget\" data-widget_type=\"text-editor.default\">\n\t\t\t\t<div class=\"elementor-widget-container\">\n\t\t\t\t\t\t\t<article class=\"text-token-text-primary w-full\" dir=\"auto\" data-testid=\"conversation-turn-6\" data-scroll-anchor=\"true\"><div class=\"text-base my-auto mx-auto py-5 [--thread-content-margin:--spacing(4)] @[37rem]:[--thread-content-margin:--spacing(6)] @[72rem]:[--thread-content-margin:--spacing(16)] px-(--thread-content-margin)\"><div class=\"[--thread-content-max-width:32rem] @[34rem]:[--thread-content-max-width:40rem] @[64rem]:[--thread-content-max-width:48rem] mx-auto flex max-w-(--thread-content-max-width) flex-1 text-base gap-4 md:gap-5 lg:gap-6 group\/turn-messages focus-visible:outline-hidden\" tabindex=\"-1\"><div class=\"group\/conversation-turn relative flex w-full min-w-0 flex-col agent-turn\"><div class=\"relative flex-col gap-1 md:gap-3\"><div class=\"flex max-w-full flex-col grow\"><div class=\"min-h-8 text-message relative flex w-full flex-col items-end gap-2 text-start break-words whitespace-normal [.text-message+&amp;]:mt-5\" dir=\"auto\" data-message-author-role=\"assistant\" data-message-id=\"20756a1e-b40c-4c50-bd1b-ea1af8d2f49a\" data-message-model-slug=\"o4-mini-high\"><div class=\"flex w-full flex-col gap-1 empty:hidden first:pt-[3px]\"><div class=\"markdown prose dark:prose-invert w-full break-words dark\"><p data-start=\"2129\" data-end=\"2214\" data-is-last-node=\"\" data-is-only-node=\"\">Entwicklung von drei neuen Produkten (integrierte Tourismusprodukte)<\/p><\/div><\/div><\/div><\/div><\/div><\/div><\/div><\/div><\/article>\t\t\t\t\t\t<\/div>\n\t\t\t\t<\/div>\n\t\t\t\t\t<\/div>\n\t\t\t\t<\/div>\n\t\t<div class=\"elementor-element elementor-element-079f7e9   e-flex e-con-boxed e-con e-parent\" data-id=\"079f7e9\" data-element_type=\"container\">\n\t\t\t\t\t<div class=\"e-con-inner\">\n\t\t\t\t<div class=\"elementor-element elementor-element-8053719 elementor-widget__width-initial elementor-widget elementor-widget-text-editor\" data-id=\"8053719\" data-element_type=\"widget\" data-widget_type=\"text-editor.default\">\n\t\t\t\t<div class=\"elementor-widget-container\">\n\t\t\t\t\t\t\t<p data-start=\"0\" data-end=\"126\"><strong data-start=\"0\" data-end=\"88\">As of 30 September 2024 we concluded the implementation of the project: Poso\u010dje 365.<\/strong><\/p><p data-start=\"128\" data-end=\"660\"><strong data-start=\"128\" data-end=\"150\">Projekttr\u00e4ger:<\/strong> TourSlove, travel agency and accommodation, d.o.o., social enterprise<br data-start=\"220\" data-end=\"223\" \/><strong data-start=\"223\" data-end=\"247\">Gesamtprojektwert<\/strong> EUR 48,799.61<br data-start=\"261\" data-end=\"264\" \/><strong data-start=\"264\" data-end=\"291\">Amount of co-financing:<\/strong> EUR 39,999.68<br data-start=\"305\" data-end=\"308\" \/><strong data-start=\"308\" data-end=\"329\">Projektlaufzeit:<\/strong> vom 18.9.2024 bis 30.9.2025<br data-start=\"373\" data-end=\"376\" data-is-only-node=\"\" \/><strong data-start=\"376\" data-end=\"392\">Public call:<\/strong> \u00d6ffentlicher Aufruf zur F\u00f6rderung der Gr\u00fcndung und Entwicklung von Aktivit\u00e4ten sozialer Unternehmen und Genossenschaften in grenznahen Problemlagen<br data-start=\"522\" data-end=\"525\" \/><strong data-start=\"525\" data-end=\"550\">Projektkofinanzierer:<\/strong> Republik Slowenien, Ministerium f\u00fcr Wirtschaft, Tourismus und Sport aus dem Haushalt der Republik Slowenien<\/p>\t\t\t\t\t\t<\/div>\n\t\t\t\t<\/div>\n\t\t\t\t<div class=\"elementor-element elementor-element-2a14855 elementor-widget elementor-widget-image\" data-id=\"2a14855\" data-element_type=\"widget\" data-widget_type=\"image.default\">\n\t\t\t\t<div class=\"elementor-widget-container\">\n\t\t\t\t\t\t\t\t\t\t\t\t\t<img fetchpriority=\"high\" decoding=\"async\" width=\"640\" height=\"112\" src=\"https:\/\/www.tourismslovenia.eu\/wp-content\/uploads\/2025\/07\/Logo-MGTS-slo.png\" class=\"attachment-large size-large wp-image-3255\" alt=\"\" srcset=\"https:\/\/www.tourismslovenia.eu\/wp-content\/uploads\/2025\/07\/Logo-MGTS-slo.png 802w, https:\/\/www.tourismslovenia.eu\/wp-content\/uploads\/2025\/07\/Logo-MGTS-slo-300x52.png 300w, https:\/\/www.tourismslovenia.eu\/wp-content\/uploads\/2025\/07\/Logo-MGTS-slo-768x134.png 768w, https:\/\/www.tourismslovenia.eu\/wp-content\/uploads\/2025\/07\/Logo-MGTS-slo-18x3.png 18w, https:\/\/www.tourismslovenia.eu\/wp-content\/uploads\/2025\/07\/Logo-MGTS-slo-600x105.png 600w\" sizes=\"(max-width: 640px) 100vw, 640px\" \/>\t\t\t\t\t\t\t\t\t\t\t\t\t<\/div>\n\t\t\t\t<\/div>\n\t\t\t\t<div class=\"elementor-element elementor-element-4201a5d elementor-widget__width-inherit elementor-widget-mobile__width-inherit   elementor-widget elementor-widget-heading\" data-id=\"4201a5d\" data-element_type=\"widget\" data-widget_type=\"heading.default\">\n\t\t\t\t<div class=\"elementor-widget-container\">\n\t\t\t<h2 class=\"elementor-heading-title elementor-size-default\">PROJEKTBESCHREIBUNG<\/h2>\t\t<\/div>\n\t\t\t\t<\/div>\n\t\t\t\t<div class=\"elementor-element elementor-element-8e6e49c elementor-widget__width-initial elementor-widget elementor-widget-text-editor\" data-id=\"8e6e49c\" data-element_type=\"widget\" data-widget_type=\"text-editor.default\">\n\t\t\t\t<div class=\"elementor-widget-container\">\n\t\t\t\t\t\t\t<p data-start=\"662\" data-end=\"1137\">The project followed guidelines, strategic directions, and trends in tourism with the inclusion of vulnerable groups. It aimed to relieve the summer tourist season and to develop tourism products that were feasible throughout the entire year. Project activities focused on developing experiences that included natural and cultural heritage, with special attention paid to adapting content for vulnerable groups.<\/p><p data-start=\"662\" data-end=\"1137\">Within the project, the periods of Napoleon and the First World War were selected as the two central themes, providing the historical framework for the development of integrated experiences. In promotion, the principles of 21st century digital transformation were fully followed, since all activities were supported by digital tools and communication channels.<\/p><p data-start=\"1539\" data-end=\"2008\">Das Projekt beinhaltet einen ganzheitlichen Ansatz zur Markteinf\u00fchrung des Produkts nach professioneller Methodik: von der Beschaffung der Ausr\u00fcstung, der Definition der overarching narrative, der Feldforschung und -anpassung, der Entwicklung von drei Produkten bis zur digitalen Bewerbung dieser Produkte. So wird die Wirkung professionell und methodisch bestm\u00f6glich ausgesch\u00f6pft.<\/p>\t\t\t\t\t\t<\/div>\n\t\t\t\t<\/div>\n\t\t\t\t<div class=\"elementor-element elementor-element-e145d85 elementor-widget__width-inherit elementor-widget-mobile__width-inherit   elementor-widget elementor-widget-heading\" data-id=\"e145d85\" data-element_type=\"widget\" data-widget_type=\"heading.default\">\n\t\t\t\t<div class=\"elementor-widget-container\">\n\t\t\t<h2 class=\"elementor-heading-title elementor-size-default\">ZWECK DES PROJEKTS<\/h2>\t\t<\/div>\n\t\t\t\t<\/div>\n\t\t\t\t<div class=\"elementor-element elementor-element-14c89cf elementor-widget__width-initial elementor-widget elementor-widget-text-editor\" data-id=\"14c89cf\" data-element_type=\"widget\" data-widget_type=\"text-editor.default\">\n\t\t\t\t<div class=\"elementor-widget-container\">\n\t\t\t\t\t\t\t<p data-start=\"1511\" data-end=\"1825\">Zweck des Projekts ist die Entwicklung innovativer, integrierter Tourismusprodukte, die den Druck auf die Sommersaison verringern, bessere wirtschaftliche Rahmenbedingungen f\u00fcr Touristiker durch Saisonverl\u00e4ngerung schaffen, Produkte f\u00fcr vulnerable Gruppen anpassen und das Unternehmensgesch\u00e4ft ausbauen.<\/p>\t\t\t\t\t\t<\/div>\n\t\t\t\t<\/div>\n\t\t\t\t<div class=\"elementor-element elementor-element-855ddee elementor-widget__width-inherit elementor-widget-mobile__width-inherit   elementor-widget elementor-widget-heading\" data-id=\"855ddee\" data-element_type=\"widget\" data-widget_type=\"heading.default\">\n\t\t\t\t<div class=\"elementor-widget-container\">\n\t\t\t<h2 class=\"elementor-heading-title elementor-size-default\">PROJEKTZIELE<\/h2>\t\t<\/div>\n\t\t\t\t<\/div>\n\t\t\t\t<div class=\"elementor-element elementor-element-965e540 elementor-widget__width-initial elementor-widget elementor-widget-text-editor\" data-id=\"965e540\" data-element_type=\"widget\" data-widget_type=\"text-editor.default\">\n\t\t\t\t<div class=\"elementor-widget-container\">\n\t\t\t\t\t\t\t<ul><li data-start=\"1848\" data-end=\"1889\"><p data-start=\"1850\" data-end=\"1889\">Entwicklung von drei Tourismusprodukten<\/p><\/li><li data-start=\"1848\" data-end=\"1889\"><p data-start=\"1850\" data-end=\"1889\">Einbindung \u00f6ffentlicher Einrichtungen (Museen, Galerien, Kulturzentren\u2026) in das Tourismusangebot<\/p><\/li><li data-start=\"1848\" data-end=\"1889\"><p data-start=\"1850\" data-end=\"1889\">Integration von Inhalten (Erbe, Mythen, Legenden) in Tourismusprodukte<\/p><\/li><li data-start=\"1848\" data-end=\"1889\"><p data-start=\"1850\" data-end=\"1889\">Einbindung von Beherbergungsbetrieben in Tourismusprodukte<\/p><\/li><\/ul>\t\t\t\t\t\t<\/div>\n\t\t\t\t<\/div>\n\t\t\t\t<div class=\"elementor-element elementor-element-843d652 elementor-widget__width-inherit elementor-widget-mobile__width-inherit   elementor-widget elementor-widget-heading\" data-id=\"843d652\" data-element_type=\"widget\" data-widget_type=\"heading.default\">\n\t\t\t\t<div class=\"elementor-widget-container\">\n\t\t\t<h2 class=\"elementor-heading-title elementor-size-default\">PROJEKTINDIKATOREN<\/h2>\t\t<\/div>\n\t\t\t\t<\/div>\n\t\t\t\t<div class=\"elementor-element elementor-element-3c21205 elementor-widget__width-initial elementor-widget elementor-widget-text-editor\" data-id=\"3c21205\" data-element_type=\"widget\" data-widget_type=\"text-editor.default\">\n\t\t\t\t<div class=\"elementor-widget-container\">\n\t\t\t\t\t\t\t<article class=\"text-token-text-primary w-full\" dir=\"auto\" data-testid=\"conversation-turn-6\" data-scroll-anchor=\"true\"><div class=\"text-base my-auto mx-auto py-5 [--thread-content-margin:--spacing(4)] @[37rem]:[--thread-content-margin:--spacing(6)] @[72rem]:[--thread-content-margin:--spacing(16)] px-(--thread-content-margin)\"><div class=\"[--thread-content-max-width:32rem] @[34rem]:[--thread-content-max-width:40rem] @[64rem]:[--thread-content-max-width:48rem] mx-auto flex max-w-(--thread-content-max-width) flex-1 text-base gap-4 md:gap-5 lg:gap-6 group\/turn-messages focus-visible:outline-hidden\" tabindex=\"-1\"><div class=\"group\/conversation-turn relative flex w-full min-w-0 flex-col agent-turn\"><div class=\"relative flex-col gap-1 md:gap-3\"><div class=\"flex max-w-full flex-col grow\"><div class=\"min-h-8 text-message relative flex w-full flex-col items-end gap-2 text-start break-words whitespace-normal [.text-message+&amp;]:mt-5\" dir=\"auto\" data-message-author-role=\"assistant\" data-message-id=\"20756a1e-b40c-4c50-bd1b-ea1af8d2f49a\" data-message-model-slug=\"o4-mini-high\"><div class=\"flex w-full flex-col gap-1 empty:hidden first:pt-[3px]\"><div class=\"markdown prose dark:prose-invert w-full break-words dark\"><p data-start=\"2129\" data-end=\"2214\" data-is-last-node=\"\" data-is-only-node=\"\">Entwicklung von drei neuen Produkten (integrierte Tourismusprodukte)<\/p><\/div><\/div><\/div><\/div><\/div><\/div><\/div><\/div><\/article>\t\t\t\t\t\t<\/div>\n\t\t\t\t<\/div>\n\t\t\t\t\t<\/div>\n\t\t\t\t<\/div>\n\t\t\t\t<\/div>","protected":false},"excerpt":{"rendered":"<p>Project Poso\u010dje 365 On September 18, 2024, we began implementing the Poso\u010dje 365\u00a0project. Project applicant: TourSlove, turisti\u010dna agencija in nastanitve, d.o.o., socialno podjetje Total project value: EUR 48,799.61 Co-financing amount: EUR 39,999.68 Project duration: from September 18, 2024 to September 30, 2025 Public tender: Public tender for stimulating the launch and development of activities of [&hellip;]<\/p>","protected":false},"author":3,"featured_media":0,"parent":0,"menu_order":0,"comment_status":"closed","ping_status":"publish","template":"elementor_header_footer","meta":{"footnotes":""},"class_list":["post-3251","page","type-page","status-publish","hentry"],"_links":{"self":[{"href":"https:\/\/www.tourismslovenia.eu\/de\/wp-json\/wp\/v2\/pages\/3251","targetHints":{"allow":["GET"]}}],"collection":[{"href":"https:\/\/www.tourismslovenia.eu\/de\/wp-json\/wp\/v2\/pages"}],"about":[{"href":"https:\/\/www.tourismslovenia.eu\/de\/wp-json\/wp\/v2\/types\/page"}],"author":[{"embeddable":true,"href":"https:\/\/www.tourismslovenia.eu\/de\/wp-json\/wp\/v2\/users\/3"}],"replies":[{"embeddable":true,"href":"https:\/\/www.tourismslovenia.eu\/de\/wp-json\/wp\/v2\/comments?post=3251"}],"version-history":[{"count":35,"href":"https:\/\/www.tourismslovenia.eu\/de\/wp-json\/wp\/v2\/pages\/3251\/revisions"}],"predecessor-version":[{"id":3516,"href":"https:\/\/www.tourismslovenia.eu\/de\/wp-json\/wp\/v2\/pages\/3251\/revisions\/3516"}],"wp:attachment":[{"href":"https:\/\/www.tourismslovenia.eu\/de\/wp-json\/wp\/v2\/media?parent=3251"}],"curies":[{"name":"wp","href":"https:\/\/api.w.org\/{rel}","templated":true}]}}