{"id":208,"date":"2024-12-10T12:17:26","date_gmt":"2024-12-10T12:17:26","guid":{"rendered":"https:\/\/www.tourismslovenia.eu\/about-us\/"},"modified":"2025-12-14T17:44:47","modified_gmt":"2025-12-14T17:44:47","slug":"me","status":"publish","type":"page","link":"https:\/\/www.tourismslovenia.eu\/de\/me\/","title":{"rendered":"\u00dcber mich"},"content":{"rendered":"<div data-elementor-type=\"wp-post\" data-elementor-id=\"208\" class=\"elementor elementor-208\" data-elementor-post-type=\"page\">\n\t\t\t\t<div class=\"elementor-element elementor-element-hYCoiXvw e-con-full   e-flex e-con e-parent\" data-id=\"hYCoiXvw\" data-element_type=\"container\">\n\t\t<div class=\"elementor-element elementor-element-B6Stzjy6   e-flex e-con-boxed e-con e-child\" data-id=\"B6Stzjy6\" data-element_type=\"container\" data-settings=\"{&quot;background_background&quot;:&quot;classic&quot;}\">\n\t\t\t\t\t<div class=\"e-con-inner\">\n\t\t\t\t<div class=\"elementor-element elementor-element-B678VoRU elementor-widget__width-inherit elementor-widget-mobile__width-inherit   elementor-widget elementor-widget-heading\" data-id=\"B678VoRU\" data-element_type=\"widget\" data-widget_type=\"heading.default\">\n\t\t\t\t<div class=\"elementor-widget-container\">\n\t\t\t<span class=\"elementor-heading-title elementor-size-default\">\u00dcber mich<\/span>\t\t<\/div>\n\t\t\t\t<\/div>\n\t\t\t\t<div class=\"elementor-element elementor-element-NFwNr51L elementor-widget__width-inherit elementor-widget-mobile__width-inherit   elementor-widget elementor-widget-text-editor\" data-id=\"NFwNr51L\" data-element_type=\"widget\" data-widget_type=\"text-editor.default\">\n\t\t\t\t<div class=\"elementor-widget-container\">\n\t\t\t\t\t\t\t<p>Hallo, ich bin <strong data-start=\"62\" data-end=\"84\" data-is-only-node=\"\">Mihaela Rupnik Cek<\/strong>, Gr\u00fcnder von <strong data-start=\"97\" data-end=\"117\">TourSlove d.o.o.<\/strong> und ein lebenslanger Botschafter des slowenischen Tourismus. Mit einem Masterabschluss in Tourismus und tiefen famili\u00e4ren Wurzeln im So\u010da-Tal kann man sagen, dass Gastfreundschaft in meiner DNA liegt.<\/p><p><br data-start=\"281\" data-end=\"284\" \/>Inspiriert von meinen Eltern, den Pionieren des lokalen Tourismus in Bovec, habe ich mein Leben der Aufgabe gewidmet, die nat\u00fcrliche Sch\u00f6nheit und kulturelle Vielfalt Sloweniens mit Reisenden aus aller Welt zu teilen. Heute lebe und arbeite ich in Portoro\u017e, auf einem ruhigen H\u00fcgel in Se\u010da mit Blick auf die magischen Salinen von Se\u010dovlje und die Adria.<\/p><p><br data-start=\"591\" data-end=\"594\" \/>Vom Management des beliebten <strong data-start=\"620\" data-end=\"643\">BOVEC Holiday House<\/strong> bis hin zur Einf\u00fchrung einzigartiger Erlebnisse unter dem <strong data-start=\"686\" data-end=\"695\">MORjE<\/strong> Markennamen \u2013 meine Leidenschaft liegt darin, unvergessliche Abenteuer f\u00fcr neugierige Entdecker und Naturliebhaber gleicherma\u00dfen zu schaffen.<br data-start=\"802\" data-end=\"805\" \/>Gemeinsam mit meinem handverlesenen Team aus Guides und Animateuren bieten wir <strong data-start=\"872\" data-end=\"905\">authentische, interpretative Touren<\/strong> die Sloweniens Landschaften, Geschichten und Traditionen zum Leben erwecken.<\/p><p><br data-start=\"972\" data-end=\"975\" \/><em data-start=\"975\" data-end=\"1074\" data-is-last-node=\"\">\u201eTu, was du liebst, und du schaffst Gl\u00fcck \u2013 nicht nur f\u00fcr dich selbst, sondern f\u00fcr alle, denen du begegnest.\u201c<\/em><\/p>\t\t\t\t\t\t<\/div>\n\t\t\t\t<\/div>\n\t\t\t\t<div class=\"elementor-element elementor-element-3ed50b2 elementor-widget__width-inherit elementor-widget-mobile__width-inherit   elementor-widget elementor-widget-heading\" data-id=\"3ed50b2\" data-element_type=\"widget\" data-widget_type=\"heading.default\">\n\t\t\t\t<div class=\"elementor-widget-container\">\n\t\t\t<span class=\"elementor-heading-title elementor-size-default\">Meine beruflichen Meilensteine<\/span>\t\t<\/div>\n\t\t\t\t<\/div>\n\t\t\t\t<div class=\"elementor-element elementor-element-eb37535 elementor-widget__width-inherit elementor-widget-mobile__width-inherit   elementor-widget elementor-widget-text-editor\" data-id=\"eb37535\" data-element_type=\"widget\" data-widget_type=\"text-editor.default\">\n\t\t\t\t<div class=\"elementor-widget-container\">\n\t\t\t\t\t\t\t<p class=\"\" data-start=\"1279\" data-end=\"1300\"><strong data-start=\"1279\" data-end=\"1300\">Formale Ausbildung:<\/strong><\/p><ul data-start=\"1302\" data-end=\"2112\"><li class=\"\" data-start=\"1302\" data-end=\"1472\"><p class=\"\" data-start=\"1304\" data-end=\"1472\"><strong data-start=\"1304\" data-end=\"1312\">2008<\/strong> \u2013 Tourismusbetriebswirt<br data-start=\"1339\" data-end=\"1342\" \/><em data-start=\"1344\" data-end=\"1385\">Hochschule f\u00fcr Gastgewerbe und Tourismus Bled<\/em><br data-start=\"1385\" data-end=\"1388\" \/>Abschlussarbeit: <em data-start=\"1398\" data-end=\"1472\">Die Rolle des Informationszentrums des Triglav-Nationalparks in der Tourismusentwicklung<\/em><\/p><\/li><li class=\"\" data-start=\"1474\" data-end=\"1538\"><p class=\"\" data-start=\"1476\" data-end=\"1538\"><strong data-start=\"1476\" data-end=\"1484\">2009<\/strong> \u2013 Ausgezeichnet als \u201eJunge Hoffnung der Turistica\u201c (Top 5\u202f% der Klasse)<\/p><\/li><li class=\"\" data-start=\"1540\" data-end=\"1757\"><p class=\"\" data-start=\"1542\" data-end=\"1757\"><strong data-start=\"1542\" data-end=\"1550\">2010<\/strong> \u2013 Bachelorabschluss in Tourismusorganisation<br data-start=\"1594\" data-end=\"1597\" \/><em data-start=\"1599\" data-end=\"1638\">Schwerpunkt: Management von Reisedestinationen<\/em><br data-start=\"1638\" data-end=\"1641\" \/><em data-start=\"1643\" data-end=\"1693\">Fakult\u00e4t f\u00fcr Tourismuswissenschaften \u2013 Turistica, Portoro\u017e<\/em><br data-start=\"1693\" data-end=\"1696\" \/>Abschlussarbeit: <em data-start=\"1706\" data-end=\"1757\">Tourismusentwicklungsstrategie f\u00fcr die Region Bovec<\/em><\/p><\/li><li class=\"\" data-start=\"1759\" data-end=\"2112\"><p class=\"\" data-start=\"1761\" data-end=\"2112\"><strong data-start=\"1761\" data-end=\"1769\">2015<\/strong> \u2013 Masterabschluss in Tourismus<br data-start=\"1798\" data-end=\"1801\" \/><em data-start=\"1803\" data-end=\"1847\">Schwerpunkt: Betriebswirtschaft und Organisationsstudien<\/em><br data-start=\"1847\" data-end=\"1850\" \/><em data-start=\"1852\" data-end=\"1902\">Fakult\u00e4t f\u00fcr Tourismuswissenschaften \u2013 Turistica, Portoro\u017e<\/em><br data-start=\"1902\" data-end=\"1905\" \/>Abschlussarbeit: <em data-start=\"1915\" data-end=\"2030\">Entwicklung eines multikriteriellen Entscheidungsmodells zur Auswahl eines Kinderanimationsprogramms an der slowenischen K\u00fcste<\/em><br data-start=\"2030\" data-end=\"2033\" \/>(<em data-start=\"2036\" data-end=\"2111\">Themenabenteuer entlang der K\u00fcstensch\u00e4tze waren ein Mehrwert in meiner Abschlussarbeit<\/em>)<\/p><\/li><\/ul><p class=\"\" data-start=\"2114\" data-end=\"2137\"><strong data-start=\"2114\" data-end=\"2137\">Informelle Bildung:<\/strong><\/p><ul data-start=\"2139\" data-end=\"2468\"><li class=\"\" data-start=\"2139\" data-end=\"2196\"><p class=\"\" data-start=\"2141\" data-end=\"2196\">Nationale Berufsqualifikation: <strong data-start=\"2176\" data-end=\"2196\">Touristenanimateur<\/strong><\/p><\/li><li class=\"\" data-start=\"2197\" data-end=\"2265\"><p class=\"\" data-start=\"2199\" data-end=\"2265\">Nationale Berufsqualifikation: <strong data-start=\"2234\" data-end=\"2265\">Mitarbeiter im Touristeninformationsdienst<\/strong><\/p><\/li><li class=\"\" data-start=\"2266\" data-end=\"2322\"><p class=\"\" data-start=\"2268\" data-end=\"2322\">Zertifizierter \u00f6rtlicher Fremdenf\u00fchrer f\u00fcr <strong data-start=\"2302\" data-end=\"2322\">die slowenische Istrien<\/strong><\/p><\/li><li class=\"\" data-start=\"2323\" data-end=\"2374\"><p class=\"\" data-start=\"2325\" data-end=\"2374\"><strong data-start=\"2325\" data-end=\"2345\">Interpret Europe<\/strong> Zertifizierter Interpretationsf\u00fchrer<\/p><\/li><li class=\"\" data-start=\"2375\" data-end=\"2410\"><p class=\"\" data-start=\"2377\" data-end=\"2410\">Zertifiziert <strong data-start=\"2387\" data-end=\"2410\">Interpretativer Texter<\/strong><\/p><\/li><li class=\"\" data-start=\"2411\" data-end=\"2468\"><p class=\"\" data-start=\"2413\" data-end=\"2468\">Lizenzierter regionaler Fremdenf\u00fchrer f\u00fcr die <strong data-start=\"2453\" data-end=\"2468\">Julian Alps<\/strong><\/p><\/li><\/ul><p class=\"\" data-start=\"2470\" data-end=\"2654\">Mit einem aktiven Lebensstil, umfassender Tourismuserfahrung und jahrelangem Studium der Sch\u00e4tze Sloweniens fand ich die Inspiration, meine Website zu benennen <strong data-start=\"2605\" data-end=\"2631\"><a class=\"\" href=\"http:\/\/www.tourismslovenia.eu\/de\/\" target=\"_new\" rel=\"noopener\" data-start=\"2607\" data-end=\"2629\">www.tourismslovenia.eu<\/a><\/strong> und mein Unternehmen zu gr\u00fcnden:<\/p><p data-start=\"2470\" data-end=\"2654\">\u00a0<\/p><p class=\"\" data-start=\"2656\" data-end=\"2738\"><strong data-start=\"2656\" data-end=\"2683\">TourSlove d.o.o., so.p.<\/strong><br data-start=\"2683\" data-end=\"2686\" \/>Brdo 54,<br data-start=\"2694\" data-end=\"2697\" \/>5230 Bovec, Slovenia<br data-start=\"2717\" data-end=\"2720\" \/>VAT ID: SI82480982<\/p>\t\t\t\t\t\t<\/div>\n\t\t\t\t<\/div>\n\t\t\t\t<div class=\"elementor-element elementor-element-9c9b462 elementor-widget__width-inherit elementor-widget-mobile__width-inherit   elementor-widget elementor-widget-heading\" data-id=\"9c9b462\" data-element_type=\"widget\" data-widget_type=\"heading.default\">\n\t\t\t\t<div class=\"elementor-widget-container\">\n\t\t\t<span class=\"elementor-heading-title elementor-size-default\">Lerne mich besser kennen\n<\/span>\t\t<\/div>\n\t\t\t\t<\/div>\n\t\t\t\t<div class=\"elementor-element elementor-element-9bbe5a9 elementor-widget__width-inherit elementor-widget-mobile__width-inherit   elementor-widget elementor-widget-text-editor\" data-id=\"9bbe5a9\" data-element_type=\"widget\" data-widget_type=\"text-editor.default\">\n\t\t\t\t<div class=\"elementor-widget-container\">\n\t\t\t\t\t\t\t<p class=\"\" data-start=\"2773\" data-end=\"3065\">Schon seit meiner Kindheit habe ich eine Leidenschaft f\u00fcr die B\u00fchne, spielte in Theatergruppen und nahm an Theaterworkshops teil \u2013 inspiriert wurde ich dabei vor allem von der Cousine meines Gro\u00dfvaters, <em data-start=\"2919\" data-end=\"2929\">Ita Rina<\/em>Sloweniens erste Filmschauspielerin.<br data-start=\"2961\" data-end=\"2964\" \/>W\u00e4hrend meines Tourismusstudiums sammelte ich wertvolle Erfahrungen in Animation, F\u00fchrung und Tourismusorganisation.<\/p><p class=\"\" data-start=\"3067\" data-end=\"3235\">Ich habe mein Unternehmen im Jahr gegr\u00fcndet <strong data-start=\"3091\" data-end=\"3105\">April 2016<\/strong>Meine gr\u00f6\u00dften Leidenschaften sind Reisen und das Entdecken versteckter Sch\u00e4tze. In meiner Freizeit fahre ich gerne Rad, wandere und schwimme im Meer.<\/p><p class=\"\" data-start=\"3237\" data-end=\"3457\">In <strong data-start=\"3240\" data-end=\"3257\">Dezember 2008<\/strong>, wurde ich Mutter meiner Tochter <strong data-start=\"3292\" data-end=\"3300\">Anja<\/strong>, und im <strong data-start=\"3309\" data-end=\"3322\">Juni 2019<\/strong>, mein Sohn <strong data-start=\"3331\" data-end=\"3338\">Nik<\/strong> kam zu unserer Familie dazu. Wir bem\u00fchen uns, so viel wertvolle Zeit wie m\u00f6glich miteinander zu verbringen, um ihr Wachstum und Gl\u00fcck zu unterst\u00fctzen.<\/p><p class=\"\" data-start=\"3459\" data-end=\"3563\">Sie sind herzlich eingeladen auf einen Kaffee, einen Plausch oder ein Eis \u2013 in <strong data-start=\"3519\" data-end=\"3528\">Bovec<\/strong>, bei der <strong data-start=\"3537\" data-end=\"3544\">Meer<\/strong>oder irgendwo anders!<\/p><p class=\"\" data-start=\"3565\" data-end=\"3667\">Sie k\u00f6nnen mich gerne kontaktieren unter <strong data-start=\"3592\" data-end=\"3622\"><a class=\"cursor-pointer\" rel=\"noopener\" data-start=\"3594\" data-end=\"3620\">mihaela@tourismslovenia.eu<\/a><\/strong><br data-start=\"3622\" data-end=\"3625\" \/>oder rufen Sie mich an unter <strong data-start=\"3646\" data-end=\"3666\">+386 40 42 52 62<\/strong>.<\/p>\t\t\t\t\t\t<\/div>\n\t\t\t\t<\/div>\n\t\t\t\t\t<\/div>\n\t\t\t\t<\/div>\n\t\t\t\t<\/div>\n\t\t\t\t<\/div>","protected":false},"excerpt":{"rendered":"<p>About Me Hi, I&#8217;m Mihaela Rupnik Cek, founder of TourSlove d.o.o. and a lifelong ambassador of Slovenian tourism. With a Master\u2019s degree in tourism and deep family roots in the So\u010da Valley, you could say hospitality is in my DNA. Inspired by my parents, pioneers of local tourism in Bovec, I\u2019ve dedicated my life to [&hellip;]<\/p>","protected":false},"author":3,"featured_media":0,"parent":0,"menu_order":0,"comment_status":"closed","ping_status":"closed","template":"elementor_header_footer","meta":{"footnotes":""},"class_list":["post-208","page","type-page","status-publish","hentry"],"_links":{"self":[{"href":"https:\/\/www.tourismslovenia.eu\/de\/wp-json\/wp\/v2\/pages\/208","targetHints":{"allow":["GET"]}}],"collection":[{"href":"https:\/\/www.tourismslovenia.eu\/de\/wp-json\/wp\/v2\/pages"}],"about":[{"href":"https:\/\/www.tourismslovenia.eu\/de\/wp-json\/wp\/v2\/types\/page"}],"author":[{"embeddable":true,"href":"https:\/\/www.tourismslovenia.eu\/de\/wp-json\/wp\/v2\/users\/3"}],"replies":[{"embeddable":true,"href":"https:\/\/www.tourismslovenia.eu\/de\/wp-json\/wp\/v2\/comments?post=208"}],"version-history":[{"count":41,"href":"https:\/\/www.tourismslovenia.eu\/de\/wp-json\/wp\/v2\/pages\/208\/revisions"}],"predecessor-version":[{"id":2732,"href":"https:\/\/www.tourismslovenia.eu\/de\/wp-json\/wp\/v2\/pages\/208\/revisions\/2732"}],"wp:attachment":[{"href":"https:\/\/www.tourismslovenia.eu\/de\/wp-json\/wp\/v2\/media?parent=208"}],"curies":[{"name":"wp","href":"https:\/\/api.w.org\/{rel}","templated":true}]}}