{"id":1265,"date":"2025-04-08T20:11:50","date_gmt":"2025-04-08T20:11:50","guid":{"rendered":"https:\/\/www.tourismslovenia.eu\/?page_id=1265"},"modified":"2025-05-17T15:23:23","modified_gmt":"2025-05-17T15:23:23","slug":"ita-rinas-apartment","status":"publish","type":"page","link":"https:\/\/www.tourismslovenia.eu\/de\/ita-rinas-house\/ita-rinas-apartment\/","title":{"rendered":"Ita Rina\u2019s Apartment"},"content":{"rendered":"<div data-elementor-type=\"wp-post\" data-elementor-id=\"1265\" class=\"elementor elementor-1265\" data-elementor-post-type=\"page\">\n\t\t\t\t<div class=\"elementor-element elementor-element-9b2ef2c e-flex e-con-boxed e-con e-parent\" data-id=\"9b2ef2c\" data-element_type=\"container\">\n\t\t\t\t\t<div class=\"e-con-inner\">\n\t\t\t\t<div class=\"elementor-element elementor-element-f5e3343 elementor-widget__width-initial elementor-widget elementor-widget-image\" data-id=\"f5e3343\" data-element_type=\"widget\" data-widget_type=\"image.default\">\n\t\t\t\t<div class=\"elementor-widget-container\">\n\t\t\t\t\t\t\t\t\t\t\t\t\t<img fetchpriority=\"high\" decoding=\"async\" width=\"600\" height=\"450\" src=\"https:\/\/www.tourismslovenia.eu\/wp-content\/uploads\/2025\/04\/4-dnevna-ita-rina-600x450-1.jpg\" class=\"attachment-large size-large wp-image-1246\" alt=\"\" srcset=\"https:\/\/www.tourismslovenia.eu\/wp-content\/uploads\/2025\/04\/4-dnevna-ita-rina-600x450-1.jpg 600w, https:\/\/www.tourismslovenia.eu\/wp-content\/uploads\/2025\/04\/4-dnevna-ita-rina-600x450-1-300x225.jpg 300w\" sizes=\"(max-width: 600px) 100vw, 600px\" \/>\t\t\t\t\t\t\t\t\t\t\t\t\t<\/div>\n\t\t\t\t<\/div>\n\t\t\t\t<div class=\"elementor-element elementor-element-7dcbd67 elementor-widget elementor-widget-gallery\" data-id=\"7dcbd67\" data-element_type=\"widget\" data-settings=\"{&quot;gallery_layout&quot;:&quot;justified&quot;,&quot;_animation&quot;:&quot;none&quot;,&quot;ideal_row_height&quot;:{&quot;unit&quot;:&quot;px&quot;,&quot;size&quot;:200,&quot;sizes&quot;:[]},&quot;ideal_row_height_tablet&quot;:{&quot;unit&quot;:&quot;px&quot;,&quot;size&quot;:150,&quot;sizes&quot;:[]},&quot;ideal_row_height_mobile&quot;:{&quot;unit&quot;:&quot;px&quot;,&quot;size&quot;:150,&quot;sizes&quot;:[]},&quot;gap&quot;:{&quot;unit&quot;:&quot;px&quot;,&quot;size&quot;:10,&quot;sizes&quot;:[]},&quot;gap_tablet&quot;:{&quot;unit&quot;:&quot;px&quot;,&quot;size&quot;:10,&quot;sizes&quot;:[]},&quot;gap_mobile&quot;:{&quot;unit&quot;:&quot;px&quot;,&quot;size&quot;:10,&quot;sizes&quot;:[]},&quot;link_to&quot;:&quot;file&quot;,&quot;overlay_background&quot;:&quot;yes&quot;,&quot;content_hover_animation&quot;:&quot;fade-in&quot;}\" data-widget_type=\"gallery.default\">\n\t\t\t\t<div class=\"elementor-widget-container\">\n\t\t\t\t\t<div class=\"elementor-gallery__container\">\n\t\t\t\t\t\t\t<a class=\"e-gallery-item elementor-gallery-item elementor-animated-content\" href=\"https:\/\/www.tourismslovenia.eu\/wp-content\/uploads\/2025\/04\/5-kuhinja-ITA-KUHINJA2.jpg\" data-elementor-open-lightbox=\"yes\" data-elementor-lightbox-slideshow=\"7dcbd67\" data-elementor-lightbox-title=\"5-kuhinja-ITA-KUHINJA2\" data-e-action-hash=\"#elementor-action%3Aaction%3Dlightbox%26settings%3DeyJpZCI6MTI2NywidXJsIjoiaHR0cHM6XC9cL3d3dy50b3VyaXNtc2xvdmVuaWEuZXVcL3dwLWNvbnRlbnRcL3VwbG9hZHNcLzIwMjVcLzA0XC81LWt1aGluamEtSVRBLUtVSElOSkEyLmpwZyIsInNsaWRlc2hvdyI6IjdkY2JkNjcifQ%3D%3D\">\n\t\t\t\t\t<div class=\"e-gallery-image elementor-gallery-item__image\" data-thumbnail=\"https:\/\/www.tourismslovenia.eu\/wp-content\/uploads\/2025\/04\/5-kuhinja-ITA-KUHINJA2-300x225.jpg\" data-width=\"300\" data-height=\"225\" aria-label=\"\" role=\"img\" ><\/div>\n\t\t\t\t\t\t\t\t\t\t\t<div class=\"elementor-gallery-item__overlay\"><\/div>\n\t\t\t\t\t\t\t\t\t\t\t\t\t\t<\/a>\n\t\t\t\t\t\t\t<a class=\"e-gallery-item elementor-gallery-item elementor-animated-content\" href=\"https:\/\/www.tourismslovenia.eu\/wp-content\/uploads\/2025\/04\/6-ITA-RINA-soba.jpg\" data-elementor-open-lightbox=\"yes\" data-elementor-lightbox-slideshow=\"7dcbd67\" data-elementor-lightbox-title=\"6-ITA-RINA-soba\" data-e-action-hash=\"#elementor-action%3Aaction%3Dlightbox%26settings%3DeyJpZCI6MTI2OCwidXJsIjoiaHR0cHM6XC9cL3d3dy50b3VyaXNtc2xvdmVuaWEuZXVcL3dwLWNvbnRlbnRcL3VwbG9hZHNcLzIwMjVcLzA0XC82LUlUQS1SSU5BLXNvYmEuanBnIiwic2xpZGVzaG93IjoiN2RjYmQ2NyJ9\">\n\t\t\t\t\t<div class=\"e-gallery-image elementor-gallery-item__image\" data-thumbnail=\"https:\/\/www.tourismslovenia.eu\/wp-content\/uploads\/2025\/04\/6-ITA-RINA-soba-300x225.jpg\" data-width=\"300\" data-height=\"225\" aria-label=\"\" role=\"img\" ><\/div>\n\t\t\t\t\t\t\t\t\t\t\t<div class=\"elementor-gallery-item__overlay\"><\/div>\n\t\t\t\t\t\t\t\t\t\t\t\t\t\t<\/a>\n\t\t\t\t\t\t\t<a class=\"e-gallery-item elementor-gallery-item elementor-animated-content\" href=\"https:\/\/www.tourismslovenia.eu\/wp-content\/uploads\/2025\/04\/ita-rina2.jpg\" data-elementor-open-lightbox=\"yes\" data-elementor-lightbox-slideshow=\"7dcbd67\" data-elementor-lightbox-title=\"ita-rina2\" data-e-action-hash=\"#elementor-action%3Aaction%3Dlightbox%26settings%3DeyJpZCI6MTI2OSwidXJsIjoiaHR0cHM6XC9cL3d3dy50b3VyaXNtc2xvdmVuaWEuZXVcL3dwLWNvbnRlbnRcL3VwbG9hZHNcLzIwMjVcLzA0XC9pdGEtcmluYTIuanBnIiwic2xpZGVzaG93IjoiN2RjYmQ2NyJ9\">\n\t\t\t\t\t<div class=\"e-gallery-image elementor-gallery-item__image\" data-thumbnail=\"https:\/\/www.tourismslovenia.eu\/wp-content\/uploads\/2025\/04\/ita-rina2-300x207.jpg\" data-width=\"300\" data-height=\"207\" aria-label=\"\" role=\"img\" ><\/div>\n\t\t\t\t\t\t\t\t\t\t\t<div class=\"elementor-gallery-item__overlay\"><\/div>\n\t\t\t\t\t\t\t\t\t\t\t\t\t\t<\/a>\n\t\t\t\t\t\t\t<a class=\"e-gallery-item elementor-gallery-item elementor-animated-content\" href=\"https:\/\/www.tourismslovenia.eu\/wp-content\/uploads\/2025\/04\/ita-rina4.jpg\" data-elementor-open-lightbox=\"yes\" data-elementor-lightbox-slideshow=\"7dcbd67\" data-elementor-lightbox-title=\"ita-rina4\" data-e-action-hash=\"#elementor-action%3Aaction%3Dlightbox%26settings%3DeyJpZCI6MTI3MCwidXJsIjoiaHR0cHM6XC9cL3d3dy50b3VyaXNtc2xvdmVuaWEuZXVcL3dwLWNvbnRlbnRcL3VwbG9hZHNcLzIwMjVcLzA0XC9pdGEtcmluYTQuanBnIiwic2xpZGVzaG93IjoiN2RjYmQ2NyJ9\">\n\t\t\t\t\t<div class=\"e-gallery-image elementor-gallery-item__image\" data-thumbnail=\"https:\/\/www.tourismslovenia.eu\/wp-content\/uploads\/2025\/04\/ita-rina4-300x207.jpg\" data-width=\"300\" data-height=\"207\" aria-label=\"\" role=\"img\" ><\/div>\n\t\t\t\t\t\t\t\t\t\t\t<div class=\"elementor-gallery-item__overlay\"><\/div>\n\t\t\t\t\t\t\t\t\t\t\t\t\t\t<\/a>\n\t\t\t\t\t\t\t<a class=\"e-gallery-item elementor-gallery-item elementor-animated-content\" href=\"https:\/\/www.tourismslovenia.eu\/wp-content\/uploads\/2025\/04\/ita-rina5.jpg\" data-elementor-open-lightbox=\"yes\" data-elementor-lightbox-slideshow=\"7dcbd67\" data-elementor-lightbox-title=\"ita-rina5\" data-e-action-hash=\"#elementor-action%3Aaction%3Dlightbox%26settings%3DeyJpZCI6MTI3MSwidXJsIjoiaHR0cHM6XC9cL3d3dy50b3VyaXNtc2xvdmVuaWEuZXVcL3dwLWNvbnRlbnRcL3VwbG9hZHNcLzIwMjVcLzA0XC9pdGEtcmluYTUuanBnIiwic2xpZGVzaG93IjoiN2RjYmQ2NyJ9\">\n\t\t\t\t\t<div class=\"e-gallery-image elementor-gallery-item__image\" data-thumbnail=\"https:\/\/www.tourismslovenia.eu\/wp-content\/uploads\/2025\/04\/ita-rina5-300x207.jpg\" data-width=\"300\" data-height=\"207\" aria-label=\"\" role=\"img\" ><\/div>\n\t\t\t\t\t\t\t\t\t\t\t<div class=\"elementor-gallery-item__overlay\"><\/div>\n\t\t\t\t\t\t\t\t\t\t\t\t\t\t<\/a>\n\t\t\t\t\t<\/div>\n\t\t\t<\/div>\n\t\t\t\t<\/div>\n\t\t\t\t\t<\/div>\n\t\t\t\t<\/div>\n\t\t<div class=\"elementor-element elementor-element-561d74e e-flex e-con-boxed e-con e-parent\" data-id=\"561d74e\" data-element_type=\"container\">\n\t\t\t\t\t<div class=\"e-con-inner\">\n\t\t<div class=\"elementor-element elementor-element-850ee21 e-con-full e-flex e-con e-child\" data-id=\"850ee21\" data-element_type=\"container\">\n\t\t\t\t<div class=\"elementor-element elementor-element-9230867 elementor-widget__width-inherit elementor-widget-mobile__width-inherit   elementor-widget elementor-widget-heading\" data-id=\"9230867\" data-element_type=\"widget\" data-widget_type=\"heading.default\">\n\t\t\t\t<div class=\"elementor-widget-container\">\n\t\t\t<h2 class=\"elementor-heading-title elementor-size-default\">Ita Rina\u2019s Apartment<\/h2>\t\t<\/div>\n\t\t\t\t<\/div>\n\t\t\t\t<div class=\"elementor-element elementor-element-4cc6f48 e-n-tabs-mobile elementor-widget elementor-widget-n-tabs\" data-id=\"4cc6f48\" data-element_type=\"widget\" data-settings=\"{&quot;tabs_justify_horizontal&quot;:&quot;start&quot;,&quot;horizontal_scroll&quot;:&quot;disable&quot;}\" data-widget_type=\"nested-tabs.default\">\n\t\t\t\t<div class=\"elementor-widget-container\">\n\t\t\t\t\t<div class=\"e-n-tabs\" data-widget-number=\"80506696\" aria-label=\"Tabs. Open items with Enter or Space, close with Escape and navigate using the Arrow keys.\">\n\t\t\t<div class=\"e-n-tabs-heading\" role=\"tablist\">\n\t\t\t\t\t<button id=\"e-n-tab-title-805066961\" class=\"e-n-tab-title\" aria-selected=\"true\" data-tab-index=\"1\" role=\"tab\" tabindex=\"0\" aria-controls=\"e-n-tab-content-805066961\" style=\"--n-tabs-title-order: 1;\">\n\t\t\t\t\t\t<span class=\"e-n-tab-title-text\">\n\t\t\t\tBeschreibung\t\t\t<\/span>\n\t\t<\/button>\n\t\t\t\t<button id=\"e-n-tab-title-805066962\" class=\"e-n-tab-title\" aria-selected=\"false\" data-tab-index=\"2\" role=\"tab\" tabindex=\"-1\" aria-controls=\"e-n-tab-content-805066962\" style=\"--n-tabs-title-order: 2;\">\n\t\t\t\t\t\t<span class=\"e-n-tab-title-text\">\n\t\t\t\t\u00dcberblick\t\t\t<\/span>\n\t\t<\/button>\n\t\t\t\t<button id=\"e-n-tab-title-805066963\" class=\"e-n-tab-title\" aria-selected=\"false\" data-tab-index=\"3\" role=\"tab\" tabindex=\"-1\" aria-controls=\"e-n-tab-content-805066963\" style=\"--n-tabs-title-order: 3;\">\n\t\t\t\t\t\t<span class=\"e-n-tab-title-text\">\n\t\t\t\tPreise\t\t\t<\/span>\n\t\t<\/button>\n\t\t\t\t\t<\/div>\n\t\t\t<div class=\"e-n-tabs-content\">\n\t\t\t\t<div id=\"e-n-tab-content-805066961\" role=\"tabpanel\" aria-labelledby=\"e-n-tab-title-805066961\" data-tab-index=\"1\" style=\"--n-tabs-title-order: 1;\" class=\"e-active elementor-element elementor-element-cbdd889 e-con-full e-flex e-con e-child\" data-id=\"cbdd889\" data-element_type=\"container\">\n\t\t\t\t<div class=\"elementor-element elementor-element-5ab8ad7 elementor-widget elementor-widget-text-editor\" data-id=\"5ab8ad7\" data-element_type=\"widget\" data-widget_type=\"text-editor.default\">\n\t\t\t\t<div class=\"elementor-widget-container\">\n\t\t\t\t\t\t\t<p><span style=\"font-weight: 400;\">Ita Rina\u2019s Apartment ist ein gro\u00dfz\u00fcgiges Apartment im Obergeschoss eines historischen Hauses im Zentrum von Bovec. Es bietet Platz f\u00fcr bis zu 6 G\u00e4ste und umfasst zwei gro\u00dfe Doppelzimmer, eine voll ausgestattete K\u00fcche, einen Ess- und Wohnbereich sowie einen verglasten Innenbalkon. Das Haus war einst das Zuhause von Ita Rina, Sloweniens erstem Filmstar, und die Wohnung bewahrt noch immer originale M\u00f6bel, die von ihrem Cousin handgefertigt wurden.<\/span><\/p><p><b>Adresse:<\/b><span style=\"font-weight: 400;\"> Dvor 38, 5230 Bovec, Slovenia<\/span><\/p>\t\t\t\t\t\t<\/div>\n\t\t\t\t<\/div>\n\t\t\t\t<\/div>\n\t\t<div id=\"e-n-tab-content-805066962\" role=\"tabpanel\" aria-labelledby=\"e-n-tab-title-805066962\" data-tab-index=\"2\" style=\"--n-tabs-title-order: 2;\" class=\"elementor-element elementor-element-da66ee6 e-flex e-con-boxed e-con e-child\" data-id=\"da66ee6\" data-element_type=\"container\">\n\t\t\t\t\t<div class=\"e-con-inner\">\n\t\t\t\t<div class=\"elementor-element elementor-element-fe7a42d elementor-widget elementor-widget-text-editor\" data-id=\"fe7a42d\" data-element_type=\"widget\" data-widget_type=\"text-editor.default\">\n\t\t\t\t<div class=\"elementor-widget-container\">\n\t\t\t\t\t\t\t<ul><li style=\"font-weight: 400;\" aria-level=\"1\"><span style=\"font-weight: 400;\">Im Obergeschoss gelegen<\/span><\/li><li style=\"font-weight: 400;\" aria-level=\"1\"><span style=\"font-weight: 400;\">Bietet Platz f\u00fcr bis zu 6 G\u00e4ste<\/span><\/li><li style=\"font-weight: 400;\" aria-level=\"1\"><span style=\"font-weight: 400;\">Zwei gro\u00dfz\u00fcgige Doppelzimmer<\/span><\/li><li style=\"font-weight: 400;\" aria-level=\"1\"><span style=\"font-weight: 400;\">Schlafsofa im Wohnzimmer<\/span><\/li><li style=\"font-weight: 400;\" aria-level=\"1\"><span style=\"font-weight: 400;\">Voll ausgestattete K\u00fcche und Esszimmer<\/span><\/li><li style=\"font-weight: 400;\" aria-level=\"1\"><span style=\"font-weight: 400;\">Badezimmer mit Dusche<\/span><\/li><li style=\"font-weight: 400;\" aria-level=\"1\"><span style=\"font-weight: 400;\">Innenbalkon<\/span><\/li><li style=\"font-weight: 400;\" aria-level=\"1\"><span style=\"font-weight: 400;\">Kleine Terrasse und Garten mit Teich<\/span><\/li><li style=\"font-weight: 400;\" aria-level=\"1\"><span style=\"font-weight: 400;\">Nat\u00fcrliche Quelle mit Bergwasser auf dem Grundst\u00fcck<\/span><\/li><li style=\"font-weight: 400;\" aria-level=\"1\"><span style=\"font-weight: 400;\">WLAN und Kabel-TV<\/span><\/li><li style=\"font-weight: 400;\" aria-level=\"1\"><span style=\"font-weight: 400;\">Bettw\u00e4sche und Handt\u00fccher inklusive<\/span><\/li><li style=\"font-weight: 400;\" aria-level=\"1\"><span style=\"font-weight: 400;\">Reinigungsservice beim Check-out<\/span><\/li><li style=\"font-weight: 400;\" aria-level=\"1\"><span style=\"font-weight: 400;\">Zimmerheizung w\u00e4hrend der Wintersaison<\/span><\/li><li style=\"font-weight: 400;\" aria-level=\"1\"><span style=\"font-weight: 400;\">Parkplatz vorhanden<\/span><\/li><li style=\"font-weight: 400;\" aria-level=\"1\"><span style=\"font-weight: 400;\">Stauraum f\u00fcr Sportausr\u00fcstung<\/span><\/li><li style=\"font-weight: 400;\" aria-level=\"1\"><span style=\"font-weight: 400;\">Unbegrenzte Nutzung von Fahrr\u00e4dern und Trekkingst\u00f6cken<\/span><\/li><li style=\"font-weight: 400;\" aria-level=\"1\"><span style=\"font-weight: 400;\">Check-in: nach 15:00 Uhr<\/span><\/li><li style=\"font-weight: 400;\" aria-level=\"1\"><span style=\"font-weight: 400;\">Check-out: bis 10:00 Uhr<\/span><\/li><\/ul>\t\t\t\t\t\t<\/div>\n\t\t\t\t<\/div>\n\t\t\t\t\t<\/div>\n\t\t\t\t<\/div>\n\t\t<div id=\"e-n-tab-content-805066963\" role=\"tabpanel\" aria-labelledby=\"e-n-tab-title-805066963\" data-tab-index=\"3\" style=\"--n-tabs-title-order: 3;\" class=\"elementor-element elementor-element-014b6d9 e-flex e-con-boxed e-con e-child\" data-id=\"014b6d9\" data-element_type=\"container\">\n\t\t\t\t\t<div class=\"e-con-inner\">\n\t\t\t\t<div class=\"elementor-element elementor-element-3334697 elementor-widget elementor-widget-text-editor\" data-id=\"3334697\" data-element_type=\"widget\" data-widget_type=\"text-editor.default\">\n\t\t\t\t<div class=\"elementor-widget-container\">\n\t\t\t\t\t\t\t<ul><li style=\"font-weight: 400;\" aria-level=\"1\"><b>Appartement pro Nacht (1 Person):<\/b><span style=\"font-weight: 400;\"> \u20ac60.00<\/span><\/li><\/ul><p><em><span style=\"font-weight: 400;\">Die Preise k\u00f6nnen je nach Anzahl der Personen, \u00dcbernachtungen und Saison variieren.<\/span><span style=\"font-weight: 400;\"><br \/><\/span><span style=\"font-weight: 400;\">Touristensteuer und Tourismusf\u00f6rderungsabgabe sind nicht im Preis inbegriffen.<\/span><\/em><\/p>\t\t\t\t\t\t<\/div>\n\t\t\t\t<\/div>\n\t\t\t\t\t<\/div>\n\t\t\t\t<\/div>\n\t\t\t\t\t<\/div>\n\t\t<\/div>\n\t\t\t\t<\/div>\n\t\t\t\t<\/div>\n\t\t\t\t<\/div>\n\t\t<div class=\"elementor-element elementor-element-fd975c8 e-con-full e-flex e-con e-child\" data-id=\"fd975c8\" data-element_type=\"container\" data-settings=\"{&quot;sticky&quot;:&quot;top&quot;,&quot;sticky_offset&quot;:10,&quot;sticky_parent&quot;:&quot;yes&quot;,&quot;sticky_on&quot;:[&quot;desktop&quot;,&quot;tablet&quot;,&quot;mobile&quot;],&quot;sticky_effects_offset&quot;:0,&quot;sticky_anchor_link_offset&quot;:0}\">\n\t\t\t\t<div class=\"elementor-element elementor-element-c5ee83a elementor-widget__width-inherit elementor-widget-mobile__width-inherit   elementor-widget elementor-widget-heading\" data-id=\"c5ee83a\" data-element_type=\"widget\" data-widget_type=\"heading.default\">\n\t\t\t\t<div class=\"elementor-widget-container\">\n\t\t\t<h2 class=\"elementor-heading-title elementor-size-default\">Anfrage senden:<\/h2>\t\t<\/div>\n\t\t\t\t<\/div>\n\t\t\t\t<div class=\"elementor-element elementor-element-41fc2c9 elementor-button-align-stretch elementor-widget elementor-widget-form\" data-id=\"41fc2c9\" data-element_type=\"widget\" data-settings=\"{&quot;step_next_label&quot;:&quot;Next&quot;,&quot;step_previous_label&quot;:&quot;Previous&quot;,&quot;button_width&quot;:&quot;100&quot;,&quot;step_type&quot;:&quot;number_text&quot;,&quot;step_icon_shape&quot;:&quot;circle&quot;}\" data-widget_type=\"form.default\">\n\t\t\t\t<div class=\"elementor-widget-container\">\n\t\t\t\t\t<form class=\"elementor-form\" method=\"post\" name=\"New Form\" action=\"\">\n\t\t\t<input type=\"hidden\" name=\"post_id\" value=\"1265\"\/>\n\t\t\t<input type=\"hidden\" name=\"form_id\" value=\"41fc2c9\"\/>\n\t\t\t<input type=\"hidden\" name=\"referer_title\" value=\"\" \/>\n\n\t\t\t\n\t\t\t<div class=\"elementor-form-fields-wrapper elementor-labels-above\">\n\t\t\t\t\t\t\t\t<div class=\"elementor-field-type-text elementor-field-group elementor-column elementor-field-group-name elementor-col-100\">\n\t\t\t\t\t\t\t\t\t\t\t\t<label for=\"form-field-name\" class=\"elementor-field-label\">\n\t\t\t\t\t\t\t\tName\t\t\t\t\t\t\t<\/label>\n\t\t\t\t\t\t\t\t\t\t\t\t\t\t<input size=\"1\" type=\"text\" name=\"form_fields[name]\" id=\"form-field-name\" class=\"elementor-field elementor-size-sm  elementor-field-textual\" placeholder=\"Name\">\n\t\t\t\t\t\t\t\t\t\t\t<\/div>\n\t\t\t\t\t\t\t\t<div class=\"elementor-field-type-email elementor-field-group elementor-column elementor-field-group-email elementor-col-100 elementor-field-required\">\n\t\t\t\t\t\t\t\t\t\t\t\t<label for=\"form-field-email\" class=\"elementor-field-label\">\n\t\t\t\t\t\t\t\tE-Mail\t\t\t\t\t\t\t<\/label>\n\t\t\t\t\t\t\t\t\t\t\t\t\t\t<input size=\"1\" type=\"email\" name=\"form_fields[email]\" id=\"form-field-email\" class=\"elementor-field elementor-size-sm  elementor-field-textual\" placeholder=\"E-Mail\" required=\"required\" aria-required=\"true\">\n\t\t\t\t\t\t\t\t\t\t\t<\/div>\n\t\t\t\t\t\t\t\t<div class=\"elementor-field-type-textarea elementor-field-group elementor-column elementor-field-group-message elementor-col-100\">\n\t\t\t\t\t\t\t\t\t\t\t\t<label for=\"form-field-message\" class=\"elementor-field-label\">\n\t\t\t\t\t\t\t\tNachricht\t\t\t\t\t\t\t<\/label>\n\t\t\t\t\t\t<textarea class=\"elementor-field-textual elementor-field  elementor-size-sm\" name=\"form_fields[message]\" id=\"form-field-message\" rows=\"4\" placeholder=\"Nachricht\"><\/textarea>\t\t\t\t<\/div>\n\t\t\t\t\t\t\t\t<div class=\"elementor-field-group elementor-column elementor-field-type-submit elementor-col-100 e-form__buttons\">\n\t\t\t\t\t<button class=\"elementor-button elementor-size-sm\" type=\"submit\">\n\t\t\t\t\t\t<span class=\"elementor-button-content-wrapper\">\n\t\t\t\t\t\t\t\t\t\t\t\t\t\t\t\t\t\t\t\t\t\t<span class=\"elementor-button-text\">Senden<\/span>\n\t\t\t\t\t\t\t\t\t\t\t\t\t<\/span>\n\t\t\t\t\t<\/button>\n\t\t\t\t<\/div>\n\t\t\t<\/div>\n\t\t<input type=\"hidden\" name=\"trp-form-language\" value=\"de\"\/><\/form>\n\t\t\t\t<\/div>\n\t\t\t\t<\/div>\n\t\t\t\t<\/div>\n\t\t\t\t\t<\/div>\n\t\t\t\t<\/div>\n\t\t<div class=\"elementor-element elementor-element-900a732   e-flex e-con-boxed e-con e-parent\" data-id=\"900a732\" data-element_type=\"container\">\n\t\t\t\t\t<div class=\"e-con-inner\">\n\t\t\t\t<div class=\"elementor-element elementor-element-bbd75c4 elementor-widget__width-inherit elementor-widget-mobile__width-inherit   elementor-widget elementor-widget-heading\" data-id=\"bbd75c4\" data-element_type=\"widget\" data-widget_type=\"heading.default\">\n\t\t\t\t<div class=\"elementor-widget-container\">\n\t\t\t<h2 class=\"elementor-heading-title elementor-size-default\">\u00c4hnliche Angebote<\/h2>\t\t<\/div>\n\t\t\t\t<\/div>\n\t\t<div class=\"elementor-element elementor-element-84b7666   e-con-full e-flex e-con e-child\" data-id=\"84b7666\" data-element_type=\"container\">\n\t\t\t\t<div class=\"elementor-element elementor-element-68fe61a elementor-widget__width-initial elementor-widget-mobile__width-inherit   elementor-position-top elementor-widget elementor-widget-image-box\" data-id=\"68fe61a\" data-element_type=\"widget\" data-widget_type=\"image-box.default\">\n\t\t\t\t<div class=\"elementor-widget-container\">\n\t\t\t<div class=\"elementor-image-box-wrapper\"><figure class=\"elementor-image-box-img\"><a href=\"https:\/\/www.tourismslovenia.eu\/de\/ita-rinas-house\/genyk-apartment\/\" tabindex=\"-1\"><img decoding=\"async\" width=\"600\" height=\"413\" src=\"https:\/\/www.tourismslovenia.eu\/wp-content\/uploads\/2025\/04\/genyk1-600x413-1.jpg\" class=\"attachment-full size-full wp-image-1245\" alt=\"\" srcset=\"https:\/\/www.tourismslovenia.eu\/wp-content\/uploads\/2025\/04\/genyk1-600x413-1.jpg 600w, https:\/\/www.tourismslovenia.eu\/wp-content\/uploads\/2025\/04\/genyk1-600x413-1-300x207.jpg 300w\" sizes=\"(max-width: 600px) 100vw, 600px\" \/><\/a><\/figure><div class=\"elementor-image-box-content\"><h3 class=\"elementor-image-box-title\"><a href=\"https:\/\/www.tourismslovenia.eu\/de\/ita-rinas-house\/genyk-apartment\/\">\"Genyk\" Apartment<\/a><\/h3><p class=\"elementor-image-box-description\">Ein gem\u00fctliches Maisonette-Apartment, ideal f\u00fcr Paare, mit einem charmanten Au\u00dfenbalkon. Perfekt zum Entspannen in ruhiger Bergumgebung.<br>\n<a href=\"https:\/\/www.tourismslovenia.eu\/de\/ita-rinas-house\/genyk-apartment\/\" class=\"custom-button\">Mehr erfahren &gt;<\/a><\/p><\/div><\/div>\t\t<\/div>\n\t\t\t\t<\/div>\n\t\t\t\t<div class=\"elementor-element elementor-element-ce281b6 elementor-widget__width-initial elementor-widget-mobile__width-inherit   elementor-position-top elementor-widget elementor-widget-image-box\" data-id=\"ce281b6\" data-element_type=\"widget\" data-widget_type=\"image-box.default\">\n\t\t\t\t<div class=\"elementor-widget-container\">\n\t\t\t<div class=\"elementor-image-box-wrapper\"><figure class=\"elementor-image-box-img\"><a href=\"https:\/\/www.tourismslovenia.eu\/de\/the-green-house\/green-apartment\/\" tabindex=\"-1\"><img decoding=\"async\" width=\"1024\" height=\"576\" src=\"https:\/\/www.tourismslovenia.eu\/wp-content\/uploads\/2025\/04\/2green1.jpg\" class=\"attachment-full size-full wp-image-1296\" alt=\"\" srcset=\"https:\/\/www.tourismslovenia.eu\/wp-content\/uploads\/2025\/04\/2green1.jpg 1024w, https:\/\/www.tourismslovenia.eu\/wp-content\/uploads\/2025\/04\/2green1-300x169.jpg 300w, https:\/\/www.tourismslovenia.eu\/wp-content\/uploads\/2025\/04\/2green1-768x432.jpg 768w, https:\/\/www.tourismslovenia.eu\/wp-content\/uploads\/2025\/04\/2green1-600x338.jpg 600w\" sizes=\"(max-width: 1024px) 100vw, 1024px\" \/><\/a><\/figure><div class=\"elementor-image-box-content\"><h3 class=\"elementor-image-box-title\"><a href=\"https:\/\/www.tourismslovenia.eu\/de\/the-green-house\/green-apartment\/\">Green Apartment<\/a><\/h3><p class=\"elementor-image-box-description\">Dachgeschoss-Apartment mit zwei Doppelzimmern, einer K\u00fcche und einem Badezimmer. Sanfte Gr\u00fcnt\u00f6ne verleihen ihm eine ruhige Atmosph\u00e4re.\n \n<br><br>\n<a href=\"https:\/\/www.tourismslovenia.eu\/de\/the-green-house\/green-apartment\/\" class=\"custom-button\">Mehr erfahren &gt;<\/a>\n<\/p><\/div><\/div>\t\t<\/div>\n\t\t\t\t<\/div>\n\t\t\t\t<div class=\"elementor-element elementor-element-5c22bd5 elementor-widget__width-initial elementor-widget-mobile__width-inherit   elementor-position-top elementor-widget elementor-widget-image-box\" data-id=\"5c22bd5\" data-element_type=\"widget\" data-widget_type=\"image-box.default\">\n\t\t\t\t<div class=\"elementor-widget-container\">\n\t\t\t<div class=\"elementor-image-box-wrapper\"><figure class=\"elementor-image-box-img\"><a href=\"https:\/\/www.tourismslovenia.eu\/de\/bovec-holiday-house\/pink-double-room\/\" tabindex=\"-1\"><img loading=\"lazy\" decoding=\"async\" width=\"1024\" height=\"683\" src=\"https:\/\/www.tourismslovenia.eu\/wp-content\/uploads\/2025\/04\/4pink33.png\" class=\"attachment-full size-full wp-image-1106\" alt=\"\" srcset=\"https:\/\/www.tourismslovenia.eu\/wp-content\/uploads\/2025\/04\/4pink33.png 1024w, https:\/\/www.tourismslovenia.eu\/wp-content\/uploads\/2025\/04\/4pink33-300x200.png 300w, https:\/\/www.tourismslovenia.eu\/wp-content\/uploads\/2025\/04\/4pink33-768x512.png 768w, https:\/\/www.tourismslovenia.eu\/wp-content\/uploads\/2025\/04\/4pink33-600x400.png 600w\" sizes=\"(max-width: 1024px) 100vw, 1024px\" \/><\/a><\/figure><div class=\"elementor-image-box-content\"><h3 class=\"elementor-image-box-title\"><a href=\"https:\/\/www.tourismslovenia.eu\/de\/bovec-holiday-house\/pink-double-room\/\">Pink Double Room<\/a><\/h3><p class=\"elementor-image-box-description\">Dieses Zimmer im Dachgeschoss bietet einen herrlichen Blick auf den Svinjak, das Wahrzeichen von Bovec. Es ist mit einer Kommode mit Spiegel ausgestattet, was seinen gem\u00fctlichen Charme unterstreicht. <br><br>\n<a href=\"https:\/\/www.tourismslovenia.eu\/de\/bovec-holiday-house\/pink-double-room\/\" class=\"custom-button\">Mehr erfahren &gt;<\/a>\n<\/p><\/div><\/div>\t\t<\/div>\n\t\t\t\t<\/div>\n\t\t\t\t<\/div>\n\t\t\t\t\t<\/div>\n\t\t\t\t<\/div>\n\t\t\t\t<\/div>","protected":false},"excerpt":{"rendered":"<p>Ita Rina\u2019s Apartment Description Overview Pricing Ita Rina\u2019s Apartment is a spacious upper-floor apartment located in a historical house in the center of Bovec. It accommodates up to 6 guests and includes two large double bedrooms, a fully equipped kitchen, a dining and living area, and an indoor balcony. The house was once home to [&hellip;]<\/p>","protected":false},"author":3,"featured_media":0,"parent":1256,"menu_order":0,"comment_status":"closed","ping_status":"draft","template":"elementor_header_footer","meta":{"footnotes":""},"class_list":["post-1265","page","type-page","status-publish","hentry"],"_links":{"self":[{"href":"https:\/\/www.tourismslovenia.eu\/de\/wp-json\/wp\/v2\/pages\/1265","targetHints":{"allow":["GET"]}}],"collection":[{"href":"https:\/\/www.tourismslovenia.eu\/de\/wp-json\/wp\/v2\/pages"}],"about":[{"href":"https:\/\/www.tourismslovenia.eu\/de\/wp-json\/wp\/v2\/types\/page"}],"author":[{"embeddable":true,"href":"https:\/\/www.tourismslovenia.eu\/de\/wp-json\/wp\/v2\/users\/3"}],"replies":[{"embeddable":true,"href":"https:\/\/www.tourismslovenia.eu\/de\/wp-json\/wp\/v2\/comments?post=1265"}],"version-history":[{"count":31,"href":"https:\/\/www.tourismslovenia.eu\/de\/wp-json\/wp\/v2\/pages\/1265\/revisions"}],"predecessor-version":[{"id":3046,"href":"https:\/\/www.tourismslovenia.eu\/de\/wp-json\/wp\/v2\/pages\/1265\/revisions\/3046"}],"up":[{"embeddable":true,"href":"https:\/\/www.tourismslovenia.eu\/de\/wp-json\/wp\/v2\/pages\/1256"}],"wp:attachment":[{"href":"https:\/\/www.tourismslovenia.eu\/de\/wp-json\/wp\/v2\/media?parent=1265"}],"curies":[{"name":"wp","href":"https:\/\/api.w.org\/{rel}","templated":true}]}}