{"id":1256,"date":"2025-04-08T20:04:57","date_gmt":"2025-04-08T20:04:57","guid":{"rendered":"https:\/\/www.tourismslovenia.eu\/?page_id=1256"},"modified":"2025-05-12T15:55:36","modified_gmt":"2025-05-12T15:55:36","slug":"ita-rinas-house","status":"publish","type":"page","link":"https:\/\/www.tourismslovenia.eu\/de\/ita-rinas-house\/","title":{"rendered":"ITA Rina&#8217;s House"},"content":{"rendered":"<div data-elementor-type=\"wp-post\" data-elementor-id=\"1256\" class=\"elementor elementor-1256\" data-elementor-post-type=\"page\">\n\t\t\t\t<div class=\"elementor-element elementor-element-9b2ef2c e-flex e-con-boxed e-con e-parent\" data-id=\"9b2ef2c\" data-element_type=\"container\">\n\t\t\t\t\t<div class=\"e-con-inner\">\n\t\t\t\t<div class=\"elementor-element elementor-element-f5e3343 elementor-widget__width-initial elementor-widget elementor-widget-image\" data-id=\"f5e3343\" data-element_type=\"widget\" data-widget_type=\"image.default\">\n\t\t\t\t<div class=\"elementor-widget-container\">\n\t\t\t\t\t\t\t\t\t\t\t\t\t<img fetchpriority=\"high\" decoding=\"async\" width=\"640\" height=\"427\" src=\"https:\/\/www.tourismslovenia.eu\/wp-content\/uploads\/2025\/04\/resized_image.png\" class=\"attachment-large size-large wp-image-1243\" alt=\"\" srcset=\"https:\/\/www.tourismslovenia.eu\/wp-content\/uploads\/2025\/04\/resized_image.png 1024w, https:\/\/www.tourismslovenia.eu\/wp-content\/uploads\/2025\/04\/resized_image-300x200.png 300w, https:\/\/www.tourismslovenia.eu\/wp-content\/uploads\/2025\/04\/resized_image-768x512.png 768w, https:\/\/www.tourismslovenia.eu\/wp-content\/uploads\/2025\/04\/resized_image-600x400.png 600w\" sizes=\"(max-width: 640px) 100vw, 640px\" \/>\t\t\t\t\t\t\t\t\t\t\t\t\t<\/div>\n\t\t\t\t<\/div>\n\t\t\t\t<div class=\"elementor-element elementor-element-7dcbd67 elementor-widget elementor-widget-gallery\" data-id=\"7dcbd67\" data-element_type=\"widget\" data-settings=\"{&quot;gallery_layout&quot;:&quot;justified&quot;,&quot;ideal_row_height&quot;:{&quot;unit&quot;:&quot;px&quot;,&quot;size&quot;:133,&quot;sizes&quot;:[]},&quot;_animation&quot;:&quot;none&quot;,&quot;ideal_row_height_tablet&quot;:{&quot;unit&quot;:&quot;px&quot;,&quot;size&quot;:150,&quot;sizes&quot;:[]},&quot;ideal_row_height_mobile&quot;:{&quot;unit&quot;:&quot;px&quot;,&quot;size&quot;:150,&quot;sizes&quot;:[]},&quot;gap&quot;:{&quot;unit&quot;:&quot;px&quot;,&quot;size&quot;:10,&quot;sizes&quot;:[]},&quot;gap_tablet&quot;:{&quot;unit&quot;:&quot;px&quot;,&quot;size&quot;:10,&quot;sizes&quot;:[]},&quot;gap_mobile&quot;:{&quot;unit&quot;:&quot;px&quot;,&quot;size&quot;:10,&quot;sizes&quot;:[]},&quot;link_to&quot;:&quot;file&quot;,&quot;overlay_background&quot;:&quot;yes&quot;,&quot;content_hover_animation&quot;:&quot;fade-in&quot;}\" data-widget_type=\"gallery.default\">\n\t\t\t\t<div class=\"elementor-widget-container\">\n\t\t\t\t\t<div class=\"elementor-gallery__container\">\n\t\t\t\t\t\t\t<a class=\"e-gallery-item elementor-gallery-item elementor-animated-content\" href=\"https:\/\/www.tourismslovenia.eu\/wp-content\/uploads\/2025\/04\/genyk1-600x413-1.jpg\" data-elementor-open-lightbox=\"yes\" data-elementor-lightbox-slideshow=\"7dcbd67\" data-elementor-lightbox-title=\"genyk1-600x413\" data-e-action-hash=\"#elementor-action%3Aaction%3Dlightbox%26settings%3DeyJpZCI6MTI0NSwidXJsIjoiaHR0cHM6XC9cL3d3dy50b3VyaXNtc2xvdmVuaWEuZXVcL3dwLWNvbnRlbnRcL3VwbG9hZHNcLzIwMjVcLzA0XC9nZW55azEtNjAweDQxMy0xLmpwZyIsInNsaWRlc2hvdyI6IjdkY2JkNjcifQ%3D%3D\">\n\t\t\t\t\t<div class=\"e-gallery-image elementor-gallery-item__image\" data-thumbnail=\"https:\/\/www.tourismslovenia.eu\/wp-content\/uploads\/2025\/04\/genyk1-600x413-1-300x207.jpg\" data-width=\"300\" data-height=\"207\" aria-label=\"\" role=\"img\" ><\/div>\n\t\t\t\t\t\t\t\t\t\t\t<div class=\"elementor-gallery-item__overlay\"><\/div>\n\t\t\t\t\t\t\t\t\t\t\t\t\t\t<\/a>\n\t\t\t\t\t\t\t<a class=\"e-gallery-item elementor-gallery-item elementor-animated-content\" href=\"https:\/\/www.tourismslovenia.eu\/wp-content\/uploads\/2025\/04\/4-dnevna-ita-rina-600x450-1.jpg\" data-elementor-open-lightbox=\"yes\" data-elementor-lightbox-slideshow=\"7dcbd67\" data-elementor-lightbox-title=\"4-dnevna-ita-rina-600x450\" data-e-action-hash=\"#elementor-action%3Aaction%3Dlightbox%26settings%3DeyJpZCI6MTI0NiwidXJsIjoiaHR0cHM6XC9cL3d3dy50b3VyaXNtc2xvdmVuaWEuZXVcL3dwLWNvbnRlbnRcL3VwbG9hZHNcLzIwMjVcLzA0XC80LWRuZXZuYS1pdGEtcmluYS02MDB4NDUwLTEuanBnIiwic2xpZGVzaG93IjoiN2RjYmQ2NyJ9\">\n\t\t\t\t\t<div class=\"e-gallery-image elementor-gallery-item__image\" data-thumbnail=\"https:\/\/www.tourismslovenia.eu\/wp-content\/uploads\/2025\/04\/4-dnevna-ita-rina-600x450-1-300x225.jpg\" data-width=\"300\" data-height=\"225\" aria-label=\"\" role=\"img\" ><\/div>\n\t\t\t\t\t\t\t\t\t\t\t<div class=\"elementor-gallery-item__overlay\"><\/div>\n\t\t\t\t\t\t\t\t\t\t\t\t\t\t<\/a>\n\t\t\t\t\t<\/div>\n\t\t\t<\/div>\n\t\t\t\t<\/div>\n\t\t\t\t\t<\/div>\n\t\t\t\t<\/div>\n\t\t<div class=\"elementor-element elementor-element-561d74e e-flex e-con-boxed e-con e-parent\" data-id=\"561d74e\" data-element_type=\"container\">\n\t\t\t\t\t<div class=\"e-con-inner\">\n\t\t<div class=\"elementor-element elementor-element-850ee21 e-con-full e-flex e-con e-child\" data-id=\"850ee21\" data-element_type=\"container\">\n\t\t\t\t<div class=\"elementor-element elementor-element-9230867 elementor-widget__width-inherit elementor-widget-mobile__width-inherit   elementor-widget elementor-widget-heading\" data-id=\"9230867\" data-element_type=\"widget\" data-widget_type=\"heading.default\">\n\t\t\t\t<div class=\"elementor-widget-container\">\n\t\t\t<h2 class=\"elementor-heading-title elementor-size-default\">ITA Rina's House<\/h2>\t\t<\/div>\n\t\t\t\t<\/div>\n\t\t\t\t<div class=\"elementor-element elementor-element-cf4e49a elementor-widget__width-inherit elementor-widget-mobile__width-inherit   elementor-widget elementor-widget-heading\" data-id=\"cf4e49a\" data-element_type=\"widget\" data-widget_type=\"heading.default\">\n\t\t\t\t<div class=\"elementor-widget-container\">\n\t\t\t<h2 class=\"elementor-heading-title elementor-size-default\">Preise<\/h2>\t\t<\/div>\n\t\t\t\t<\/div>\n\t\t\t\t<div class=\"elementor-element elementor-element-0fd421b elementor-widget elementor-widget-text-editor\" data-id=\"0fd421b\" data-element_type=\"widget\" data-widget_type=\"text-editor.default\">\n\t\t\t\t<div class=\"elementor-widget-container\">\n\t\t\t\t\t\t\t<ul><li style=\"font-weight: 400;\" aria-level=\"1\"><b>Appartement pro Nacht (1 Person):<\/b><span style=\"font-weight: 400;\"> \u20ac60.00<\/span><\/li><\/ul><p><em><span style=\"font-weight: 400;\">Die Preise k\u00f6nnen je nach Anzahl der Personen, \u00dcbernachtungen und Saison variieren.<\/span><span style=\"font-weight: 400;\"><br \/><\/span><span style=\"font-weight: 400;\">Touristensteuer und Tourismusf\u00f6rderungsabgabe sind nicht im Preis inbegriffen.<\/span><\/em><\/p>\t\t\t\t\t\t<\/div>\n\t\t\t\t<\/div>\n\t\t\t\t<div class=\"elementor-element elementor-element-25c9739 elementor-widget__width-inherit elementor-widget-mobile__width-inherit   elementor-widget elementor-widget-heading\" data-id=\"25c9739\" data-element_type=\"widget\" data-widget_type=\"heading.default\">\n\t\t\t\t<div class=\"elementor-widget-container\">\n\t\t\t<h2 class=\"elementor-heading-title elementor-size-default\">Beschreibung<\/h2>\t\t<\/div>\n\t\t\t\t<\/div>\n\t\t\t\t<div class=\"elementor-element elementor-element-a6006a9 elementor-widget elementor-widget-text-editor\" data-id=\"a6006a9\" data-element_type=\"widget\" data-widget_type=\"text-editor.default\">\n\t\t\t\t<div class=\"elementor-widget-container\">\n\t\t\t\t\t\t\t<p><span style=\"font-weight: 400;\">Ita Rinas Haus ist ein traditionelles Wohnhaus in Bovec, das sich in der N\u00e4he des alten Stadtzentrums befindet und einen ruhigen R\u00fcckzugsort nur eine Minute von lokalen Restaurants und Gesch\u00e4ften entfernt bietet. Das Grundst\u00fcck verf\u00fcgt \u00fcber einen friedlichen Garten mit einer nat\u00fcrlichen Bergquelle, die in einen Teich flie\u00dft \u2013 ein idyllischer Ort mit herrlichem Bergblick. G\u00e4ste k\u00f6nnen sich auf Schaukelsitzen oder in H\u00e4ngematten unter den B\u00e4umen entspannen. Das Haus besteht aus zwei Apartments: Das n\u00f6rdliche, zweigeschossige Apartment bietet Platz f\u00fcr bis zu zwei Personen, w\u00e4hrend das s\u00fcdliche, dreigeschossige Apartment bis zu sechs G\u00e4ste beherbergen kann. F\u00fcr gr\u00f6\u00dfere Gruppen kann das gesamte Haus gebucht werden \u2013 es bietet Platz f\u00fcr bis zu 12 Personen mit zus\u00e4tzlichen Schlafsofas in jedem Apartment.<\/span><\/p><p><b>Adresse:<\/b><span style=\"font-weight: 400;\"> Klanc 21, 5230 Bovec, Slovenia<\/span><span style=\"font-weight: 400;\"><br \/><\/span><b>Empfangsadresse:<\/b><span style=\"font-weight: 400;\"> Brdo 54, 5230 Bovec, Slovenia<\/span><\/p>\t\t\t\t\t\t<\/div>\n\t\t\t\t<\/div>\n\t\t\t\t<div class=\"elementor-element elementor-element-1c3774c elementor-widget__width-inherit elementor-widget-mobile__width-inherit   elementor-widget elementor-widget-heading\" data-id=\"1c3774c\" data-element_type=\"widget\" data-widget_type=\"heading.default\">\n\t\t\t\t<div class=\"elementor-widget-container\">\n\t\t\t<h2 class=\"elementor-heading-title elementor-size-default\">Ferienwohnungen<\/h2>\t\t<\/div>\n\t\t\t\t<\/div>\n\t\t<div class=\"elementor-element elementor-element-b6f1b6c e-con-full   e-flex e-con e-child\" data-id=\"b6f1b6c\" data-element_type=\"container\">\n\t\t\t\t<div class=\"elementor-element elementor-element-21de62d elementor-widget__width-initial elementor-widget-mobile__width-inherit   elementor-position-top elementor-widget elementor-widget-image-box\" data-id=\"21de62d\" data-element_type=\"widget\" data-widget_type=\"image-box.default\">\n\t\t\t\t<div class=\"elementor-widget-container\">\n\t\t\t<div class=\"elementor-image-box-wrapper\"><figure class=\"elementor-image-box-img\"><a href=\"https:\/\/www.tourismslovenia.eu\/de\/ita-rinas-house\/ita-rinas-apartment\/\" tabindex=\"-1\"><img decoding=\"async\" width=\"600\" height=\"450\" src=\"https:\/\/www.tourismslovenia.eu\/wp-content\/uploads\/2025\/04\/4-dnevna-ita-rina-600x450-1.jpg\" class=\"attachment-full size-full wp-image-1246\" alt=\"\" srcset=\"https:\/\/www.tourismslovenia.eu\/wp-content\/uploads\/2025\/04\/4-dnevna-ita-rina-600x450-1.jpg 600w, https:\/\/www.tourismslovenia.eu\/wp-content\/uploads\/2025\/04\/4-dnevna-ita-rina-600x450-1-300x225.jpg 300w\" sizes=\"(max-width: 600px) 100vw, 600px\" \/><\/a><\/figure><div class=\"elementor-image-box-content\"><h3 class=\"elementor-image-box-title\"><a href=\"https:\/\/www.tourismslovenia.eu\/de\/ita-rinas-house\/ita-rinas-apartment\/\">Ita Rina\u2019s Apartment<\/a><\/h3><p class=\"elementor-image-box-description\">Ger\u00e4umiges Apartment f\u00fcr bis zu sechs G\u00e4ste mit voll ausgestatteter K\u00fcche und zwei gro\u00dfen Schlafzimmern. Original handgefertigte M\u00f6bel verleihen dem Raum einen Hauch von Geschichte und Charme. \n<br><br>\n<a href=\"https:\/\/www.tourismslovenia.eu\/de\/ita-rinas-house\/ita-rinas-apartment\/\" class=\"custom-button\">Mehr erfahren &gt;<\/a>\n<\/p><\/div><\/div>\t\t<\/div>\n\t\t\t\t<\/div>\n\t\t\t\t<div class=\"elementor-element elementor-element-79e0d22 elementor-widget__width-initial elementor-widget-mobile__width-inherit   elementor-position-top elementor-widget elementor-widget-image-box\" data-id=\"79e0d22\" data-element_type=\"widget\" data-widget_type=\"image-box.default\">\n\t\t\t\t<div class=\"elementor-widget-container\">\n\t\t\t<div class=\"elementor-image-box-wrapper\"><figure class=\"elementor-image-box-img\"><a href=\"https:\/\/www.tourismslovenia.eu\/de\/ita-rinas-house\/genyk-apartment\/\" tabindex=\"-1\"><img decoding=\"async\" width=\"600\" height=\"413\" src=\"https:\/\/www.tourismslovenia.eu\/wp-content\/uploads\/2025\/04\/genyk1-600x413-1.jpg\" class=\"attachment-full size-full wp-image-1245\" alt=\"\" srcset=\"https:\/\/www.tourismslovenia.eu\/wp-content\/uploads\/2025\/04\/genyk1-600x413-1.jpg 600w, https:\/\/www.tourismslovenia.eu\/wp-content\/uploads\/2025\/04\/genyk1-600x413-1-300x207.jpg 300w\" sizes=\"(max-width: 600px) 100vw, 600px\" \/><\/a><\/figure><div class=\"elementor-image-box-content\"><h3 class=\"elementor-image-box-title\"><a href=\"https:\/\/www.tourismslovenia.eu\/de\/ita-rinas-house\/genyk-apartment\/\">\"Genyk\" Apartment<\/a><\/h3><p class=\"elementor-image-box-description\">Ein gem\u00fctliches Maisonette-Apartment, ideal f\u00fcr Paare, mit einem charmanten Au\u00dfenbalkon. Perfekt zum Entspannen in ruhiger Bergumgebung.<br>\n<a href=\"https:\/\/www.tourismslovenia.eu\/de\/ita-rinas-house\/genyk-apartment\/\" class=\"custom-button\">Mehr erfahren &gt;<\/a><\/p><\/div><\/div>\t\t<\/div>\n\t\t\t\t<\/div>\n\t\t\t\t<\/div>\n\t\t\t\t<\/div>\n\t\t\t\t\t<\/div>\n\t\t\t\t<\/div>\n\t\t<div class=\"elementor-element elementor-element-900a732   e-flex e-con-boxed e-con e-parent\" data-id=\"900a732\" data-element_type=\"container\">\n\t\t\t\t\t<div class=\"e-con-inner\">\n\t\t\t\t<div class=\"elementor-element elementor-element-bbd75c4 elementor-widget__width-inherit elementor-widget-mobile__width-inherit   elementor-widget elementor-widget-heading\" data-id=\"bbd75c4\" data-element_type=\"widget\" data-widget_type=\"heading.default\">\n\t\t\t\t<div class=\"elementor-widget-container\">\n\t\t\t<h2 class=\"elementor-heading-title elementor-size-default\">\u00c4hnliche Angebote<\/h2>\t\t<\/div>\n\t\t\t\t<\/div>\n\t\t<div class=\"elementor-element elementor-element-84b7666   e-con-full e-flex e-con e-child\" data-id=\"84b7666\" data-element_type=\"container\">\n\t\t\t\t<div class=\"elementor-element elementor-element-8c079f4 elementor-widget__width-initial elementor-widget-mobile__width-inherit   elementor-position-top elementor-widget elementor-widget-image-box\" data-id=\"8c079f4\" data-element_type=\"widget\" data-widget_type=\"image-box.default\">\n\t\t\t\t<div class=\"elementor-widget-container\">\n\t\t\t<div class=\"elementor-image-box-wrapper\"><figure class=\"elementor-image-box-img\"><a href=\"https:\/\/www.tourismslovenia.eu\/de\/the-green-house\/\" tabindex=\"-1\"><img loading=\"lazy\" decoding=\"async\" width=\"1536\" height=\"1024\" src=\"https:\/\/www.tourismslovenia.eu\/wp-content\/uploads\/2025\/04\/green-gouse.png\" class=\"attachment-full size-full wp-image-1286\" alt=\"\" srcset=\"https:\/\/www.tourismslovenia.eu\/wp-content\/uploads\/2025\/04\/green-gouse.png 1536w, https:\/\/www.tourismslovenia.eu\/wp-content\/uploads\/2025\/04\/green-gouse-300x200.png 300w, https:\/\/www.tourismslovenia.eu\/wp-content\/uploads\/2025\/04\/green-gouse-1024x683.png 1024w, https:\/\/www.tourismslovenia.eu\/wp-content\/uploads\/2025\/04\/green-gouse-768x512.png 768w, https:\/\/www.tourismslovenia.eu\/wp-content\/uploads\/2025\/04\/green-gouse-600x400.png 600w\" sizes=\"(max-width: 1536px) 100vw, 1536px\" \/><\/a><\/figure><div class=\"elementor-image-box-content\"><h3 class=\"elementor-image-box-title\"><a href=\"https:\/\/www.tourismslovenia.eu\/de\/the-green-house\/\">The GREEN House<\/a><\/h3><p class=\"elementor-image-box-description\">Du kannst das Apartment nicht verfehlen, da es sich direkt an der Hauptstra\u00dfe befindet und eine beeindruckende Fassade hat, die an die einzigartige Farbe des So\u010da-Flusses erinnert.\n<br><br>\n<a href=\"\/de\/the-green-house\/\" class=\"custom-button\">Mehr erfahren &gt;<\/a><\/p><\/div><\/div>\t\t<\/div>\n\t\t\t\t<\/div>\n\t\t\t\t<div class=\"elementor-element elementor-element-f556d8a elementor-widget__width-initial elementor-widget-mobile__width-inherit   elementor-position-top elementor-widget elementor-widget-image-box\" data-id=\"f556d8a\" data-element_type=\"widget\" data-widget_type=\"image-box.default\">\n\t\t\t\t<div class=\"elementor-widget-container\">\n\t\t\t<div class=\"elementor-image-box-wrapper\"><figure class=\"elementor-image-box-img\"><a href=\"https:\/\/www.tourismslovenia.eu\/de\/bovec-holiday-house\/\" tabindex=\"-1\"><img loading=\"lazy\" decoding=\"async\" width=\"1024\" height=\"683\" src=\"https:\/\/www.tourismslovenia.eu\/wp-content\/uploads\/2025\/02\/Bovec-Holiday-House.png\" class=\"attachment-full size-full wp-image-473\" alt=\"\" srcset=\"https:\/\/www.tourismslovenia.eu\/wp-content\/uploads\/2025\/02\/Bovec-Holiday-House.png 1024w, https:\/\/www.tourismslovenia.eu\/wp-content\/uploads\/2025\/02\/Bovec-Holiday-House-300x200.png 300w, https:\/\/www.tourismslovenia.eu\/wp-content\/uploads\/2025\/02\/Bovec-Holiday-House-768x512.png 768w, https:\/\/www.tourismslovenia.eu\/wp-content\/uploads\/2025\/02\/Bovec-Holiday-House-600x400.png 600w\" sizes=\"(max-width: 1024px) 100vw, 1024px\" \/><\/a><\/figure><div class=\"elementor-image-box-content\"><h3 class=\"elementor-image-box-title\"><a href=\"https:\/\/www.tourismslovenia.eu\/de\/bovec-holiday-house\/\">BOVEC Holiday House<\/a><\/h3><p class=\"elementor-image-box-description\">Das ger\u00e4umige Ferienhaus befindet sich in einer wundersch\u00f6nen, gehobenen und ruhigen Gegend, abseits von Hauptstra\u00dfen und Menschenmengen. Dennoch ist alles, was Sie brauchen k\u00f6nnten, nur 5 Gehminuten von der Unterkunft entfernt.<br>\n<a href=\"\/de\/bovec-holiday-house\/\" class=\"custom-button\">Mehr erfahren &gt;<\/a>\n\n\n<\/p><\/div><\/div>\t\t<\/div>\n\t\t\t\t<\/div>\n\t\t\t\t<\/div>\n\t\t\t\t\t<\/div>\n\t\t\t\t<\/div>\n\t\t\t\t<\/div>","protected":false},"excerpt":{"rendered":"<p>ITA Rina&#8217;s House Pricing Apartment per night (1 person): \u20ac60.00 *Prices may vary depending on the number of people, number of nights, and time of the year.Tourist tax and tourism promotion tax are not included in the price. Description Ita Rina\u2019s House is a traditional Bovec residence situated near the old town center, offering a [&hellip;]<\/p>","protected":false},"author":3,"featured_media":0,"parent":0,"menu_order":0,"comment_status":"closed","ping_status":"draft","template":"elementor_header_footer","meta":{"footnotes":""},"class_list":["post-1256","page","type-page","status-publish","hentry"],"_links":{"self":[{"href":"https:\/\/www.tourismslovenia.eu\/de\/wp-json\/wp\/v2\/pages\/1256","targetHints":{"allow":["GET"]}}],"collection":[{"href":"https:\/\/www.tourismslovenia.eu\/de\/wp-json\/wp\/v2\/pages"}],"about":[{"href":"https:\/\/www.tourismslovenia.eu\/de\/wp-json\/wp\/v2\/types\/page"}],"author":[{"embeddable":true,"href":"https:\/\/www.tourismslovenia.eu\/de\/wp-json\/wp\/v2\/users\/3"}],"replies":[{"embeddable":true,"href":"https:\/\/www.tourismslovenia.eu\/de\/wp-json\/wp\/v2\/comments?post=1256"}],"version-history":[{"count":52,"href":"https:\/\/www.tourismslovenia.eu\/de\/wp-json\/wp\/v2\/pages\/1256\/revisions"}],"predecessor-version":[{"id":2444,"href":"https:\/\/www.tourismslovenia.eu\/de\/wp-json\/wp\/v2\/pages\/1256\/revisions\/2444"}],"wp:attachment":[{"href":"https:\/\/www.tourismslovenia.eu\/de\/wp-json\/wp\/v2\/media?parent=1256"}],"curies":[{"name":"wp","href":"https:\/\/api.w.org\/{rel}","templated":true}]}}